{"id":7197,"date":"2025-04-21T07:58:10","date_gmt":"2025-04-21T06:58:10","guid":{"rendered":"https:\/\/fusion19.com\/?page_id=7197"},"modified":"2025-05-22T12:04:53","modified_gmt":"2025-05-22T11:04:53","slug":"avis-legal","status":"publish","type":"page","link":"https:\/\/fusion19.com\/ca\/avis-legal\/","title":{"rendered":"Av\u00eds Legal"},"content":{"rendered":"<div data-elementor-type=\"wp-page\" data-elementor-id=\"7197\" class=\"elementor elementor-7197\" data-elementor-post-type=\"page\">\n\t\t\t\t<div class=\"elementor-element elementor-element-bf6167f e-grid e-con-boxed e-con e-parent\" data-id=\"bf6167f\" data-element_type=\"container\" data-e-type=\"container\" data-settings=\"{&quot;background_background&quot;:&quot;gradient&quot;}\">\n\t\t\t\t\t<div class=\"e-con-inner\">\n\t\t\t\t<div class=\"elementor-element elementor-element-c176487 elementor-widget elementor-widget-heading\" data-id=\"c176487\" data-element_type=\"widget\" data-e-type=\"widget\" data-widget_type=\"heading.default\">\n\t\t\t\t<div class=\"elementor-widget-container\">\n\t\t\t\t\t<h2 class=\"elementor-heading-title elementor-size-default\">AV\u00cdS LEGAL<\/h2>\t\t\t\t<\/div>\n\t\t\t\t<\/div>\n\t\t\t\t<div class=\"elementor-element elementor-element-2b93438 elementor-widget elementor-widget-text-editor\" data-id=\"2b93438\" data-element_type=\"widget\" data-e-type=\"widget\" data-widget_type=\"text-editor.default\">\n\t\t\t\t<div class=\"elementor-widget-container\">\n\t\t\t\t\t\t\t\t\t<h6><span style=\"text-decoration: underline;\">IDENTIFICACI\u00d3 I TITULARITAT<\/span><\/h6><p>En compliment de l&#039;article 10 de la Llei 34\/2002, d&#039;11 de juliol, de serveis de la Societat de la Informaci\u00f3 i Comer\u00e7 Electr\u00f2nic, el Titular exposa les seves dades identificatives:<\/p><ul><li>Titular: AVIJO SL.<\/li><li>NIF: B07611379<\/li><li>Domicili: <a href=\"https:\/\/www.google.com\/maps\/place\/\/data=!4m2!3m1!1s0x12962d22283c2dfb:0x8c07f1b60be70b39?sa=X&amp;ved=1t:8290&amp;ictx=111\">Avda Albufera 23 07458 Platja de Muro.<\/a><\/li><li>Correu electr\u00f2nic: <a href=\"mailto:info@fusion19.com\">info@fusion19.com<\/a><\/li><li>Tel\u00e8fon de contacte: <a href=\"tel:971 89 15 66\">971 89 15 66<\/a><\/li><li>Lloc Web: <a href=\"https:\/\/fusion19.com\/ca\">https:\/\/fusion19.com<\/a><\/li><\/ul><h4>\u00a0<\/h4><h6><span style=\"text-decoration: underline;\">FINALITAT<\/span><\/h6><p>La finalitat del Lloc Web \u00e9s: Informaci\u00f3 sobre el restaurant i venda de Men\u00fas degustaci\u00f3.<\/p><h6><span style=\"text-decoration: underline;\">CONDICIONS D&#039;\u00daS<\/span><\/h6><p>La utilitzaci\u00f3 del Lloc Web us atorga la condici\u00f3 d&#039;Usuari, i implica l&#039;acceptaci\u00f3 completa de totes les cl\u00e0usules i condicions d&#039;\u00fas incloses a les p\u00e0gines:<\/p><ul><li>Av\u00eds Legal<\/li><li>Pol\u00edtica de Privadesa<\/li><li>Pol\u00edtica de Cookies<\/li><\/ul><p>Si no estigueu d&#039;acord amb totes i cadascuna d&#039;aquestes cl\u00e0usules i condicions abstingueu-vos d&#039;utilitzar el Lloc Web.<\/p><p>L&#039;acc\u00e9s al Lloc Web no suposa, de cap manera, l&#039;inici d&#039;una relaci\u00f3 comercial amb el Titular.<\/p><p>A trav\u00e9s del Lloc Web, el Titular us facilita l&#039;acc\u00e9s i la utilitzaci\u00f3 de diversos continguts que el Titular i\/o els seus col\u00b7laboradors han publicat per mitj\u00e0 de<br \/>Internet.<\/p><p>A aquest efecte, est\u00e0 obligat i comprom\u00e8s a NO utilitzar qualsevol dels continguts del Lloc Web amb fins o efectes il\u00b7l\u00edcits, prohibits en aquest Av\u00eds Legal o per la legislaci\u00f3 vigent, lesius dels drets i interessos de tercers, o que de qualsevol manera puguin danyar, inutilitzar, sobrecarregar, deteriorar o impedir la normal utilitzaci\u00f3 dels continguts, els equips inform\u00e0tics propis o contractats pel Titular, altres usuaris o de qualsevol usuari d&#039;Internet.<\/p><p>El Titular es reserva el dret de retirar tots aquells comentaris que vulnerin la legislaci\u00f3 vigent, lesius dels drets o interessos de tercers, o que, a parer seu, no resultin adequats per a la seva publicaci\u00f3.<\/p><p>El Titular no ser\u00e0 responsable de les opinions abocades pels usuaris a trav\u00e9s del sistema de comentaris, xarxes socials o altres eines de participaci\u00f3, d&#039;acord amb el que preveu la normativa aplicable.<\/p><h4>\u00a0<\/h4><h6><span style=\"text-decoration: underline;\">MESURES DE SEGURETAT<\/span><\/h6><p>Les dades personals que faciliti al Titular poden ser emmagatzemades en bases de dades automatitzades o no, la titularitat de les quals correspon en exclusiva al Titular, que assumeix totes les mesures d&#039;\u00edndole t\u00e8cnica, organitzativa i de seguretat que garanteixen la confidencialitat, integritat i qualitat de la informaci\u00f3 continguda en aquestes d&#039;acord amb el que estableix la normativa vigent en protecci\u00f3 de dades.<\/p><p>No obstant aix\u00f2, ha de ser conscient que les mesures de seguretat dels sistemes inform\u00e0tics a Internet no s\u00f3n enterament fiables i que, per tant, el Titular no pot garantir la inexist\u00e8ncia de virus o altres elements que puguin produir alteracions en els sistemes inform\u00e0tics (software i hardware) de l&#039;Usuari o en els seus documents electr\u00f2nics i fitxers continguts en aquests, encara que el Titular hi posa tots els elements nocius.<\/p><h4>\u00a0<\/h4><h6><span style=\"text-decoration: underline;\">TRACTAMENT DE DADES PERSONALS<\/span><\/h6><p>Podeu consultar tota la informaci\u00f3 relativa al tractament de dades personals que recull el Titular a la p\u00e0gina de Pol\u00edtica de Privadesa.<\/p><h4>\u00a0<\/h4><h6><span style=\"text-decoration: underline;\">CONTINGUTS<\/span><\/h6><p>El Titular ha obtingut la informaci\u00f3, el contingut multim\u00e8dia i els materials inclosos al Lloc Web de fonts que considera fiables, per\u00f2, si b\u00e9 ha pres totes les mesures raonables per assegurar que la informaci\u00f3 continguda \u00e9s correcta, el Titular no garanteix que sigui exacta, completa o actualitzada El Titular declina expressament qualsevol responsabilitat per error o omissi\u00f3 a la informaci\u00f3 continguda a les p\u00e0gines.<\/p><p>Queda prohibit transmetre o enviar a trav\u00e9s del Lloc Web qualsevol contingut il\u00b7legal o il\u00b7l\u00edcit, virus inform\u00e0tics, o missatges que, en general, afectin o violin drets del Titular o de tercers.<\/p><p>Els continguts del Lloc Web tenen \u00fanicament una finalitat informativa i en cap circumst\u00e0ncia s&#039;han d&#039;usar ni considerar com a oferta de venda, sol\u00b7licitud d&#039;una oferta de compra ni recomanaci\u00f3 per fer qualsevol altra operaci\u00f3, llevat que aix\u00ed s&#039;indiqui expressament.<\/p><p>El Titular es reserva el dret a modificar, suspendre, cancel\u00b7lar o restringir el contingut del Lloc Web, els enlla\u00e7os o la informaci\u00f3 obtinguda a trav\u00e9s del Lloc Web, sense necessitat de previ av\u00eds.<\/p><p>El Titular no \u00e9s responsable dels danys i perjudicis que poguessin derivar-se de la utilitzaci\u00f3 de la informaci\u00f3 del Lloc Web o de la continguda a les xarxes socials del Titular.<\/p><h4>\u00a0<\/h4><h6><span style=\"text-decoration: underline;\">POL\u00cdTICA DE COOKIES<\/span><\/h6><p>Podeu consultar tota la informaci\u00f3 relativa a la pol\u00edtica de recollida i tractament de les cookies a la p\u00e0gina de Pol\u00edtica de Cookies.<\/p><h6><span style=\"text-decoration: underline;\">ENLLA\u00c7OS A ALTRES LLOCS WEB<\/span><\/h6><p>El Titular pot proporcionar-li acc\u00e9s a llocs web de tercers mitjan\u00e7ant enlla\u00e7os amb la finalitat exclusiva d&#039;informar sobre l&#039;exist\u00e8ncia d&#039;altres fonts d&#039;informaci\u00f3 a Internet on podr\u00e0 ampliar les dades ofertes al Lloc Web.<\/p><p>Aquests enlla\u00e7os a altres llocs web no suposen en cap cas un suggeriment o recomanaci\u00f3 perqu\u00e8 visiteu les p\u00e0gines web de destinaci\u00f3, que estan fora del control del Titular, per la qual cosa el Titular no \u00e9s responsable del contingut dels llocs web vinculats ni del resultat que obtingui en seguir els enlla\u00e7os. Aix\u00ed mateix, el Titular no respon dels links o enlla\u00e7os ubicats als llocs web vinculats als quals li proporciona acc\u00e9s.<\/p><p>L&#039;establiment de l&#039;enlla\u00e7 no implica en cap cas l&#039;exist\u00e8ncia de relacions entre el titular i el propietari del lloc on s&#039;estableixi l&#039;enlla\u00e7, ni l&#039;acceptaci\u00f3 o l&#039;aprovaci\u00f3 per part del titular dels seus continguts o serveis.<\/p><p>Si accediu a un lloc web extern des d&#039;un enlla\u00e7 que trobeu al Lloc Web, heu de llegir la pr\u00f2pia pol\u00edtica de privadesa de l&#039;altre lloc web que pot ser diferent de la d&#039;aquest lloc web.<\/p><h4>\u00a0<\/h4><h6><span style=\"text-decoration: underline;\">PROPIETAT INTEL\u00b7LECTUAL I INDUSTRIAL<\/span><\/h6><p>Tots els drets estan reservats.<\/p><p>Tot acc\u00e9s a aquest Lloc Web est\u00e0 subjecte a les condicions seg\u00fcents: la reproducci\u00f3, emmagatzematge permanent i la difusi\u00f3 dels continguts o qualsevol altre \u00fas que tingui finalitat p\u00fablica o comercial queda expressament prohibida sense el consentiment previ expr\u00e9s i per escrit del Titular.<\/p><h4>\u00a0<\/h4><h6><span style=\"text-decoration: underline;\">LIMITACI\u00d3 DE RESPONSABILITAT<\/span><\/h6><p>La informaci\u00f3 i els serveis inclosos o disponibles a trav\u00e9s del Lloc Web poden incloure incorreccions o errors tipogr\u00e0fics. De forma peri\u00f2dica el Titular incorpora millores i\/o canvis a la informaci\u00f3 continguda i\/o als serveis que pot introduir en qualsevol moment.<\/p><p>El Titular no declara ni garanteix que els serveis o continguts siguin interromputs o que estiguin lliures derrors, que els defectes siguin corregits, o que el servei o el servidor que el posa a disposici\u00f3 estiguin lliures de virus o altres components nocius sense perjudici que el Titular realitza tots els esfor\u00e7os a evitar aquest tipus dincidents.<\/p><p>El Titular declina qualsevol responsabilitat en cas que hi hagi interrupcions o un mal funcionament dels serveis o continguts oferts a Internet, sigui quina sigui la seva causa. Aix\u00ed mateix, el Titular no es fa responsable per caigudes de la xarxa, p\u00e8rdues de negoci a conseq\u00fc\u00e8ncia de les caigudes esmentades, suspensions temporals de fluid el\u00e8ctric o qualsevol altre tipus de dany indirecte que et pugui ser causat per causes alienes al Titular.<\/p><p>Abans de prendre decisions i\/o accions en base a la informaci\u00f3 inclosa al Lloc Web, el Titular us recomana comprovar i contrastar la informaci\u00f3 rebuda amb altres fonts.<\/p><h4>\u00a0<\/h4><h6><span style=\"text-decoration: underline;\">DRET D&#039;EXCLUSI\u00d3<\/span><\/h6><p>El Titular es reserva el dret a denegar o retirar l&#039;acc\u00e9s al Lloc Web i els serveis oferts sense necessitat de preav\u00eds, a inst\u00e0ncia pr\u00f2pia o d&#039;un tercer, a aquells usuaris que incompleixin qualsevol de les condicions d&#039;aquest Av\u00eds Legal.<\/p><h4>\u00a0<\/h4><h6><span style=\"text-decoration: underline;\">JURISDICCI\u00d3<\/span><\/h6><p>Aquest Av\u00eds Legal es regeix \u00edntegrament per la legislaci\u00f3 espanyola.<\/p><h6><span style=\"text-decoration: underline;\">CONTACTE<\/span><\/h6><p>En cas que tingueu qualsevol dubte sobre aquest Av\u00eds Legal o vulgueu realitzar qualsevol comentari sobre el Lloc Web, podeu enviar un missatge de correu electr\u00f2nic a l&#039;adre\u00e7a: <a href=\"mailto:info@fusion19.com\">info@fusion19.com<\/a><\/p>\t\t\t\t\t\t\t\t<\/div>\n\t\t\t\t<\/div>\n\t\t\t\t<div class=\"elementor-element elementor-element-b76b8d8 elementor-widget-divider--view-line elementor-widget elementor-widget-divider\" data-id=\"b76b8d8\" data-element_type=\"widget\" data-e-type=\"widget\" data-widget_type=\"divider.default\">\n\t\t\t\t<div class=\"elementor-widget-container\">\n\t\t\t\t\t\t\t<div class=\"elementor-divider\">\n\t\t\t<span class=\"elementor-divider-separator\">\n\t\t\t\t\t\t<\/span>\n\t\t<\/div>\n\t\t\t\t\t\t<\/div>\n\t\t\t\t<\/div>\n\t\t\t\t\t<\/div>\n\t\t\t\t<\/div>\n\t\t\t\t<\/div>","protected":false},"excerpt":{"rendered":"<p>AVISO LEGAL IDENTIFICACI\u00d3N Y TITULARIDAD En cumplimiento del art\u00edculo 10 de la Ley 34\/2002, de 11 de julio, de Servicios de la Sociedad de la Informaci\u00f3n y Comercio Electr\u00f3nico, el Titular expone sus datos identificativos: Titular: AVIJO SL. NIF: B07611379 Domicilio: Avda Albufera 23 07458 Platja de Muro. Correo electr\u00f3nico: info@fusion19.com Tel\u00e9fono de contacto: 971 [&hellip;]<\/p>\n","protected":false},"author":2,"featured_media":0,"parent":0,"menu_order":0,"comment_status":"closed","ping_status":"closed","template":"elementor_header_footer","meta":{"inline_featured_image":false,"footnotes":""},"class_list":["post-7197","page","type-page","status-publish","hentry"],"yoast_head":"<!-- This site is optimized with the Yoast SEO plugin v27.3 - https:\/\/yoast.com\/product\/yoast-seo-wordpress\/ -->\n<title>Aviso Legal | Fusion19 Restaurante alta Gastronom\u00eda Playa Muro<\/title>\n<meta name=\"description\" content=\"Consulta el aviso legal de Fusion19, restaurante estrella Michelin en Playa de Muro. Informaci\u00f3n sobre titularidad, derechos y uso sitio web.\" \/>\n<meta name=\"robots\" content=\"noindex, follow\" \/>\n<meta property=\"og:locale\" content=\"ca_ES\" \/>\n<meta property=\"og:type\" content=\"article\" \/>\n<meta property=\"og:title\" content=\"Aviso Legal | Fusion19 Restaurante alta Gastronom\u00eda Playa Muro\" \/>\n<meta property=\"og:description\" content=\"Consulta el aviso legal de Fusion19, restaurante estrella Michelin en Playa de Muro. Informaci\u00f3n sobre titularidad, derechos y uso sitio web.\" \/>\n<meta property=\"og:url\" content=\"https:\/\/fusion19.com\/ca\/avis-legal\/\" \/>\n<meta property=\"og:site_name\" content=\"Restaurante Fusion19 | Estrella Michelin 2026\" \/>\n<meta property=\"article:publisher\" content=\"https:\/\/www.facebook.com\/Fusion19restaurant\/?locale=es_ES\" \/>\n<meta property=\"article:modified_time\" content=\"2025-05-22T11:04:53+00:00\" \/>\n<meta property=\"og:image\" content=\"https:\/\/fusion19.com\/wp-content\/uploads\/2023\/09\/favicon-fusion19.png\" \/>\n\t<meta property=\"og:image:width\" content=\"900\" \/>\n\t<meta property=\"og:image:height\" content=\"900\" \/>\n\t<meta property=\"og:image:type\" content=\"image\/png\" \/>\n<meta name=\"twitter:card\" content=\"summary_large_image\" \/>\n<meta name=\"twitter:label1\" content=\"Temps estimat de lectura\" \/>\n\t<meta name=\"twitter:data1\" content=\"6 minuts\" \/>\n<script type=\"application\/ld+json\" class=\"yoast-schema-graph\">{\"@context\":\"https:\\\/\\\/schema.org\",\"@graph\":[{\"@type\":\"WebPage\",\"@id\":\"https:\\\/\\\/fusion19.com\\\/aviso-legal\\\/\",\"url\":\"https:\\\/\\\/fusion19.com\\\/aviso-legal\\\/\",\"name\":\"Aviso Legal | Fusion19 Restaurante alta Gastronom\u00eda Playa Muro\",\"isPartOf\":{\"@id\":\"https:\\\/\\\/fusion19.com\\\/#website\"},\"datePublished\":\"2025-04-21T06:58:10+00:00\",\"dateModified\":\"2025-05-22T11:04:53+00:00\",\"description\":\"Consulta el aviso legal de Fusion19, restaurante estrella Michelin en Playa de Muro. Informaci\u00f3n sobre titularidad, derechos y uso sitio web.\",\"breadcrumb\":{\"@id\":\"https:\\\/\\\/fusion19.com\\\/aviso-legal\\\/#breadcrumb\"},\"inLanguage\":\"ca\",\"potentialAction\":[{\"@type\":\"ReadAction\",\"target\":[\"https:\\\/\\\/fusion19.com\\\/aviso-legal\\\/\"]}]},{\"@type\":\"BreadcrumbList\",\"@id\":\"https:\\\/\\\/fusion19.com\\\/aviso-legal\\\/#breadcrumb\",\"itemListElement\":[{\"@type\":\"ListItem\",\"position\":1,\"name\":\"Portada\",\"item\":\"https:\\\/\\\/fusion19.com\\\/\"},{\"@type\":\"ListItem\",\"position\":2,\"name\":\"Aviso Legal\"}]},{\"@type\":\"WebSite\",\"@id\":\"https:\\\/\\\/fusion19.com\\\/#website\",\"url\":\"https:\\\/\\\/fusion19.com\\\/\",\"name\":\"Restaurante Fusi\u00f3n19 | Estrella Michel\u00edn 2024\",\"description\":\"\",\"publisher\":{\"@id\":\"https:\\\/\\\/fusion19.com\\\/#organization\"},\"potentialAction\":[{\"@type\":\"SearchAction\",\"target\":{\"@type\":\"EntryPoint\",\"urlTemplate\":\"https:\\\/\\\/fusion19.com\\\/?s={search_term_string}\"},\"query-input\":{\"@type\":\"PropertyValueSpecification\",\"valueRequired\":true,\"valueName\":\"search_term_string\"}}],\"inLanguage\":\"ca\"},{\"@type\":\"Organization\",\"@id\":\"https:\\\/\\\/fusion19.com\\\/#organization\",\"name\":\"Restaurante Fusi\u00f3n19 | Estrella Michel\u00edn 2024\",\"url\":\"https:\\\/\\\/fusion19.com\\\/\",\"logo\":{\"@type\":\"ImageObject\",\"inLanguage\":\"ca\",\"@id\":\"https:\\\/\\\/fusion19.com\\\/#\\\/schema\\\/logo\\\/image\\\/\",\"url\":\"https:\\\/\\\/fusion19.com\\\/wp-content\\\/uploads\\\/2023\\\/09\\\/favicon-fusion19.png\",\"contentUrl\":\"https:\\\/\\\/fusion19.com\\\/wp-content\\\/uploads\\\/2023\\\/09\\\/favicon-fusion19.png\",\"width\":900,\"height\":900,\"caption\":\"Restaurante Fusi\u00f3n19 | Estrella Michel\u00edn 2024\"},\"image\":{\"@id\":\"https:\\\/\\\/fusion19.com\\\/#\\\/schema\\\/logo\\\/image\\\/\"},\"sameAs\":[\"https:\\\/\\\/www.facebook.com\\\/Fusion19restaurant\\\/?locale=es_ES\",\"https:\\\/\\\/www.instagram.com\\\/fusion19restaurant\\\/\"]}]}<\/script>\n<!-- \/ Yoast SEO plugin. -->","yoast_head_json":{"title":"Av\u00eds Legal | Fusion19 Restaurant alta Gastronomia Platja Muro","description":"Consulta l&#039;av\u00eds legal de Fusion19, restaurant estrella Michelin a Platja de Muro. Informaci\u00f3 sobre titularitat, drets i \u00fas del lloc web.","robots":{"index":"noindex","follow":"follow"},"og_locale":"ca_ES","og_type":"article","og_title":"Aviso Legal | Fusion19 Restaurante alta Gastronom\u00eda Playa Muro","og_description":"Consulta el aviso legal de Fusion19, restaurante estrella Michelin en Playa de Muro. Informaci\u00f3n sobre titularidad, derechos y uso sitio web.","og_url":"https:\/\/fusion19.com\/ca\/avis-legal\/","og_site_name":"Restaurante Fusion19 | Estrella Michelin 2026","article_publisher":"https:\/\/www.facebook.com\/Fusion19restaurant\/?locale=es_ES","article_modified_time":"2025-05-22T11:04:53+00:00","og_image":[{"width":900,"height":900,"url":"https:\/\/fusion19.com\/wp-content\/uploads\/2023\/09\/favicon-fusion19.png","type":"image\/png"}],"twitter_card":"summary_large_image","twitter_misc":{"Temps estimat de lectura":"6 minuts"},"schema":{"@context":"https:\/\/schema.org","@graph":[{"@type":"WebPage","@id":"https:\/\/fusion19.com\/aviso-legal\/","url":"https:\/\/fusion19.com\/aviso-legal\/","name":"Av\u00eds Legal | Fusion19 Restaurant alta Gastronomia Platja Muro","isPartOf":{"@id":"https:\/\/fusion19.com\/#website"},"datePublished":"2025-04-21T06:58:10+00:00","dateModified":"2025-05-22T11:04:53+00:00","description":"Consulta l&#039;av\u00eds legal de Fusion19, restaurant estrella Michelin a Platja de Muro. Informaci\u00f3 sobre titularitat, drets i \u00fas del lloc web.","breadcrumb":{"@id":"https:\/\/fusion19.com\/aviso-legal\/#breadcrumb"},"inLanguage":"ca","potentialAction":[{"@type":"ReadAction","target":["https:\/\/fusion19.com\/aviso-legal\/"]}]},{"@type":"BreadcrumbList","@id":"https:\/\/fusion19.com\/aviso-legal\/#breadcrumb","itemListElement":[{"@type":"ListItem","position":1,"name":"Portada","item":"https:\/\/fusion19.com\/"},{"@type":"ListItem","position":2,"name":"Aviso Legal"}]},{"@type":"WebSite","@id":"https:\/\/fusion19.com\/#website","url":"https:\/\/fusion19.com\/","name":"Restaurant Fusi\u00f319 | Estrella Michelin 2024","description":"","publisher":{"@id":"https:\/\/fusion19.com\/#organization"},"potentialAction":[{"@type":"SearchAction","target":{"@type":"EntryPoint","urlTemplate":"https:\/\/fusion19.com\/?s={search_term_string}"},"query-input":{"@type":"PropertyValueSpecification","valueRequired":true,"valueName":"search_term_string"}}],"inLanguage":"ca"},{"@type":"Organization","@id":"https:\/\/fusion19.com\/#organization","name":"Restaurant Fusi\u00f319 | Estrella Michelin 2024","url":"https:\/\/fusion19.com\/","logo":{"@type":"ImageObject","inLanguage":"ca","@id":"https:\/\/fusion19.com\/#\/schema\/logo\/image\/","url":"https:\/\/fusion19.com\/wp-content\/uploads\/2023\/09\/favicon-fusion19.png","contentUrl":"https:\/\/fusion19.com\/wp-content\/uploads\/2023\/09\/favicon-fusion19.png","width":900,"height":900,"caption":"Restaurante Fusi\u00f3n19 | Estrella Michel\u00edn 2024"},"image":{"@id":"https:\/\/fusion19.com\/#\/schema\/logo\/image\/"},"sameAs":["https:\/\/www.facebook.com\/Fusion19restaurant\/?locale=es_ES","https:\/\/www.instagram.com\/fusion19restaurant\/"]}]}},"_links":{"self":[{"href":"https:\/\/fusion19.com\/ca\/wp-json\/wp\/v2\/pages\/7197","targetHints":{"allow":["GET"]}}],"collection":[{"href":"https:\/\/fusion19.com\/ca\/wp-json\/wp\/v2\/pages"}],"about":[{"href":"https:\/\/fusion19.com\/ca\/wp-json\/wp\/v2\/types\/page"}],"author":[{"embeddable":true,"href":"https:\/\/fusion19.com\/ca\/wp-json\/wp\/v2\/users\/2"}],"replies":[{"embeddable":true,"href":"https:\/\/fusion19.com\/ca\/wp-json\/wp\/v2\/comments?post=7197"}],"version-history":[{"count":52,"href":"https:\/\/fusion19.com\/ca\/wp-json\/wp\/v2\/pages\/7197\/revisions"}],"predecessor-version":[{"id":8718,"href":"https:\/\/fusion19.com\/ca\/wp-json\/wp\/v2\/pages\/7197\/revisions\/8718"}],"wp:attachment":[{"href":"https:\/\/fusion19.com\/ca\/wp-json\/wp\/v2\/media?parent=7197"}],"curies":[{"name":"wp","href":"https:\/\/api.w.org\/{rel}","templated":true}]}}