{"id":7247,"date":"2025-04-21T08:47:02","date_gmt":"2025-04-21T07:47:02","guid":{"rendered":"https:\/\/fusion19.com\/_-aviso-legal\/"},"modified":"2025-05-22T12:06:42","modified_gmt":"2025-05-22T11:06:42","slug":"politica-de-cookies","status":"publish","type":"page","link":"https:\/\/fusion19.com\/ca\/politica-de-cookies\/","title":{"rendered":"Pol\u00edtiques de cookies"},"content":{"rendered":"<div data-elementor-type=\"wp-page\" data-elementor-id=\"7247\" class=\"elementor elementor-7247\" data-elementor-post-type=\"page\">\n\t\t\t\t<div class=\"elementor-element elementor-element-bf6167f e-con-full e-grid e-con e-parent\" data-id=\"bf6167f\" data-element_type=\"container\" data-e-type=\"container\" data-settings=\"{&quot;background_background&quot;:&quot;gradient&quot;}\">\n\t\t\t\t<div class=\"elementor-element elementor-element-c176487 elementor-widget elementor-widget-heading\" data-id=\"c176487\" data-element_type=\"widget\" data-e-type=\"widget\" data-widget_type=\"heading.default\">\n\t\t\t\t<div class=\"elementor-widget-container\">\n\t\t\t\t\t<h2 class=\"elementor-heading-title elementor-size-default\">POL\u00cdTICA DE COOKIES<\/h2>\t\t\t\t<\/div>\n\t\t\t\t<\/div>\n\t\t\t\t<div class=\"elementor-element elementor-element-2b93438 elementor-widget elementor-widget-text-editor\" data-id=\"2b93438\" data-element_type=\"widget\" data-e-type=\"widget\" data-widget_type=\"text-editor.default\">\n\t\t\t\t<div class=\"elementor-widget-container\">\n\t\t\t\t\t\t\t\t\t<h6><span style=\"text-decoration: underline;\">QU\u00c8 S\u00d3N LES COOKIES?<\/span><\/h6><p>En angl\u00e8s, el terme galeta significa galeta, per\u00f2 en l&#039;\u00e0mbit de la navegaci\u00f3 web, una galeta \u00e9s una cosa completament diferent. Quan accediu al nostre Lloc Web, al navegador del dispositiu s&#039;emmagatzema una petita quantitat de text que s&#039;anomena \u00abcookie\u00bb. Aquest text cont\u00e9 informaci\u00f3 variada sobre la vostra navegaci\u00f3, h\u00e0bits, prefer\u00e8ncies, personalitzacions de continguts, etc\u2026<\/p><p>Hi ha altres tecnologies que funcionen de manera similar i que tamb\u00e9 es fan servir per recopilar dades sobre la teva activitat de navegaci\u00f3. Anomenarem galetes a totes aquestes tecnologies en el seu conjunt.<\/p><p>Els usos concrets que fem d&#039;aquestes tecnologies es descriuen al present document.<\/p><h6><span style=\"text-decoration: underline;\">PER QU\u00c8 S&#039;UTILITZEN LES COOKIES EN AQUESTA WEB?<\/span><\/h6><p>Les galetes s\u00f3n una part essencial de com funciona el Lloc Web. L&#039;objectiu<br \/>principal de les nostres cookies \u00e9s millorar la seva experi\u00e8ncia en la navegaci\u00f3. Per exemple, per recordar les vostres prefer\u00e8ncies (idioma, pa\u00eds, etc.) durant la navegaci\u00f3 i en futures visites.<\/p><p>En determinats casos, si hem obtingut el previ consentiment informat, podrem utilitzar cookies per a altres usos, com per exemple per obtenir informaci\u00f3 que ens permeti mostrar publicitat basada en l&#039;an\u00e0lisi dels seus h\u00e0bits de navegaci\u00f3.<\/p><h6><span style=\"text-decoration: underline;\">\u00bf PER QU\u00c8 NO S&#039;UTILITZEN LES COOKIES EN AQUESTA WEB?<\/span><\/h6><p>A les cookies que utilitzem no s&#039;emmagatzema informaci\u00f3 sensible d&#039;identificaci\u00f3 personal com el nom, l&#039;adre\u00e7a, la contrasenya, etc\u2026<\/p><h6><span style=\"text-decoration: underline;\">QUI UTILITZA LA INFORMACI\u00d3 EMMAGATZEMATGE A LES COOKIES?<\/span><\/h6><p>La informaci\u00f3 emmagatzemada a les cookies del nostre Lloc Web \u00e9s utilitzada exclusivament per nosaltres, a excepci\u00f3 d&#039;aquelles identificades m\u00e9s endavant com a galeta de tercers, que s\u00f3n utilitzades i gestionades per entitats externes que ens proporcionen serveis que milloren l&#039;experi\u00e8ncia de l&#039;usuari. Per exemple, les estad\u00edstiques que es recullen sobre el nombre de visites, el contingut que m\u00e9s agrada, etc\u2026 ho sol gestionar Google Analytics.<\/p><p>Les galetes de tercers tamb\u00e9 se solen utilitzar per garantir les operacions de pagament realitzades a trav\u00e9s del Lloc Web.<\/p><h6><span style=\"text-decoration: underline;\">COM POT EVITAR L&#039;\u00daS DE COOKIES EN AQUEST LLOC WEB?<\/span><\/h6><p>Si preferiu evitar l&#039;\u00fas de les galetes, podeu REBUIXAR-ne l&#039;\u00fas o podeu CONFIGURA&#039;N les que voleu evitar i les que permeteu utilitzar (en aquest document us donem informaci\u00f3 ampliada al respecte de cada tipus de galeta, la seva finalitat, destinatari, temporalitat, etc\u2026 ).<\/p><p>Si les heu acceptat, no tornarem a preguntar-vos a menys que esborreu les galetes al dispositiu segons s&#039;indica a l&#039;apartat seg\u00fcent. Si voleu revocar el consentiment haur\u00e0 d&#039;eliminar les cookies i tornar a configurar-les.<\/p><h6><span style=\"text-decoration: underline;\">COM DESHABILIT I ELIMINO LA UTILITZACI\u00d3 DE COOKIES?<\/span><\/h6><p>El Titular mostra informaci\u00f3 sobre la seva Pol\u00edtica de cookies al b\u00e0ner de cookies accessible a totes les p\u00e0gines del Lloc Web. El banner de cookies mostra informaci\u00f3 essencial sobre el tractament de dades i permet a l&#039;Usuari realitzar les accions seg\u00fcents:<\/p><ul><li>ACCEPTAR o REBUTJAR la instal\u00b7laci\u00f3 de cookies, o retirar el consentiment pr\u00e8viament atorgat.<\/li><li>Obtenir informaci\u00f3 addicional a la p\u00e0gina de <a href=\"https:\/\/fusion19.com\/ca\/politica-de-cookies\/\">Pol\u00edtica de Cookies<\/a>.<\/li><\/ul><p>Per restringir, bloquejar o esborrar les galetes d&#039;aquest Lloc Web (i les utilitzades per tercers) ho podeu fer, en qualsevol moment, modificant la configuraci\u00f3 del vostre navegador. Tingueu en compte que aquesta configuraci\u00f3 \u00e9s diferent a cada navegador.<\/p><p>Als seg\u00fcents enlla\u00e7os trobareu instruccions per habilitar o deshabilitar les cookies en els navegadors m\u00e9s comuns.<\/p><ul><li><a href=\"https:\/\/support.mozilla.org\/es\/kb\/habilitar-y-deshabilitar-cookies-sitios-web-rastrear-preferencias?redirectslug=habilitar-y-deshabilitar-cookies-que-los-sitios-we&amp;redirectlocale=es\">Firefox<\/a><\/li><li><a href=\"https:\/\/support.google.com\/chrome\/answer\/95647?hl=es\">Google Chrome<\/a><\/li><li><a href=\"https:\/\/support.microsoft.com\/es-es\/windows\/administrar-cookies-en-microsoft-edge-ver-permitir-bloquear-eliminar-y-usar-168dab11-0753-043d-7c16-ede5947fc64d#ie=%22ie-10\">Internet Explorer<\/a><\/li><li><a href=\"https:\/\/support.microsoft.com\/es-es\/microsoft-edge\/microsoft-edge-datos-de-exploraci%C3%B3n-y-privacidad-bb8174ba-9d73-dcf2-9b4a-c582b4e640dd\">Microsoft Edge<\/a><\/li><li><a href=\"https:\/\/support.apple.com\/es-es\/105082\">Safari<\/a><\/li><\/ul><h6><span style=\"text-decoration: underline;\">QUINS TIPUS DE COOKIES S&#039;UTILITZEN EN AQUESTA P\u00c0GINA WEB?<\/span><\/h6><p>Cada p\u00e0gina web utilitza les seves pr\u00f2pies galetes. A la nostra web utilitzem les que s&#039;indiquen a continuaci\u00f3:<\/p><p>\u00a0<\/p><p>SEGONS L&#039;ENTITAT QUE HO GESTIONA<\/p><p><span style=\"text-decoration: underline;\"><strong>Cookies pr\u00f2pies:<\/strong><\/span><br \/>S\u00f3n aquelles que s&#039;envien a l&#039;equip terminal de l&#039;usuari des d&#039;un equip o domini gestionat pel mateix editor i des del qual es presta el servei sol\u00b7licitat per l&#039;usuari.<\/p><p><span style=\"text-decoration: underline;\"><strong>Cookies de tercers:<\/strong><\/span><br \/>S\u00f3n aquelles que s&#039;envien a l&#039;equip terminal de l&#039;Usuari des d&#039;un equip o domini que no \u00e9s gestionat per l&#039;editor, sin\u00f3 per una altra entitat que tracta les dades obtingudes a trav\u00e9s de les galetes.<\/p><p>En el cas que les cookies siguin servides des d&#039;un equip o domini gestionat pel mateix editor, per\u00f2 la informaci\u00f3 que es reculli mitjan\u00e7ant aquestes sigui gestionada per un tercer, no poden ser considerades com a cookies pr\u00f2pies si el tercer les utilitza per a les seves pr\u00f2pies finalitats (per exemple, la millora dels serveis que presta o la prestaci\u00f3 de serveis de car\u00e0cter publicitari a favor d&#039;altres entitats).<\/p><p>\u00a0<\/p><p>SEGONS LA SEVA FINALITAT<\/p><p><span style=\"text-decoration: underline;\"><strong>Galetes t\u00e8cniques:<\/strong><\/span><\/p><p>S\u00f3n aquelles necess\u00e0ries per a la navegaci\u00f3 i el bon funcionament del nostre Lloc Web, com per exemple, controlar el tr\u00e0nsit i la comunicaci\u00f3 de dades, identificar la sessi\u00f3, accedir a parts d&#039;acc\u00e9s restringit, recordar els elements que integren una comanda, realitzar el proc\u00e9s de compra d&#039;una comanda, gestionar el pagament, controlar el frau vinculat a la seguretat del servei, fer la sol\u00b7licitud d&#039;inscripci\u00f3 o participaci\u00f3 en un esdeveniment, servei del lloc web, utilitzar elements de seguretat durant la navegaci\u00f3, emmagatzemar continguts per a la difusi\u00f3 de v\u00eddeos o so, habilitar continguts din\u00e0mics (per exemple, animaci\u00f3 de c\u00e0rrega d&#039;un text o imatge) o compartir continguts a trav\u00e9s de xarxes socials.<\/p><p><span style=\"text-decoration: underline;\"><strong>Galetes d&#039;an\u00e0lisi:<\/strong><\/span><br \/>Permeten quantificar el nombre d&#039;usuaris i aix\u00ed realitzar el mesurament i l&#039;an\u00e0lisi estad\u00edstica de la utilitzaci\u00f3 que fan els usuaris del Lloc Web. Per aix\u00f2 s&#039;analitza la vostra navegaci\u00f3 al nostre Lloc Web per tal de millorar l&#039;oferta de productes o serveis que us oferim.<\/p><p><span style=\"text-decoration: underline;\"><strong>Cookies de prefer\u00e8ncies o personalitzaci\u00f3:<\/strong><\/span><\/p><p>S\u00f3n aquelles que permeten recordar informaci\u00f3 perqu\u00e8 l&#039;Usuari accedeixi al servei amb determinades caracter\u00edstiques que poden diferenciar la seva experi\u00e8ncia de la d&#039;altres usuaris, com ara l&#039;idioma, el nombre de resultats a mostrar quan l&#039;Usuari realitza una cerca, l&#039;aspecte o el contingut del servei en funci\u00f3 del tipus de navegador a trav\u00e9s del qual l&#039;Usuari accedeix al servei o de la regi\u00f3 des de la qual accedeix al servei, etc.<\/p><p>\u00a0<\/p><p>SEGONS EL TERMINI DE TEMPS QUE ROMANDEN ACTIVADES<\/p><p><span style=\"text-decoration: underline;\"><strong>Cookies de sessi\u00f3:<\/strong><\/span><\/p><p>S\u00f3n aquelles dissenyades per demanar i emmagatzemar dades mentre l&#039;Usuari accedeix a una p\u00e0gina web.<br \/>Se solen emprar per emmagatzemar informaci\u00f3 que nom\u00e9s interessa conservar per a la prestaci\u00f3 del servei sol\u00b7licitat per l&#039;Usuari en una sola ocasi\u00f3 (per exemple, una llista de productes adquirits) i desapareixen en acabar la sessi\u00f3.<\/p><p><span style=\"text-decoration: underline;\"><strong>Cookies persistents:<\/strong><\/span><\/p><p>S\u00f3n aquelles en qu\u00e8 les dades segueixen emmagatzemades al terminal i poden ser accedides i tractades durant un per\u00edode definit pel responsable de la galeta, i que pot anar d&#039;uns minuts a diversos anys. Pel que fa a aix\u00f2, s&#039;ha de valorar espec\u00edficament si \u00e9s necess\u00e0ria la utilitzaci\u00f3 de cookies persistents, ja que els riscos per a la privadesa podrien reduir-se mitjan\u00e7ant la utilitzaci\u00f3 de cookies de sessi\u00f3. En tot cas, quan s&#039;instal\u00b7lin galetes persistents, es recomana reduir al m\u00ednim necessari la seva durada temporal atenent a la finalitat del seu \u00fas. A aquests efectes, el Dictamen 4\/2012 del GT29 va indicar que perqu\u00e8 una galeta pugui estar exempta del deure de consentiment informat, la seva caducitat ha d&#039;estar relacionada amb la finalitat. A causa d&#039;aix\u00f2, \u00e9s molt m\u00e9s probable que es considerin exceptuades les galetes de sessi\u00f3 que les persistents.<\/p>\t\t\t\t\t\t\t\t<\/div>\n\t\t\t\t<\/div>\n\t\t\t\t<div class=\"elementor-element elementor-element-b76b8d8 elementor-widget-divider--view-line elementor-widget elementor-widget-divider\" data-id=\"b76b8d8\" data-element_type=\"widget\" data-e-type=\"widget\" data-widget_type=\"divider.default\">\n\t\t\t\t<div class=\"elementor-widget-container\">\n\t\t\t\t\t\t\t<div class=\"elementor-divider\">\n\t\t\t<span class=\"elementor-divider-separator\">\n\t\t\t\t\t\t<\/span>\n\t\t<\/div>\n\t\t\t\t\t\t<\/div>\n\t\t\t\t<\/div>\n\t\t\t\t<\/div>\n\t\t\t\t<\/div>","protected":false},"excerpt":{"rendered":"<p>POL\u00cdTICA DE COOKIES \u00bfQU\u00c9 SON LAS COOKIES? En ingl\u00e9s, el t\u00e9rmino \u00abcookie\u00bb significa galleta, pero en el \u00e1mbito de la navegaci\u00f3n web, una \u00abcookie\u00bb es algo completamente distinto. Cuando accede a nuestro Sitio Web, en el navegador de su dispositivo se almacena una peque\u00f1a cantidad de texto que se denomina \u00abcookie\u00bb. Este texto contiene informaci\u00f3n [&hellip;]<\/p>\n","protected":false},"author":2,"featured_media":0,"parent":0,"menu_order":0,"comment_status":"closed","ping_status":"closed","template":"elementor_header_footer","meta":{"inline_featured_image":false,"footnotes":""},"class_list":["post-7247","page","type-page","status-publish","hentry"],"yoast_head":"<!-- This site is optimized with the Yoast SEO plugin v27.4 - https:\/\/yoast.com\/product\/yoast-seo-wordpress\/ -->\n<title>Pol\u00edticas de cookies - Restaurante Fusion19 | Estrella Michelin 2026<\/title>\n<meta name=\"description\" content=\"Restaurante estrella michel\u00edn de la zona norte de Mallorca, Disfruta de una experiencia gastron\u00f3mica \u00fanica.\" \/>\n<meta name=\"robots\" content=\"noindex, follow\" \/>\n<meta property=\"og:locale\" content=\"ca_ES\" \/>\n<meta property=\"og:type\" content=\"article\" \/>\n<meta property=\"og:title\" content=\"Pol\u00edticas de cookies - Restaurante Fusion19 | Estrella Michelin 2026\" \/>\n<meta property=\"og:description\" content=\"Restaurante estrella michel\u00edn de la zona norte de Mallorca, Disfruta de una experiencia gastron\u00f3mica \u00fanica.\" \/>\n<meta property=\"og:url\" content=\"https:\/\/fusion19.com\/ca\/politica-de-cookies\/\" \/>\n<meta property=\"og:site_name\" content=\"Restaurante Fusion19 | Estrella Michelin 2026\" \/>\n<meta property=\"article:publisher\" content=\"https:\/\/www.facebook.com\/Fusion19restaurant\/?locale=es_ES\" \/>\n<meta property=\"article:modified_time\" content=\"2025-05-22T11:06:42+00:00\" \/>\n<meta property=\"og:image\" content=\"https:\/\/fusion19.com\/wp-content\/uploads\/2023\/09\/favicon-fusion19.png\" \/>\n\t<meta property=\"og:image:width\" content=\"900\" \/>\n\t<meta property=\"og:image:height\" content=\"900\" \/>\n\t<meta property=\"og:image:type\" content=\"image\/png\" \/>\n<meta name=\"twitter:card\" content=\"summary_large_image\" \/>\n<meta name=\"twitter:label1\" content=\"Temps estimat de lectura\" \/>\n\t<meta name=\"twitter:data1\" content=\"6 minuts\" \/>\n<script type=\"application\/ld+json\" class=\"yoast-schema-graph\">{\"@context\":\"https:\\\/\\\/schema.org\",\"@graph\":[{\"@type\":\"WebPage\",\"@id\":\"https:\\\/\\\/fusion19.com\\\/politica-de-cookies\\\/\",\"url\":\"https:\\\/\\\/fusion19.com\\\/politica-de-cookies\\\/\",\"name\":\"Pol\u00edticas de cookies - Restaurante Fusion19 | Estrella Michelin 2026\",\"isPartOf\":{\"@id\":\"https:\\\/\\\/fusion19.com\\\/#website\"},\"datePublished\":\"2025-04-21T07:47:02+00:00\",\"dateModified\":\"2025-05-22T11:06:42+00:00\",\"description\":\"Restaurante estrella michel\u00edn de la zona norte de Mallorca, Disfruta de una experiencia gastron\u00f3mica \u00fanica.\",\"breadcrumb\":{\"@id\":\"https:\\\/\\\/fusion19.com\\\/politica-de-cookies\\\/#breadcrumb\"},\"inLanguage\":\"ca\",\"potentialAction\":[{\"@type\":\"ReadAction\",\"target\":[\"https:\\\/\\\/fusion19.com\\\/politica-de-cookies\\\/\"]}]},{\"@type\":\"BreadcrumbList\",\"@id\":\"https:\\\/\\\/fusion19.com\\\/politica-de-cookies\\\/#breadcrumb\",\"itemListElement\":[{\"@type\":\"ListItem\",\"position\":1,\"name\":\"Portada\",\"item\":\"https:\\\/\\\/fusion19.com\\\/\"},{\"@type\":\"ListItem\",\"position\":2,\"name\":\"Pol\u00edticas de cookies\"}]},{\"@type\":\"WebSite\",\"@id\":\"https:\\\/\\\/fusion19.com\\\/#website\",\"url\":\"https:\\\/\\\/fusion19.com\\\/\",\"name\":\"Restaurante Fusi\u00f3n19 | Estrella Michel\u00edn 2024\",\"description\":\"\",\"publisher\":{\"@id\":\"https:\\\/\\\/fusion19.com\\\/#organization\"},\"potentialAction\":[{\"@type\":\"SearchAction\",\"target\":{\"@type\":\"EntryPoint\",\"urlTemplate\":\"https:\\\/\\\/fusion19.com\\\/?s={search_term_string}\"},\"query-input\":{\"@type\":\"PropertyValueSpecification\",\"valueRequired\":true,\"valueName\":\"search_term_string\"}}],\"inLanguage\":\"ca\"},{\"@type\":\"Organization\",\"@id\":\"https:\\\/\\\/fusion19.com\\\/#organization\",\"name\":\"Restaurante Fusi\u00f3n19 | Estrella Michel\u00edn 2024\",\"url\":\"https:\\\/\\\/fusion19.com\\\/\",\"logo\":{\"@type\":\"ImageObject\",\"inLanguage\":\"ca\",\"@id\":\"https:\\\/\\\/fusion19.com\\\/#\\\/schema\\\/logo\\\/image\\\/\",\"url\":\"https:\\\/\\\/fusion19.com\\\/wp-content\\\/uploads\\\/2023\\\/09\\\/favicon-fusion19.png\",\"contentUrl\":\"https:\\\/\\\/fusion19.com\\\/wp-content\\\/uploads\\\/2023\\\/09\\\/favicon-fusion19.png\",\"width\":900,\"height\":900,\"caption\":\"Restaurante Fusi\u00f3n19 | Estrella Michel\u00edn 2024\"},\"image\":{\"@id\":\"https:\\\/\\\/fusion19.com\\\/#\\\/schema\\\/logo\\\/image\\\/\"},\"sameAs\":[\"https:\\\/\\\/www.facebook.com\\\/Fusion19restaurant\\\/?locale=es_ES\",\"https:\\\/\\\/www.instagram.com\\\/fusion19restaurant\\\/\"]}]}<\/script>\n<!-- \/ Yoast SEO plugin. -->","yoast_head_json":{"title":"Pol\u00edtiques de cookies - Restaurant Fusion19 | Estrella Michelin 2026","description":"Restaurant estrella michel\u00edn de la zona nord de Mallorca, Gaudeix d&#039;una experi\u00e8ncia gastron\u00f2mica \u00fanica.","robots":{"index":"noindex","follow":"follow"},"og_locale":"ca_ES","og_type":"article","og_title":"Pol\u00edticas de cookies - Restaurante Fusion19 | Estrella Michelin 2026","og_description":"Restaurante estrella michel\u00edn de la zona norte de Mallorca, Disfruta de una experiencia gastron\u00f3mica \u00fanica.","og_url":"https:\/\/fusion19.com\/ca\/politica-de-cookies\/","og_site_name":"Restaurante Fusion19 | Estrella Michelin 2026","article_publisher":"https:\/\/www.facebook.com\/Fusion19restaurant\/?locale=es_ES","article_modified_time":"2025-05-22T11:06:42+00:00","og_image":[{"width":900,"height":900,"url":"https:\/\/fusion19.com\/wp-content\/uploads\/2023\/09\/favicon-fusion19.png","type":"image\/png"}],"twitter_card":"summary_large_image","twitter_misc":{"Temps estimat de lectura":"6 minuts"},"schema":{"@context":"https:\/\/schema.org","@graph":[{"@type":"WebPage","@id":"https:\/\/fusion19.com\/politica-de-cookies\/","url":"https:\/\/fusion19.com\/politica-de-cookies\/","name":"Pol\u00edtiques de cookies - Restaurant Fusion19 | Estrella Michelin 2026","isPartOf":{"@id":"https:\/\/fusion19.com\/#website"},"datePublished":"2025-04-21T07:47:02+00:00","dateModified":"2025-05-22T11:06:42+00:00","description":"Restaurant estrella michel\u00edn de la zona nord de Mallorca, Gaudeix d&#039;una experi\u00e8ncia gastron\u00f2mica \u00fanica.","breadcrumb":{"@id":"https:\/\/fusion19.com\/politica-de-cookies\/#breadcrumb"},"inLanguage":"ca","potentialAction":[{"@type":"ReadAction","target":["https:\/\/fusion19.com\/politica-de-cookies\/"]}]},{"@type":"BreadcrumbList","@id":"https:\/\/fusion19.com\/politica-de-cookies\/#breadcrumb","itemListElement":[{"@type":"ListItem","position":1,"name":"Portada","item":"https:\/\/fusion19.com\/"},{"@type":"ListItem","position":2,"name":"Pol\u00edticas de cookies"}]},{"@type":"WebSite","@id":"https:\/\/fusion19.com\/#website","url":"https:\/\/fusion19.com\/","name":"Restaurant Fusi\u00f319 | Estrella Michelin 2024","description":"","publisher":{"@id":"https:\/\/fusion19.com\/#organization"},"potentialAction":[{"@type":"SearchAction","target":{"@type":"EntryPoint","urlTemplate":"https:\/\/fusion19.com\/?s={search_term_string}"},"query-input":{"@type":"PropertyValueSpecification","valueRequired":true,"valueName":"search_term_string"}}],"inLanguage":"ca"},{"@type":"Organization","@id":"https:\/\/fusion19.com\/#organization","name":"Restaurant Fusi\u00f319 | Estrella Michelin 2024","url":"https:\/\/fusion19.com\/","logo":{"@type":"ImageObject","inLanguage":"ca","@id":"https:\/\/fusion19.com\/#\/schema\/logo\/image\/","url":"https:\/\/fusion19.com\/wp-content\/uploads\/2023\/09\/favicon-fusion19.png","contentUrl":"https:\/\/fusion19.com\/wp-content\/uploads\/2023\/09\/favicon-fusion19.png","width":900,"height":900,"caption":"Restaurante Fusi\u00f3n19 | Estrella Michel\u00edn 2024"},"image":{"@id":"https:\/\/fusion19.com\/#\/schema\/logo\/image\/"},"sameAs":["https:\/\/www.facebook.com\/Fusion19restaurant\/?locale=es_ES","https:\/\/www.instagram.com\/fusion19restaurant\/"]}]}},"_links":{"self":[{"href":"https:\/\/fusion19.com\/ca\/wp-json\/wp\/v2\/pages\/7247","targetHints":{"allow":["GET"]}}],"collection":[{"href":"https:\/\/fusion19.com\/ca\/wp-json\/wp\/v2\/pages"}],"about":[{"href":"https:\/\/fusion19.com\/ca\/wp-json\/wp\/v2\/types\/page"}],"author":[{"embeddable":true,"href":"https:\/\/fusion19.com\/ca\/wp-json\/wp\/v2\/users\/2"}],"replies":[{"embeddable":true,"href":"https:\/\/fusion19.com\/ca\/wp-json\/wp\/v2\/comments?post=7247"}],"version-history":[{"count":20,"href":"https:\/\/fusion19.com\/ca\/wp-json\/wp\/v2\/pages\/7247\/revisions"}],"predecessor-version":[{"id":7268,"href":"https:\/\/fusion19.com\/ca\/wp-json\/wp\/v2\/pages\/7247\/revisions\/7268"}],"wp:attachment":[{"href":"https:\/\/fusion19.com\/ca\/wp-json\/wp\/v2\/media?parent=7247"}],"curies":[{"name":"wp","href":"https:\/\/api.w.org\/{rel}","templated":true}]}}