{"id":7274,"date":"2025-04-21T09:59:46","date_gmt":"2025-04-21T08:59:46","guid":{"rendered":"https:\/\/fusion19.com\/_-politicas-de-cookies\/"},"modified":"2025-05-22T12:03:44","modified_gmt":"2025-05-22T11:03:44","slug":"termes-i-condicions","status":"publish","type":"page","link":"https:\/\/fusion19.com\/ca\/termes-i-condicions\/","title":{"rendered":"Termes i Condicions"},"content":{"rendered":"<div data-elementor-type=\"wp-page\" data-elementor-id=\"7274\" class=\"elementor elementor-7274\" data-elementor-post-type=\"page\">\n\t\t\t\t<div class=\"elementor-element elementor-element-bf6167f e-con-full e-grid e-con e-parent\" data-id=\"bf6167f\" data-element_type=\"container\" data-e-type=\"container\" data-settings=\"{&quot;background_background&quot;:&quot;gradient&quot;}\">\n\t\t\t\t<div class=\"elementor-element elementor-element-c176487 elementor-widget elementor-widget-heading\" data-id=\"c176487\" data-element_type=\"widget\" data-e-type=\"widget\" data-widget_type=\"heading.default\">\n\t\t\t\t<div class=\"elementor-widget-container\">\n\t\t\t\t\t<h2 class=\"elementor-heading-title elementor-size-default\">TERMES I CONDICIONS<\/h2>\t\t\t\t<\/div>\n\t\t\t\t<\/div>\n\t\t\t\t<div class=\"elementor-element elementor-element-2b93438 elementor-widget elementor-widget-text-editor\" data-id=\"2b93438\" data-element_type=\"widget\" data-e-type=\"widget\" data-widget_type=\"text-editor.default\">\n\t\t\t\t<div class=\"elementor-widget-container\">\n\t\t\t\t\t\t\t\t\t<h6><span style=\"text-decoration: underline;\">DENTIFICACI\u00d3 I DEFINICIONS<\/span><\/h6><p>Aquestes condicions generals de contractaci\u00f3 s&#039;apliquen a totes les transaccions comercials realitzades a trav\u00e9s de la p\u00e0gina web <a href=\"https:\/\/fusion19.com\/ca\">www.fusion19.com<\/a>, domini del qual \u00e9s titular Gesti\u00f3 i AVIJO SL, amb CIF B07611379 i domicili a Avda S&#039;Albufera 23 Platja de Muro 07458 en endavant EL TITULAR.<\/p><p>Les presents condicions generals (d&#039;ara endavant el \u201cContracte\u201d) regulen el contracte establert entre EL TITULAR i la persona o entitat que realitza una comanda a trav\u00e9s de la p\u00e0gina web <a href=\"https:\/\/fusion19.com\/ca\">www.fusion19.com<\/a> (d&#039;ara endavant el \u201cclient\u201d), en els termes que s&#039;estableixen en aquest Contracte.<\/p><p>El client accepta de manera expressa, plena i sense reserves totes i cadascuna de les cl\u00e0usules del present contracte.<\/p><p>El client ent\u00e9n que la informaci\u00f3 continguda a la p\u00e0gina web, com les condicions generals de contractaci\u00f3 i perfeccionament del contracte, s\u00f3n prou i suficients per a l&#039;exclusi\u00f3 d&#039;error en la formaci\u00f3 del consentiment.<\/p><p>El client accepta la utilitzaci\u00f3 de les seves dades recollides al nostre sistema mitjan\u00e7ant el formulari de registre per garantir el correcte tr\u00e0mit de les comandes realitzades (adre\u00e7a, tel\u00e8fon, email, etc)<\/p><p>\u00a0<\/p><h6><span style=\"text-decoration: underline;\">ACTIVITAT<\/span><\/h6><p><a href=\"http:\/\/fusion19.com\/ca\/\">fusion19.com<\/a>, es dedica a la restauraci\u00f3 ia la venda a dist\u00e0ncia de bons o productes alimentaris.<\/p><p>\u00a0<\/p><h6><span style=\"text-decoration: underline;\">CONTINGUTS I INFORMACI\u00d3 SUBMINISTRADA A LA P\u00c0GINA WEB<\/span><\/h6><p><a href=\"http:\/\/fusion19.com\/ca\/\">fusion19.com<\/a> es reserva el dret de modificar l&#039;oferta comercial presentada a la seva p\u00e0gina web (modificacions sobre els seus productes, preus, promocions i altres condicions comercials i de servei).<\/p><p>El preu dels nostres articles \u00e9s l&#039;indicat en cada moment a la nostra p\u00e0gina web.<\/p><p>Els productes o bons oferts a la venda es presenten amb la m\u00e0xima exactitud possible.<\/p><p>\u00a0<\/p><h6><span style=\"text-decoration: underline;\">SISTEMA DE VENDA<\/span><\/h6><p>Per realitzar una compra, el client simplement ha de seleccionar un dels nostres men\u00fas degustaci\u00f3 Seguidament haur\u00e0 de punxar al producte desitjat, i un cop dins del producte, a la part inferior apareixer\u00e0 una barra on podr\u00e0 triar els complements desitjats a afegir al bo, la quantitat per afegir-lo a la cistella i procedir al pagament, cada bo o producte inclou l&#039;IVA<\/p><p>\u00a0<\/p><h6><span style=\"text-decoration: underline;\">FORMA DE PAGAMENT<\/span><\/h6><p>El client, a la p\u00e0gina Forma de pagament, podr\u00e0 pagar de manera segura mitjan\u00e7ant targeta de cr\u00e8dit.<\/p><p>El pagament a trav\u00e9s de fusion19.com \u00e9s totalment segur mitjan\u00e7ant l&#039;encriptaci\u00f3 SSL. Per al pagament amb targeta, el client \u00e9s redirigit al sistema de pagament, on podr\u00e0 indicar les dades de la targeta en un entorn totalment segur.<\/p><p>fusion19.com es reserva el dret de negar-se a efectuar l&#039;enviament d&#039;una comanda d&#039;un client que no hagu\u00e9s abonat totalment o parcialment una comanda anterior o amb qu\u00e8 hi hagi un litigi de pagament actiu, aix\u00ed com qualsevol comanda que tingui indici de frau en el pagament o b\u00e9 el pagament del qual no s&#039;hagi formalitzat.<\/p><p>Totes les nostres Comandes estan subjectes a l&#039;obligaci\u00f3 de pagament.<\/p><p>\u00a0<\/p><h6><span style=\"text-decoration: underline;\">POL\u00cdTICA DE DEVOLUCI\u00d3 O ANUL\u00b7LACI\u00d3 DE LA COMANDA PER PART DE FUSION19.COM<\/span><\/h6><p>Un cop realitzada la comanda, i en tractar-se d&#039;un valor monetari no es podr\u00e0 fer cap tipus de devoluci\u00f3 fusion19.com i es mantindr\u00e0 el valor econ\u00f2mic del bo de manera il\u00b7limitada es reserva el dret d&#039;anul\u00b7laci\u00f3 d&#039;una comanda en cas d&#039;assetjament per part del client ja sigui de forma telef\u00f2nica, mail o mitjan\u00e7ant inj\u00faries als post d&#039;altres webs oa les pr\u00f2pies.<\/p>\t\t\t\t\t\t\t\t<\/div>\n\t\t\t\t<\/div>\n\t\t\t\t<div class=\"elementor-element elementor-element-b76b8d8 elementor-widget-divider--view-line elementor-widget elementor-widget-divider\" data-id=\"b76b8d8\" data-element_type=\"widget\" data-e-type=\"widget\" data-widget_type=\"divider.default\">\n\t\t\t\t<div class=\"elementor-widget-container\">\n\t\t\t\t\t\t\t<div class=\"elementor-divider\">\n\t\t\t<span class=\"elementor-divider-separator\">\n\t\t\t\t\t\t<\/span>\n\t\t<\/div>\n\t\t\t\t\t\t<\/div>\n\t\t\t\t<\/div>\n\t\t\t\t<\/div>\n\t\t\t\t<\/div>","protected":false},"excerpt":{"rendered":"<p>T\u00c9RMINOS Y CONDICIONES DENTIFICACI\u00d3N Y DEFINICIONES Las presentes condiciones generales de contrataci\u00f3n se aplican a todas las transacciones comerciales realizadas a trav\u00e9s de la p\u00e1gina web www.fusion19.com, dominio del que es titular Gesti\u00f3n y AVIJO SL, con CIF B07611379 y domicilio en Avda S\u2019Albufera 23 Platja de Muro 07458 en adelante EL TITULAR. Las presentes [&hellip;]<\/p>\n","protected":false},"author":2,"featured_media":0,"parent":0,"menu_order":0,"comment_status":"closed","ping_status":"closed","template":"elementor_header_footer","meta":{"inline_featured_image":false,"footnotes":""},"class_list":["post-7274","page","type-page","status-publish","hentry"],"yoast_head":"<!-- This site is optimized with the Yoast SEO plugin v27.4 - https:\/\/yoast.com\/product\/yoast-seo-wordpress\/ -->\n<title>T\u00e9rminos y Condiciones - Restaurante Fusion19 | Estrella Michelin 2026<\/title>\n<meta name=\"description\" content=\"Restaurante estrella michel\u00edn de la zona norte de Mallorca, Disfruta de una experiencia gastron\u00f3mica \u00fanica.\" \/>\n<meta name=\"robots\" content=\"noindex, follow\" \/>\n<meta property=\"og:locale\" content=\"ca_ES\" \/>\n<meta property=\"og:type\" content=\"article\" \/>\n<meta property=\"og:title\" content=\"T\u00e9rminos y Condiciones - Restaurante Fusion19 | Estrella Michelin 2026\" \/>\n<meta property=\"og:description\" content=\"Restaurante estrella michel\u00edn de la zona norte de Mallorca, Disfruta de una experiencia gastron\u00f3mica \u00fanica.\" \/>\n<meta property=\"og:url\" content=\"https:\/\/fusion19.com\/ca\/termes-i-condicions\/\" \/>\n<meta property=\"og:site_name\" content=\"Restaurante Fusion19 | Estrella Michelin 2026\" \/>\n<meta property=\"article:publisher\" content=\"https:\/\/www.facebook.com\/Fusion19restaurant\/?locale=es_ES\" \/>\n<meta property=\"article:modified_time\" content=\"2025-05-22T11:03:44+00:00\" \/>\n<meta property=\"og:image\" content=\"https:\/\/fusion19.com\/wp-content\/uploads\/2023\/09\/favicon-fusion19.png\" \/>\n\t<meta property=\"og:image:width\" content=\"900\" \/>\n\t<meta property=\"og:image:height\" content=\"900\" \/>\n\t<meta property=\"og:image:type\" content=\"image\/png\" \/>\n<meta name=\"twitter:card\" content=\"summary_large_image\" \/>\n<meta name=\"twitter:label1\" content=\"Temps estimat de lectura\" \/>\n\t<meta name=\"twitter:data1\" content=\"3 minuts\" \/>\n<script type=\"application\/ld+json\" class=\"yoast-schema-graph\">{\"@context\":\"https:\\\/\\\/schema.org\",\"@graph\":[{\"@type\":\"WebPage\",\"@id\":\"https:\\\/\\\/fusion19.com\\\/terminos-y-condiciones\\\/\",\"url\":\"https:\\\/\\\/fusion19.com\\\/terminos-y-condiciones\\\/\",\"name\":\"T\u00e9rminos y Condiciones - Restaurante Fusion19 | Estrella Michelin 2026\",\"isPartOf\":{\"@id\":\"https:\\\/\\\/fusion19.com\\\/#website\"},\"datePublished\":\"2025-04-21T08:59:46+00:00\",\"dateModified\":\"2025-05-22T11:03:44+00:00\",\"description\":\"Restaurante estrella michel\u00edn de la zona norte de Mallorca, Disfruta de una experiencia gastron\u00f3mica \u00fanica.\",\"breadcrumb\":{\"@id\":\"https:\\\/\\\/fusion19.com\\\/terminos-y-condiciones\\\/#breadcrumb\"},\"inLanguage\":\"ca\",\"potentialAction\":[{\"@type\":\"ReadAction\",\"target\":[\"https:\\\/\\\/fusion19.com\\\/terminos-y-condiciones\\\/\"]}]},{\"@type\":\"BreadcrumbList\",\"@id\":\"https:\\\/\\\/fusion19.com\\\/terminos-y-condiciones\\\/#breadcrumb\",\"itemListElement\":[{\"@type\":\"ListItem\",\"position\":1,\"name\":\"Portada\",\"item\":\"https:\\\/\\\/fusion19.com\\\/\"},{\"@type\":\"ListItem\",\"position\":2,\"name\":\"T\u00e9rminos y Condiciones\"}]},{\"@type\":\"WebSite\",\"@id\":\"https:\\\/\\\/fusion19.com\\\/#website\",\"url\":\"https:\\\/\\\/fusion19.com\\\/\",\"name\":\"Restaurante Fusi\u00f3n19 | Estrella Michel\u00edn 2024\",\"description\":\"\",\"publisher\":{\"@id\":\"https:\\\/\\\/fusion19.com\\\/#organization\"},\"potentialAction\":[{\"@type\":\"SearchAction\",\"target\":{\"@type\":\"EntryPoint\",\"urlTemplate\":\"https:\\\/\\\/fusion19.com\\\/?s={search_term_string}\"},\"query-input\":{\"@type\":\"PropertyValueSpecification\",\"valueRequired\":true,\"valueName\":\"search_term_string\"}}],\"inLanguage\":\"ca\"},{\"@type\":\"Organization\",\"@id\":\"https:\\\/\\\/fusion19.com\\\/#organization\",\"name\":\"Restaurante Fusi\u00f3n19 | Estrella Michel\u00edn 2024\",\"url\":\"https:\\\/\\\/fusion19.com\\\/\",\"logo\":{\"@type\":\"ImageObject\",\"inLanguage\":\"ca\",\"@id\":\"https:\\\/\\\/fusion19.com\\\/#\\\/schema\\\/logo\\\/image\\\/\",\"url\":\"https:\\\/\\\/fusion19.com\\\/wp-content\\\/uploads\\\/2023\\\/09\\\/favicon-fusion19.png\",\"contentUrl\":\"https:\\\/\\\/fusion19.com\\\/wp-content\\\/uploads\\\/2023\\\/09\\\/favicon-fusion19.png\",\"width\":900,\"height\":900,\"caption\":\"Restaurante Fusi\u00f3n19 | Estrella Michel\u00edn 2024\"},\"image\":{\"@id\":\"https:\\\/\\\/fusion19.com\\\/#\\\/schema\\\/logo\\\/image\\\/\"},\"sameAs\":[\"https:\\\/\\\/www.facebook.com\\\/Fusion19restaurant\\\/?locale=es_ES\",\"https:\\\/\\\/www.instagram.com\\\/fusion19restaurant\\\/\"]}]}<\/script>\n<!-- \/ Yoast SEO plugin. -->","yoast_head_json":{"title":"Termes i Condicions - Restaurant Fusion19 | Estrella Michelin 2026","description":"Restaurant estrella michel\u00edn de la zona nord de Mallorca, Gaudeix d&#039;una experi\u00e8ncia gastron\u00f2mica \u00fanica.","robots":{"index":"noindex","follow":"follow"},"og_locale":"ca_ES","og_type":"article","og_title":"T\u00e9rminos y Condiciones - Restaurante Fusion19 | Estrella Michelin 2026","og_description":"Restaurante estrella michel\u00edn de la zona norte de Mallorca, Disfruta de una experiencia gastron\u00f3mica \u00fanica.","og_url":"https:\/\/fusion19.com\/ca\/termes-i-condicions\/","og_site_name":"Restaurante Fusion19 | Estrella Michelin 2026","article_publisher":"https:\/\/www.facebook.com\/Fusion19restaurant\/?locale=es_ES","article_modified_time":"2025-05-22T11:03:44+00:00","og_image":[{"width":900,"height":900,"url":"https:\/\/fusion19.com\/wp-content\/uploads\/2023\/09\/favicon-fusion19.png","type":"image\/png"}],"twitter_card":"summary_large_image","twitter_misc":{"Temps estimat de lectura":"3 minuts"},"schema":{"@context":"https:\/\/schema.org","@graph":[{"@type":"WebPage","@id":"https:\/\/fusion19.com\/terminos-y-condiciones\/","url":"https:\/\/fusion19.com\/terminos-y-condiciones\/","name":"Termes i Condicions - Restaurant Fusion19 | Estrella Michelin 2026","isPartOf":{"@id":"https:\/\/fusion19.com\/#website"},"datePublished":"2025-04-21T08:59:46+00:00","dateModified":"2025-05-22T11:03:44+00:00","description":"Restaurant estrella michel\u00edn de la zona nord de Mallorca, Gaudeix d&#039;una experi\u00e8ncia gastron\u00f2mica \u00fanica.","breadcrumb":{"@id":"https:\/\/fusion19.com\/terminos-y-condiciones\/#breadcrumb"},"inLanguage":"ca","potentialAction":[{"@type":"ReadAction","target":["https:\/\/fusion19.com\/terminos-y-condiciones\/"]}]},{"@type":"BreadcrumbList","@id":"https:\/\/fusion19.com\/terminos-y-condiciones\/#breadcrumb","itemListElement":[{"@type":"ListItem","position":1,"name":"Portada","item":"https:\/\/fusion19.com\/"},{"@type":"ListItem","position":2,"name":"T\u00e9rminos y Condiciones"}]},{"@type":"WebSite","@id":"https:\/\/fusion19.com\/#website","url":"https:\/\/fusion19.com\/","name":"Restaurant Fusi\u00f319 | Estrella Michelin 2024","description":"","publisher":{"@id":"https:\/\/fusion19.com\/#organization"},"potentialAction":[{"@type":"SearchAction","target":{"@type":"EntryPoint","urlTemplate":"https:\/\/fusion19.com\/?s={search_term_string}"},"query-input":{"@type":"PropertyValueSpecification","valueRequired":true,"valueName":"search_term_string"}}],"inLanguage":"ca"},{"@type":"Organization","@id":"https:\/\/fusion19.com\/#organization","name":"Restaurant Fusi\u00f319 | Estrella Michelin 2024","url":"https:\/\/fusion19.com\/","logo":{"@type":"ImageObject","inLanguage":"ca","@id":"https:\/\/fusion19.com\/#\/schema\/logo\/image\/","url":"https:\/\/fusion19.com\/wp-content\/uploads\/2023\/09\/favicon-fusion19.png","contentUrl":"https:\/\/fusion19.com\/wp-content\/uploads\/2023\/09\/favicon-fusion19.png","width":900,"height":900,"caption":"Restaurante Fusi\u00f3n19 | Estrella Michel\u00edn 2024"},"image":{"@id":"https:\/\/fusion19.com\/#\/schema\/logo\/image\/"},"sameAs":["https:\/\/www.facebook.com\/Fusion19restaurant\/?locale=es_ES","https:\/\/www.instagram.com\/fusion19restaurant\/"]}]}},"_links":{"self":[{"href":"https:\/\/fusion19.com\/ca\/wp-json\/wp\/v2\/pages\/7274","targetHints":{"allow":["GET"]}}],"collection":[{"href":"https:\/\/fusion19.com\/ca\/wp-json\/wp\/v2\/pages"}],"about":[{"href":"https:\/\/fusion19.com\/ca\/wp-json\/wp\/v2\/types\/page"}],"author":[{"embeddable":true,"href":"https:\/\/fusion19.com\/ca\/wp-json\/wp\/v2\/users\/2"}],"replies":[{"embeddable":true,"href":"https:\/\/fusion19.com\/ca\/wp-json\/wp\/v2\/comments?post=7274"}],"version-history":[{"count":4,"href":"https:\/\/fusion19.com\/ca\/wp-json\/wp\/v2\/pages\/7274\/revisions"}],"predecessor-version":[{"id":7278,"href":"https:\/\/fusion19.com\/ca\/wp-json\/wp\/v2\/pages\/7274\/revisions\/7278"}],"wp:attachment":[{"href":"https:\/\/fusion19.com\/ca\/wp-json\/wp\/v2\/media?parent=7274"}],"curies":[{"name":"wp","href":"https:\/\/api.w.org\/{rel}","templated":true}]}}