{"id":6062,"date":"2025-01-16T15:30:04","date_gmt":"2025-01-16T14:30:04","guid":{"rendered":"https:\/\/fusion19.com\/?post_type=product&#038;p=6062"},"modified":"2026-03-30T12:54:14","modified_gmt":"2026-03-30T11:54:14","slug":"fusion19-tasting-menu-essencia-wine-pairing","status":"publish","type":"product","link":"https:\/\/fusion19.com\/ca\/producte\/fusion19-tasting-menu-essencia-wine-pairing\/","title":{"rendered":"Fusion19 Tasting Menu Ess\u00e8ncia + Wine Pairing"},"content":{"rendered":"<p><strong>PRODUCT \u00b7 MEMORY \u00b7 INFLUENCES<\/strong><\/p>\n<div class=\"av-subheading av-subheading_below av_custom_color\">\n<p>A 8-step journey that distills the purity of flavor into a unique gastronomic experience, accompanied by a carefully curated selection of wines.<\/p>\n<p><em>*La pre-selection de men\u00fa \u00e9s per a l&#039;entable taula, sense possibilitat de combinar diferents tipus de men\u00fas en taula.<\/em><\/p>\n<\/div>","protected":false},"excerpt":{"rendered":"<p>Do you donare to discover <em data-start=\"72\" data-end=\"81\">Ess\u00e8ncia<\/em> and its 10-step journey?\u00bb<\/p>","protected":false},"featured_media":8282,"template":"","meta":{"inline_featured_image":false},"product_brand":[],"product_cat":[37,23],"product_tag":[],"class_list":{"0":"post-6062","1":"product","2":"type-product","3":"status-publish","4":"has-post-thumbnail","6":"product_cat-en","7":"product_cat-menus","9":"first","10":"instock","11":"taxable","12":"shipping-taxable","13":"purchasable","14":"product-type-simple"},"yoast_head":"<!-- This site is optimized with the Yoast SEO plugin v27.4 - https:\/\/yoast.com\/product\/yoast-seo-wordpress\/ -->\n<title>Fusion19 Tasting Menu Esencia + Wine Pairing - Restaurante Fusion19 | Estrella Michelin 2026<\/title>\n<meta name=\"description\" content=\"Restaurante estrella michel\u00edn de la zona norte de Mallorca, Disfruta de una experiencia gastron\u00f3mica \u00fanica.\" \/>\n<meta name=\"robots\" content=\"noindex, nofollow\" \/>\n<meta property=\"og:locale\" content=\"ca_ES\" \/>\n<meta property=\"og:type\" content=\"article\" \/>\n<meta property=\"og:title\" content=\"Fusion19 Tasting Menu Esencia + Wine Pairing - Restaurante Fusion19 | Estrella Michelin 2026\" \/>\n<meta property=\"og:description\" content=\"Restaurante estrella michel\u00edn de la zona norte de Mallorca, Disfruta de una experiencia gastron\u00f3mica \u00fanica.\" \/>\n<meta property=\"og:url\" content=\"https:\/\/fusion19.com\/ca\/producte\/fusion19-tasting-menu-essencia-wine-pairing\/\" \/>\n<meta property=\"og:site_name\" content=\"Restaurante Fusion19 | Estrella Michelin 2026\" \/>\n<meta property=\"article:publisher\" content=\"https:\/\/www.facebook.com\/Fusion19restaurant\/?locale=es_ES\" \/>\n<meta property=\"article:modified_time\" content=\"2026-03-30T11:54:14+00:00\" \/>\n<meta property=\"og:image\" content=\"https:\/\/fusion19.com\/wp-content\/uploads\/2025\/01\/menu-degustacion-2-2-e1745834194469.webp\" \/>\n\t<meta property=\"og:image:width\" content=\"460\" \/>\n\t<meta property=\"og:image:height\" content=\"460\" \/>\n\t<meta property=\"og:image:type\" content=\"image\/webp\" \/>\n<meta name=\"twitter:card\" content=\"summary_large_image\" \/>\n<meta name=\"twitter:label1\" content=\"Temps estimat de lectura\" \/>\n\t<meta name=\"twitter:data1\" content=\"1 minut\" \/>\n<script type=\"application\/ld+json\" class=\"yoast-schema-graph\">{\"@context\":\"https:\\\/\\\/schema.org\",\"@graph\":[{\"@type\":\"WebPage\",\"@id\":\"https:\\\/\\\/fusion19.com\\\/producto\\\/fusion19-tasting-menu-esencia-wine-pairing\\\/\",\"url\":\"https:\\\/\\\/fusion19.com\\\/producto\\\/fusion19-tasting-menu-esencia-wine-pairing\\\/\",\"name\":\"Fusion19 Tasting Menu Esencia + Wine Pairing - Restaurante Fusion19 | Estrella Michelin 2026\",\"isPartOf\":{\"@id\":\"https:\\\/\\\/fusion19.com\\\/#website\"},\"primaryImageOfPage\":{\"@id\":\"https:\\\/\\\/fusion19.com\\\/producto\\\/fusion19-tasting-menu-esencia-wine-pairing\\\/#primaryimage\"},\"image\":{\"@id\":\"https:\\\/\\\/fusion19.com\\\/producto\\\/fusion19-tasting-menu-esencia-wine-pairing\\\/#primaryimage\"},\"thumbnailUrl\":\"https:\\\/\\\/fusion19.com\\\/wp-content\\\/uploads\\\/2025\\\/01\\\/menu-degustacion-2-2-e1745834194469.webp\",\"datePublished\":\"2025-01-16T14:30:04+00:00\",\"dateModified\":\"2026-03-30T11:54:14+00:00\",\"description\":\"Restaurante estrella michel\u00edn de la zona norte de Mallorca, Disfruta de una experiencia gastron\u00f3mica \u00fanica.\",\"breadcrumb\":{\"@id\":\"https:\\\/\\\/fusion19.com\\\/producto\\\/fusion19-tasting-menu-esencia-wine-pairing\\\/#breadcrumb\"},\"inLanguage\":\"ca\",\"potentialAction\":[{\"@type\":\"ReadAction\",\"target\":[\"https:\\\/\\\/fusion19.com\\\/producto\\\/fusion19-tasting-menu-esencia-wine-pairing\\\/\"]}]},{\"@type\":\"ImageObject\",\"inLanguage\":\"ca\",\"@id\":\"https:\\\/\\\/fusion19.com\\\/producto\\\/fusion19-tasting-menu-esencia-wine-pairing\\\/#primaryimage\",\"url\":\"https:\\\/\\\/fusion19.com\\\/wp-content\\\/uploads\\\/2025\\\/01\\\/menu-degustacion-2-2-e1745834194469.webp\",\"contentUrl\":\"https:\\\/\\\/fusion19.com\\\/wp-content\\\/uploads\\\/2025\\\/01\\\/menu-degustacion-2-2-e1745834194469.webp\",\"width\":460,\"height\":460},{\"@type\":\"BreadcrumbList\",\"@id\":\"https:\\\/\\\/fusion19.com\\\/producto\\\/fusion19-tasting-menu-esencia-wine-pairing\\\/#breadcrumb\",\"itemListElement\":[{\"@type\":\"ListItem\",\"position\":1,\"name\":\"Portada\",\"item\":\"https:\\\/\\\/fusion19.com\\\/\"},{\"@type\":\"ListItem\",\"position\":2,\"name\":\"Tienda\",\"item\":\"https:\\\/\\\/fusion19.com\\\/tienda\\\/\"},{\"@type\":\"ListItem\",\"position\":3,\"name\":\"Fusion19 Tasting Menu Esencia + Wine Pairing\"}]},{\"@type\":\"WebSite\",\"@id\":\"https:\\\/\\\/fusion19.com\\\/#website\",\"url\":\"https:\\\/\\\/fusion19.com\\\/\",\"name\":\"Restaurante Fusi\u00f3n19 | Estrella Michel\u00edn 2024\",\"description\":\"\",\"publisher\":{\"@id\":\"https:\\\/\\\/fusion19.com\\\/#organization\"},\"potentialAction\":[{\"@type\":\"SearchAction\",\"target\":{\"@type\":\"EntryPoint\",\"urlTemplate\":\"https:\\\/\\\/fusion19.com\\\/?s={search_term_string}\"},\"query-input\":{\"@type\":\"PropertyValueSpecification\",\"valueRequired\":true,\"valueName\":\"search_term_string\"}}],\"inLanguage\":\"ca\"},{\"@type\":\"Organization\",\"@id\":\"https:\\\/\\\/fusion19.com\\\/#organization\",\"name\":\"Restaurante Fusi\u00f3n19 | Estrella Michel\u00edn 2024\",\"url\":\"https:\\\/\\\/fusion19.com\\\/\",\"logo\":{\"@type\":\"ImageObject\",\"inLanguage\":\"ca\",\"@id\":\"https:\\\/\\\/fusion19.com\\\/#\\\/schema\\\/logo\\\/image\\\/\",\"url\":\"https:\\\/\\\/fusion19.com\\\/wp-content\\\/uploads\\\/2023\\\/09\\\/favicon-fusion19.png\",\"contentUrl\":\"https:\\\/\\\/fusion19.com\\\/wp-content\\\/uploads\\\/2023\\\/09\\\/favicon-fusion19.png\",\"width\":900,\"height\":900,\"caption\":\"Restaurante Fusi\u00f3n19 | Estrella Michel\u00edn 2024\"},\"image\":{\"@id\":\"https:\\\/\\\/fusion19.com\\\/#\\\/schema\\\/logo\\\/image\\\/\"},\"sameAs\":[\"https:\\\/\\\/www.facebook.com\\\/Fusion19restaurant\\\/?locale=es_ES\",\"https:\\\/\\\/www.instagram.com\\\/fusion19restaurant\\\/\"]}]}<\/script>\n<!-- \/ Yoast SEO plugin. -->","yoast_head_json":{"title":"Fusion19 Tasting Menu Ess\u00e8ncia + Wine Pairing - Restaurant Fusion19 | Estrella Michelin 2026","description":"Restaurant estrella michel\u00edn de la zona nord de Mallorca, Gaudeix d&#039;una experi\u00e8ncia gastron\u00f2mica \u00fanica.","robots":{"index":"noindex","follow":"nofollow"},"og_locale":"ca_ES","og_type":"article","og_title":"Fusion19 Tasting Menu Esencia + Wine Pairing - Restaurante Fusion19 | Estrella Michelin 2026","og_description":"Restaurante estrella michel\u00edn de la zona norte de Mallorca, Disfruta de una experiencia gastron\u00f3mica \u00fanica.","og_url":"https:\/\/fusion19.com\/ca\/producte\/fusion19-tasting-menu-essencia-wine-pairing\/","og_site_name":"Restaurante Fusion19 | Estrella Michelin 2026","article_publisher":"https:\/\/www.facebook.com\/Fusion19restaurant\/?locale=es_ES","article_modified_time":"2026-03-30T11:54:14+00:00","og_image":[{"width":460,"height":460,"url":"https:\/\/fusion19.com\/wp-content\/uploads\/2025\/01\/menu-degustacion-2-2-e1745834194469.webp","type":"image\/webp"}],"twitter_card":"summary_large_image","twitter_misc":{"Temps estimat de lectura":"1 minut"},"schema":{"@context":"https:\/\/schema.org","@graph":[{"@type":"WebPage","@id":"https:\/\/fusion19.com\/producto\/fusion19-tasting-menu-esencia-wine-pairing\/","url":"https:\/\/fusion19.com\/producto\/fusion19-tasting-menu-esencia-wine-pairing\/","name":"Fusion19 Tasting Menu Ess\u00e8ncia + Wine Pairing - Restaurant Fusion19 | Estrella Michelin 2026","isPartOf":{"@id":"https:\/\/fusion19.com\/#website"},"primaryImageOfPage":{"@id":"https:\/\/fusion19.com\/producto\/fusion19-tasting-menu-esencia-wine-pairing\/#primaryimage"},"image":{"@id":"https:\/\/fusion19.com\/producto\/fusion19-tasting-menu-esencia-wine-pairing\/#primaryimage"},"thumbnailUrl":"https:\/\/fusion19.com\/wp-content\/uploads\/2025\/01\/menu-degustacion-2-2-e1745834194469.webp","datePublished":"2025-01-16T14:30:04+00:00","dateModified":"2026-03-30T11:54:14+00:00","description":"Restaurant estrella michel\u00edn de la zona nord de Mallorca, Gaudeix d&#039;una experi\u00e8ncia gastron\u00f2mica \u00fanica.","breadcrumb":{"@id":"https:\/\/fusion19.com\/producto\/fusion19-tasting-menu-esencia-wine-pairing\/#breadcrumb"},"inLanguage":"ca","potentialAction":[{"@type":"ReadAction","target":["https:\/\/fusion19.com\/producto\/fusion19-tasting-menu-esencia-wine-pairing\/"]}]},{"@type":"ImageObject","inLanguage":"ca","@id":"https:\/\/fusion19.com\/producto\/fusion19-tasting-menu-esencia-wine-pairing\/#primaryimage","url":"https:\/\/fusion19.com\/wp-content\/uploads\/2025\/01\/menu-degustacion-2-2-e1745834194469.webp","contentUrl":"https:\/\/fusion19.com\/wp-content\/uploads\/2025\/01\/menu-degustacion-2-2-e1745834194469.webp","width":460,"height":460},{"@type":"BreadcrumbList","@id":"https:\/\/fusion19.com\/producto\/fusion19-tasting-menu-esencia-wine-pairing\/#breadcrumb","itemListElement":[{"@type":"ListItem","position":1,"name":"Portada","item":"https:\/\/fusion19.com\/"},{"@type":"ListItem","position":2,"name":"Tienda","item":"https:\/\/fusion19.com\/tienda\/"},{"@type":"ListItem","position":3,"name":"Fusion19 Tasting Menu Esencia + Wine Pairing"}]},{"@type":"WebSite","@id":"https:\/\/fusion19.com\/#website","url":"https:\/\/fusion19.com\/","name":"Restaurant Fusi\u00f319 | Estrella Michelin 2024","description":"","publisher":{"@id":"https:\/\/fusion19.com\/#organization"},"potentialAction":[{"@type":"SearchAction","target":{"@type":"EntryPoint","urlTemplate":"https:\/\/fusion19.com\/?s={search_term_string}"},"query-input":{"@type":"PropertyValueSpecification","valueRequired":true,"valueName":"search_term_string"}}],"inLanguage":"ca"},{"@type":"Organization","@id":"https:\/\/fusion19.com\/#organization","name":"Restaurant Fusi\u00f319 | Estrella Michelin 2024","url":"https:\/\/fusion19.com\/","logo":{"@type":"ImageObject","inLanguage":"ca","@id":"https:\/\/fusion19.com\/#\/schema\/logo\/image\/","url":"https:\/\/fusion19.com\/wp-content\/uploads\/2023\/09\/favicon-fusion19.png","contentUrl":"https:\/\/fusion19.com\/wp-content\/uploads\/2023\/09\/favicon-fusion19.png","width":900,"height":900,"caption":"Restaurante Fusi\u00f3n19 | Estrella Michel\u00edn 2024"},"image":{"@id":"https:\/\/fusion19.com\/#\/schema\/logo\/image\/"},"sameAs":["https:\/\/www.facebook.com\/Fusion19restaurant\/?locale=es_ES","https:\/\/www.instagram.com\/fusion19restaurant\/"]}]}},"_links":{"self":[{"href":"https:\/\/fusion19.com\/ca\/wp-json\/wp\/v2\/product\/6062","targetHints":{"allow":["GET"]}}],"collection":[{"href":"https:\/\/fusion19.com\/ca\/wp-json\/wp\/v2\/product"}],"about":[{"href":"https:\/\/fusion19.com\/ca\/wp-json\/wp\/v2\/types\/product"}],"wp:featuredmedia":[{"embeddable":true,"href":"https:\/\/fusion19.com\/ca\/wp-json\/wp\/v2\/media\/8282"}],"wp:attachment":[{"href":"https:\/\/fusion19.com\/ca\/wp-json\/wp\/v2\/media?parent=6062"}],"wp:term":[{"taxonomy":"product_brand","embeddable":true,"href":"https:\/\/fusion19.com\/ca\/wp-json\/wp\/v2\/product_brand?post=6062"},{"taxonomy":"product_cat","embeddable":true,"href":"https:\/\/fusion19.com\/ca\/wp-json\/wp\/v2\/product_cat?post=6062"},{"taxonomy":"product_tag","embeddable":true,"href":"https:\/\/fusion19.com\/ca\/wp-json\/wp\/v2\/product_tag?post=6062"}],"curies":[{"name":"wp","href":"https:\/\/api.w.org\/{rel}","templated":true}]}}