{"id":11391,"date":"2025-08-28T15:00:17","date_gmt":"2025-08-28T14:00:17","guid":{"rendered":"https:\/\/fusion19.com\/?page_id=11391"},"modified":"2025-08-28T15:02:13","modified_gmt":"2025-08-28T14:02:13","slug":"test-der-abdeckungstaste","status":"publish","type":"page","link":"https:\/\/fusion19.com\/de\/test-der-abdeckungstaste\/","title":{"rendered":"Test der Abdeckungstaste"},"content":{"rendered":"<div data-elementor-type=\"wp-page\" data-elementor-id=\"11391\" class=\"elementor elementor-11391\" data-elementor-post-type=\"page\">\n\t\t\t\t<div class=\"elementor-element elementor-element-ede344d e-flex e-con-boxed e-con e-parent\" data-id=\"ede344d\" data-element_type=\"container\" data-e-type=\"container\">\n\t\t\t\t\t<div class=\"e-con-inner\">\n\t\t\t\t<div class=\"elementor-element elementor-element-511a915 elementor-widget elementor-widget-html\" data-id=\"511a915\" data-element_type=\"widget\" data-e-type=\"widget\" data-widget_type=\"html.default\">\n\t\t\t\t<div class=\"elementor-widget-container\">\n\t\t\t\t\t                                                    <div id=\"cover_Fusion-19-restaurant\">\r\n                                                        <script type=\"text\/javascript\" src=\"https:\/\/www.covermanager.com\/js\/buttonmotor_new.js\"><\/script>\r\n                                                        <script type=\"text\/javascript\" src=\"https:\/\/www.covermanager.com\/js\/iframeResizer\/iframeResizer.min.js\"><\/script>\r\n                                                        <script type=\"text\/javascript\">\r\n                                                            module_restaurant('Fusion-19-restaurant','spanish', 'reservar', '#028a78');\r\n                                                            iFrameResize();\r\n                                                        <\/script>\r\n                                                    <\/div>\r\n                                                \t\t\t\t<\/div>\n\t\t\t\t<\/div>\n\t\t\t\t\t<\/div>\n\t\t\t\t<\/div>\n\t\t<div class=\"elementor-element elementor-element-72f7743 e-flex e-con-boxed e-con e-parent\" data-id=\"72f7743\" data-element_type=\"container\" data-e-type=\"container\">\n\t\t\t\t\t<div class=\"e-con-inner\">\n\t\t\t\t<div class=\"elementor-element elementor-element-8e9710a elementor-widget elementor-widget-html\" data-id=\"8e9710a\" data-element_type=\"widget\" data-e-type=\"widget\" data-widget_type=\"html.default\">\n\t\t\t\t<div class=\"elementor-widget-container\">\n\t\t\t\t\t                                                    <div id=\"cover_Fusion-19-restaurant\">\r\n                                                        <script type=\"text\/javascript\" src=\"https:\/\/www.covermanager.com\/js\/buttonmotor_new.js\"><\/script>\r\n                                                        <script type=\"text\/javascript\" src=\"https:\/\/www.covermanager.com\/js\/iframeResizer\/iframeResizer.min.js\"><\/script>\r\n                                                        <script type=\"text\/javascript\">\r\n                                                            module_restaurant('Fusion-19-restaurant','english', 'reservar', '#028a78');\r\n                                                            iFrameResize();\r\n                                                        <\/script>\r\n                                                    <\/div>\t\t\t\t<\/div>\n\t\t\t\t<\/div>\n\t\t\t\t\t<\/div>\n\t\t\t\t<\/div>\n\t\t<div class=\"elementor-element elementor-element-f9fc751 e-flex e-con-boxed e-con e-parent\" data-id=\"f9fc751\" data-element_type=\"container\" data-e-type=\"container\">\n\t\t\t\t\t<div class=\"e-con-inner\">\n\t\t\t\t<div class=\"elementor-element elementor-element-af82e35 elementor-widget elementor-widget-html\" data-id=\"af82e35\" data-element_type=\"widget\" data-e-type=\"widget\" data-widget_type=\"html.default\">\n\t\t\t\t<div class=\"elementor-widget-container\">\n\t\t\t\t\t                                                    <div id=\"cover_Fusion-19-restaurant\">\r\n                                                        <script type=\"text\/javascript\" src=\"https:\/\/www.covermanager.com\/js\/buttonmotor_new.js\"><\/script>\r\n                                                        <script type=\"text\/javascript\" src=\"https:\/\/www.covermanager.com\/js\/iframeResizer\/iframeResizer.min.js\"><\/script>\r\n                                                        <script type=\"text\/javascript\">\r\n                                                            module_restaurant('Fusion-19-restaurant','german', 'reservar', '#028a78');\r\n                                                            iFrameResize();\r\n                                                        <\/script>\r\n                                                    <\/div>\t\t\t\t<\/div>\n\t\t\t\t<\/div>\n\t\t\t\t\t<\/div>\n\t\t\t\t<\/div>\n\t\t\t\t<\/div>","protected":false},"excerpt":{"rendered":"","protected":false},"author":2,"featured_media":0,"parent":0,"menu_order":0,"comment_status":"closed","ping_status":"closed","template":"","meta":{"inline_featured_image":false,"footnotes":""},"class_list":["post-11391","page","type-page","status-publish","hentry"],"yoast_head":"<!-- This site is optimized with the Yoast SEO plugin v27.5 - https:\/\/yoast.com\/product\/yoast-seo-wordpress\/ -->\n<title>Test botones cover - Restaurante Fusion19 | Estrella Michelin 2026<\/title>\n<meta name=\"description\" content=\"Restaurante estrella michel\u00edn de la zona norte de Mallorca, Disfruta de una experiencia gastron\u00f3mica \u00fanica.\" \/>\n<meta name=\"robots\" content=\"index, follow, max-snippet:-1, max-image-preview:large, max-video-preview:-1\" \/>\n<link rel=\"canonical\" href=\"https:\/\/fusion19.com\/de\/test-der-abdeckungstaste\/\" \/>\n<meta property=\"og:locale\" content=\"de_DE\" \/>\n<meta property=\"og:type\" content=\"article\" \/>\n<meta property=\"og:title\" content=\"Test botones cover - Restaurante Fusion19 | Estrella Michelin 2026\" \/>\n<meta property=\"og:description\" content=\"Restaurante estrella michel\u00edn de la zona norte de Mallorca, Disfruta de una experiencia gastron\u00f3mica \u00fanica.\" \/>\n<meta property=\"og:url\" content=\"https:\/\/fusion19.com\/de\/test-der-abdeckungstaste\/\" \/>\n<meta property=\"og:site_name\" content=\"Restaurante Fusion19 | Estrella Michelin 2026\" \/>\n<meta property=\"article:publisher\" content=\"https:\/\/www.facebook.com\/Fusion19restaurant\/?locale=es_ES\" \/>\n<meta property=\"article:modified_time\" content=\"2025-08-28T14:02:13+00:00\" \/>\n<meta property=\"og:image\" content=\"https:\/\/fusion19.com\/wp-content\/uploads\/2023\/09\/favicon-fusion19.png\" \/>\n\t<meta property=\"og:image:width\" content=\"900\" \/>\n\t<meta property=\"og:image:height\" content=\"900\" \/>\n\t<meta property=\"og:image:type\" content=\"image\/png\" \/>\n<meta name=\"twitter:card\" content=\"summary_large_image\" \/>\n<meta name=\"twitter:label1\" content=\"Gesch\u00e4tzte Lesezeit\" \/>\n\t<meta name=\"twitter:data1\" content=\"1\u00a0Minute\" \/>\n<script type=\"application\/ld+json\" class=\"yoast-schema-graph\">{\"@context\":\"https:\\\/\\\/schema.org\",\"@graph\":[{\"@type\":\"WebPage\",\"@id\":\"https:\\\/\\\/fusion19.com\\\/test-botones-cover\\\/\",\"url\":\"https:\\\/\\\/fusion19.com\\\/test-botones-cover\\\/\",\"name\":\"Test botones cover - Restaurante Fusion19 | Estrella Michelin 2026\",\"isPartOf\":{\"@id\":\"https:\\\/\\\/fusion19.com\\\/#website\"},\"datePublished\":\"2025-08-28T14:00:17+00:00\",\"dateModified\":\"2025-08-28T14:02:13+00:00\",\"description\":\"Restaurante estrella michel\u00edn de la zona norte de Mallorca, Disfruta de una experiencia gastron\u00f3mica \u00fanica.\",\"breadcrumb\":{\"@id\":\"https:\\\/\\\/fusion19.com\\\/test-botones-cover\\\/#breadcrumb\"},\"inLanguage\":\"de\",\"potentialAction\":[{\"@type\":\"ReadAction\",\"target\":[\"https:\\\/\\\/fusion19.com\\\/test-botones-cover\\\/\"]}]},{\"@type\":\"BreadcrumbList\",\"@id\":\"https:\\\/\\\/fusion19.com\\\/test-botones-cover\\\/#breadcrumb\",\"itemListElement\":[{\"@type\":\"ListItem\",\"position\":1,\"name\":\"Portada\",\"item\":\"https:\\\/\\\/fusion19.com\\\/\"},{\"@type\":\"ListItem\",\"position\":2,\"name\":\"Test botones cover\"}]},{\"@type\":\"WebSite\",\"@id\":\"https:\\\/\\\/fusion19.com\\\/#website\",\"url\":\"https:\\\/\\\/fusion19.com\\\/\",\"name\":\"Restaurante Fusi\u00f3n19 | Estrella Michel\u00edn 2024\",\"description\":\"\",\"publisher\":{\"@id\":\"https:\\\/\\\/fusion19.com\\\/#organization\"},\"potentialAction\":[{\"@type\":\"SearchAction\",\"target\":{\"@type\":\"EntryPoint\",\"urlTemplate\":\"https:\\\/\\\/fusion19.com\\\/?s={search_term_string}\"},\"query-input\":{\"@type\":\"PropertyValueSpecification\",\"valueRequired\":true,\"valueName\":\"search_term_string\"}}],\"inLanguage\":\"de\"},{\"@type\":\"Organization\",\"@id\":\"https:\\\/\\\/fusion19.com\\\/#organization\",\"name\":\"Restaurante Fusi\u00f3n19 | Estrella Michel\u00edn 2024\",\"url\":\"https:\\\/\\\/fusion19.com\\\/\",\"logo\":{\"@type\":\"ImageObject\",\"inLanguage\":\"de\",\"@id\":\"https:\\\/\\\/fusion19.com\\\/#\\\/schema\\\/logo\\\/image\\\/\",\"url\":\"https:\\\/\\\/fusion19.com\\\/wp-content\\\/uploads\\\/2023\\\/09\\\/favicon-fusion19.png\",\"contentUrl\":\"https:\\\/\\\/fusion19.com\\\/wp-content\\\/uploads\\\/2023\\\/09\\\/favicon-fusion19.png\",\"width\":900,\"height\":900,\"caption\":\"Restaurante Fusi\u00f3n19 | Estrella Michel\u00edn 2024\"},\"image\":{\"@id\":\"https:\\\/\\\/fusion19.com\\\/#\\\/schema\\\/logo\\\/image\\\/\"},\"sameAs\":[\"https:\\\/\\\/www.facebook.com\\\/Fusion19restaurant\\\/?locale=es_ES\",\"https:\\\/\\\/www.instagram.com\\\/fusion19restaurant\\\/\"]}]}<\/script>\n<!-- \/ Yoast SEO plugin. -->","yoast_head_json":{"title":"Testkn\u00f6pfe abdecken - Fusion19 Restaurant - Michelin-Stern 2026","description":"Das mit einem Michelin-Stern ausgezeichnete Restaurant im Norden Mallorcas bietet Ihnen ein einzigartiges gastronomisches Erlebnis.","robots":{"index":"index","follow":"follow","max-snippet":"max-snippet:-1","max-image-preview":"max-image-preview:large","max-video-preview":"max-video-preview:-1"},"canonical":"https:\/\/fusion19.com\/de\/test-der-abdeckungstaste\/","og_locale":"de_DE","og_type":"article","og_title":"Test botones cover - Restaurante Fusion19 | Estrella Michelin 2026","og_description":"Restaurante estrella michel\u00edn de la zona norte de Mallorca, Disfruta de una experiencia gastron\u00f3mica \u00fanica.","og_url":"https:\/\/fusion19.com\/de\/test-der-abdeckungstaste\/","og_site_name":"Restaurante Fusion19 | Estrella Michelin 2026","article_publisher":"https:\/\/www.facebook.com\/Fusion19restaurant\/?locale=es_ES","article_modified_time":"2025-08-28T14:02:13+00:00","og_image":[{"width":900,"height":900,"url":"https:\/\/fusion19.com\/wp-content\/uploads\/2023\/09\/favicon-fusion19.png","type":"image\/png"}],"twitter_card":"summary_large_image","twitter_misc":{"Gesch\u00e4tzte Lesezeit":"1\u00a0Minute"},"schema":{"@context":"https:\/\/schema.org","@graph":[{"@type":"WebPage","@id":"https:\/\/fusion19.com\/test-botones-cover\/","url":"https:\/\/fusion19.com\/test-botones-cover\/","name":"Testkn\u00f6pfe abdecken - Fusion19 Restaurant - Michelin-Stern 2026","isPartOf":{"@id":"https:\/\/fusion19.com\/#website"},"datePublished":"2025-08-28T14:00:17+00:00","dateModified":"2025-08-28T14:02:13+00:00","description":"Das mit einem Michelin-Stern ausgezeichnete Restaurant im Norden Mallorcas bietet Ihnen ein einzigartiges gastronomisches Erlebnis.","breadcrumb":{"@id":"https:\/\/fusion19.com\/test-botones-cover\/#breadcrumb"},"inLanguage":"de","potentialAction":[{"@type":"ReadAction","target":["https:\/\/fusion19.com\/test-botones-cover\/"]}]},{"@type":"BreadcrumbList","@id":"https:\/\/fusion19.com\/test-botones-cover\/#breadcrumb","itemListElement":[{"@type":"ListItem","position":1,"name":"Portada","item":"https:\/\/fusion19.com\/"},{"@type":"ListItem","position":2,"name":"Test botones cover"}]},{"@type":"WebSite","@id":"https:\/\/fusion19.com\/#website","url":"https:\/\/fusion19.com\/","name":"Restaurant Fusion19\n| Michelin Stern 2024","description":"","publisher":{"@id":"https:\/\/fusion19.com\/#organization"},"potentialAction":[{"@type":"SearchAction","target":{"@type":"EntryPoint","urlTemplate":"https:\/\/fusion19.com\/?s={search_term_string}"},"query-input":{"@type":"PropertyValueSpecification","valueRequired":true,"valueName":"search_term_string"}}],"inLanguage":"de"},{"@type":"Organization","@id":"https:\/\/fusion19.com\/#organization","name":"Restaurant Fusion19\n| Michelin Stern 2024","url":"https:\/\/fusion19.com\/","logo":{"@type":"ImageObject","inLanguage":"de","@id":"https:\/\/fusion19.com\/#\/schema\/logo\/image\/","url":"https:\/\/fusion19.com\/wp-content\/uploads\/2023\/09\/favicon-fusion19.png","contentUrl":"https:\/\/fusion19.com\/wp-content\/uploads\/2023\/09\/favicon-fusion19.png","width":900,"height":900,"caption":"Restaurante Fusi\u00f3n19 | Estrella Michel\u00edn 2024"},"image":{"@id":"https:\/\/fusion19.com\/#\/schema\/logo\/image\/"},"sameAs":["https:\/\/www.facebook.com\/Fusion19restaurant\/?locale=es_ES","https:\/\/www.instagram.com\/fusion19restaurant\/"]}]}},"_links":{"self":[{"href":"https:\/\/fusion19.com\/de\/wp-json\/wp\/v2\/pages\/11391","targetHints":{"allow":["GET"]}}],"collection":[{"href":"https:\/\/fusion19.com\/de\/wp-json\/wp\/v2\/pages"}],"about":[{"href":"https:\/\/fusion19.com\/de\/wp-json\/wp\/v2\/types\/page"}],"author":[{"embeddable":true,"href":"https:\/\/fusion19.com\/de\/wp-json\/wp\/v2\/users\/2"}],"replies":[{"embeddable":true,"href":"https:\/\/fusion19.com\/de\/wp-json\/wp\/v2\/comments?post=11391"}],"version-history":[{"count":7,"href":"https:\/\/fusion19.com\/de\/wp-json\/wp\/v2\/pages\/11391\/revisions"}],"predecessor-version":[{"id":11398,"href":"https:\/\/fusion19.com\/de\/wp-json\/wp\/v2\/pages\/11391\/revisions\/11398"}],"wp:attachment":[{"href":"https:\/\/fusion19.com\/de\/wp-json\/wp\/v2\/media?parent=11391"}],"curies":[{"name":"wp","href":"https:\/\/api.w.org\/{rel}","templated":true}]}}