{"id":1841,"date":"2023-06-25T20:32:31","date_gmt":"2023-06-25T19:32:31","guid":{"rendered":"https:\/\/fusion19.es\/_-home\/"},"modified":"2026-02-13T16:25:54","modified_gmt":"2026-02-13T15:25:54","slug":"team","status":"publish","type":"page","link":"https:\/\/fusion19.com\/de\/team\/","title":{"rendered":"Team"},"content":{"rendered":"<div data-elementor-type=\"wp-page\" data-elementor-id=\"1841\" class=\"elementor elementor-1841\" data-elementor-post-type=\"page\">\n\t\t\t\t<div class=\"elementor-element elementor-element-b90a7c4 e-flex e-con-boxed e-con e-parent\" data-id=\"b90a7c4\" data-element_type=\"container\" data-e-type=\"container\" data-settings=\"{&quot;background_background&quot;:&quot;video&quot;,&quot;background_play_on_mobile&quot;:&quot;yes&quot;,&quot;background_video_link&quot;:&quot;https:\\\/\\\/fusion19.com\\\/wp-content\\\/uploads\\\/2025\\\/04\\\/video-equipo.mp4&quot;}\">\n\t\t\t\t\t<div class=\"e-con-inner\">\n\t\t<div class=\"elementor-background-video-container\">\n\t\t\t\t\t\t\t<video class=\"elementor-background-video-hosted\" role=\"presentation\" autoplay muted playsinline loop><\/video>\n\t\t\t\t\t<\/div>\t\t\t<\/div>\n\t\t\t\t<\/div>\n\t\t<div class=\"elementor-element elementor-element-d36cb4a e-flex e-con-boxed e-con e-parent\" data-id=\"d36cb4a\" data-element_type=\"container\" data-e-type=\"container\">\n\t\t\t\t\t<div class=\"e-con-inner\">\n\t\t\t\t<div class=\"elementor-element elementor-element-62cda43 elementor-widget-mobile__width-auto elementor-widget elementor-widget-heading\" data-id=\"62cda43\" data-element_type=\"widget\" data-e-type=\"widget\" data-settings=\"{&quot;_animation&quot;:&quot;none&quot;}\" data-widget_type=\"heading.default\">\n\t\t\t\t<div class=\"elementor-widget-container\">\n\t\t\t\t\t<h1 class=\"elementor-heading-title elementor-size-default\">TEAM Fusion19<\/h1>\t\t\t\t<\/div>\n\t\t\t\t<\/div>\n\t\t\t\t<div class=\"elementor-element elementor-element-d7e03c9 animated-slow elementor-widget elementor-widget-text-editor\" data-id=\"d7e03c9\" data-element_type=\"widget\" data-e-type=\"widget\" data-settings=\"{&quot;_animation&quot;:&quot;none&quot;,&quot;_animation_delay&quot;:1000}\" data-widget_type=\"text-editor.default\">\n\t\t\t\t<div class=\"elementor-widget-container\">\n\t\t\t\t\t\t\t\t\t<p><strong data-start=\"174\" data-end=\"199\">Das FUSION19-Team<\/strong>, Das mit einem Michelin-Stern ausgezeichnete Restaurant auf Mallorca ist das Ergebnis der Zusammenarbeit aller Mitarbeiter, einer jungen und professionellen Gruppe, die jeden Tag mit viel Liebe zum Detail arbeitet und sich um jede Geste, jede Zutat und jeden Winkel des Restaurants k\u00fcmmert. <strong>Unter der Leitung der K\u00fcchenchefs Aleix Serra und Marc<\/strong> <strong>Marsol,<\/strong> beide <span class=\"a_GcMg font-feature-liga-off font-feature-clig-off font-feature-calt-off text-decoration-none text-strikethrough-none\">f\u00fchren diese gro\u00dfe Familie leidenschaftlich, dank einer Komplizenschaft, die durch jahrelange Zusammenarbeit und Erfahrungen in renommierten K\u00fcchen entstanden ist.<\/span><\/p><p>Ein Team, das die Seele eines Restaurants der Haute Cuisine verk\u00f6rpert und sich der Exzellenz verschrieben hat. Von denen, die unsere Vorratskammer und unseren Weinkeller best\u00fccken, bis hin zu denen, die bestellen und den Raum vorbereiten, haben alle das gleiche Anliegen: ein einzigartiges gastronomisches Erlebnis zu bieten, bei dem der Akt des Kochens zu einem Moment der Liebe und des Respekts f\u00fcr das Produkt wird.<\/p><p>FUSION19 ist das Vorzeigeprojekt von <a href=\"https:\/\/grupoboulevard.com\/corp\/\"><span style=\"text-decoration: underline;\"><em><strong>Boulevard-Gruppe<\/strong><\/em><\/span><\/a>eine Unternehmensgruppe mit mehr als 30 Jahren Erfahrung, die in der Qualit\u00e4tsgastronomie im Norden Mallorcas f\u00fchrend ist. Eine Marke, die sich durch ihr Engagement f\u00fcr exzellenten Service und ihre Leidenschaft f\u00fcr kulinarische Projekte, die von Herzen kommen, auszeichnet.<\/p>\t\t\t\t\t\t\t\t<\/div>\n\t\t\t\t<\/div>\n\t\t\t\t\t<\/div>\n\t\t\t\t<\/div>\n\t\t<div class=\"elementor-element elementor-element-a50af5b e-con-full e-flex e-con e-parent\" data-id=\"a50af5b\" data-element_type=\"container\" data-e-type=\"container\" data-settings=\"{&quot;background_background&quot;:&quot;classic&quot;}\">\n\t\t\t\t<div class=\"elementor-element elementor-element-736626d animated-slow elementor-hidden-desktop elementor-hidden-tablet elementor-hidden-mobile elementor-widget elementor-widget-text-editor\" data-id=\"736626d\" data-element_type=\"widget\" data-e-type=\"widget\" data-settings=\"{&quot;_animation&quot;:&quot;none&quot;,&quot;_animation_delay&quot;:1000}\" data-widget_type=\"text-editor.default\">\n\t\t\t\t<div class=\"elementor-widget-container\">\n\t\t\t\t\t\t\t\t\t<p>Das Team des Fusion19 ist das Herz und die Seele unseres gastronomischen Angebots in Playa de Muro, Mallorca. Die K\u00fcchenchefs Aleix Serra und Marc Marsol leiten im Fusion19 eine Gruppe leidenschaftlicher Profis, die Kreativit\u00e4t, Technik und Liebe zum Detail miteinander verbinden, um ein einzigartiges kulinarisches Erlebnis zu bieten, das mit einem Michelin-Stern ausgezeichnet wurde.<\/p><p>Von der K\u00fcche bis zum Speisesaal tr\u00e4gt jedes Mitglied zu einem gastronomischen Erlebnis bei, bei dem sich lokale Produkte, exzellenter Service und Harmonie im Team in jedem Gericht widerspiegeln. Unser kulinarisches Erlebnis ist dank der koordinierten und engagierten Arbeit aller m\u00f6glich.<\/p><p>Wir laden Sie ein, unser Unternehmen kennenzulernen <a href=\"https:\/\/fusion19.com\/de\/degustationsmenu\/\"><span style=\"text-decoration: underline;\"><em><strong>Degustationsmen\u00fcs<\/strong><\/em><\/span><\/a> oder an <a href=\"https:\/\/fusion19.com\/de\/reservierung\/\"><span style=\"text-decoration: underline;\"><em><strong>Reservieren Sie Ihren Tisch<\/strong><\/em><\/span><\/a> und erleben Sie das Angebot, das unser Team f\u00fcr Sie vorbereitet hat.<\/p><p>Fusion19 erscheint in der <a href=\"https:\/\/guide.michelin.com\/es\/es\/islas-baleares\/muro\/restaurante\/fusion19\"><span style=\"text-decoration: underline;\"><em><strong>Michelin-F\u00fchrer<\/strong><\/em><\/span><\/a> als eines der besten Restaurants Mallorcas ausgezeichnet, eine Leistung, die das Ergebnis der gemeinsamen Anstrengungen und der Exzellenz unseres Teams ist.<\/p>\t\t\t\t\t\t\t\t<\/div>\n\t\t\t\t<\/div>\n\t\t\t\t<div class=\"elementor-element elementor-element-e238a60 elementor-widget-mobile__width-auto elementor-hidden-desktop elementor-hidden-tablet elementor-hidden-mobile elementor-widget elementor-widget-heading\" data-id=\"e238a60\" data-element_type=\"widget\" data-e-type=\"widget\" data-settings=\"{&quot;_animation&quot;:&quot;none&quot;}\" data-widget_type=\"heading.default\">\n\t\t\t\t<div class=\"elementor-widget-container\">\n\t\t\t\t\t<h2 class=\"elementor-heading-title elementor-size-default\">Michelin-Stern-Restaurant-Team Mallorca<\/h2>\t\t\t\t<\/div>\n\t\t\t\t<\/div>\n\t\t\t\t<\/div>\n\t\t<div class=\"elementor-element elementor-element-d3fe0f7 elementor-hidden-desktop elementor-hidden-tablet elementor-hidden-mobile e-flex e-con-boxed e-con e-parent\" data-id=\"d3fe0f7\" data-element_type=\"container\" data-e-type=\"container\">\n\t\t\t\t\t<div class=\"e-con-inner\">\n\t\t\t\t<div class=\"elementor-element elementor-element-2ab96d6 elementor-widget elementor-widget-html\" data-id=\"2ab96d6\" data-element_type=\"widget\" data-e-type=\"widget\" data-widget_type=\"html.default\">\n\t\t\t\t<div class=\"elementor-widget-container\">\n\t\t\t\t\t<script type=\"application\/ld+json\">{\n    \"@context\": \"https:\\\/\\\/schema.org\",\n    \"@type\": \"Organization\",\n    \"name\": \"Fusion19\",\n    \"url\": \"https:\\\/\\\/fusion19.com\\\/equipo\\\/\",\n    \"logo\": \"https:\\\/\\\/fusion19.com\\\/wp-content\\\/uploads\\\/logo-fusion19.png\",\n    \"description\": \"El equipo de FUSION19, restaurante estrella Michelin en Mallorca, es la complicidad de todas las personas que lo forman. Un grupo joven y profesional que trabaja con pasi\\u00f3n por el detalle, cuidando cada gesto, cada ingrediente, cada rinc\\u00f3n del restaurante.\",\n    \"department\": {\n        \"@type\": \"Restaurant\",\n        \"name\": \"Fusion19 Restaurante\",\n        \"address\": {\n            \"@type\": \"PostalAddress\",\n            \"streetAddress\": \"Av. de s'Albufera, 23\",\n            \"addressLocality\": \"Muro\",\n            \"addressRegion\": \"Illes Balears\",\n            \"postalCode\": \"07458\",\n            \"addressCountry\": \"ES\"\n        },\n        \"description\": \"Fusion19 es un restaurante de alta cocina comprometido con la excelencia. Desde quienes llenan la despensa y la bodega, hasta quienes preparan la sala, todo el equipo comparte una misma inquietud: ofrecer una experiencia gastron\\u00f3mica \\u00fanica donde cocinar es un acto de amor y respeto por el producto.\"\n    },\n    \"parentOrganization\": {\n        \"@type\": \"Organization\",\n        \"name\": \"Grupo Boulevard\",\n        \"description\": \"Grupo empresarial con m\\u00e1s de 30 a\\u00f1os de experiencia liderando la gastronom\\u00eda de calidad en el norte de Mallorca. Avalado por su compromiso con la excelencia y la pasi\\u00f3n por los proyectos culinarios que nacen del coraz\\u00f3n.\"\n    }\n}<\/script>\r\n\t\t\t\t<\/div>\n\t\t\t\t<\/div>\n\t\t\t\t\t<\/div>\n\t\t\t\t<\/div>\n\t\t\t\t<\/div>","protected":false},"excerpt":{"rendered":"<p>EQUIPO Fusion19 El equipo de FUSION19, restaurante estrella Michelin en Mallorca, es la complicidad de todas las personas que lo forman, un grupo joven y profesional que trabaja cada d\u00eda con pasi\u00f3n por el detalle, cuidando cada gesto, cada ingrediente, cada rinc\u00f3n del restaurante. Liderado por los chefs Aleix Serra y Marc Marsol, ambos gu\u00edan [&hellip;]<\/p>\n","protected":false},"author":2,"featured_media":0,"parent":0,"menu_order":0,"comment_status":"closed","ping_status":"closed","template":"","meta":{"inline_featured_image":false,"footnotes":""},"class_list":["post-1841","page","type-page","status-publish","hentry"],"yoast_head":"<!-- This site is optimized with the Yoast SEO plugin v27.4 - https:\/\/yoast.com\/product\/yoast-seo-wordpress\/ -->\n<title>Equipo de Fusion19 | Restaurante Michelin en Mallorca<\/title>\n<meta name=\"description\" content=\"Equipo de Fusion19, restaurante estrella Michelin en Playa de Muro, Mallorca. Creatividad, t\u00e9cnica y pasi\u00f3n en cada experiencia gastron\u00f3mica.\" \/>\n<meta name=\"robots\" content=\"index, follow, max-snippet:-1, max-image-preview:large, max-video-preview:-1\" \/>\n<link rel=\"canonical\" href=\"https:\/\/fusion19.com\/de\/team\/\" \/>\n<meta property=\"og:locale\" content=\"de_DE\" \/>\n<meta property=\"og:type\" content=\"article\" \/>\n<meta property=\"og:title\" content=\"Equipo de Fusion19 \u2013 Restaurante Michelin en Mallorca\" \/>\n<meta property=\"og:description\" content=\"Conoce al equipo que da vida a Fusion19, restaurante con estrella Michelin en Playa de Muro. Talento, creatividad y pasi\u00f3n por la alta cocina en Mallorca.\" \/>\n<meta property=\"og:url\" content=\"https:\/\/fusion19.com\/de\/team\/\" \/>\n<meta property=\"og:site_name\" content=\"Restaurante Fusion19 | Estrella Michelin 2026\" \/>\n<meta property=\"article:publisher\" content=\"https:\/\/www.facebook.com\/Fusion19restaurant\/?locale=es_ES\" \/>\n<meta property=\"article:modified_time\" content=\"2026-02-13T15:25:54+00:00\" \/>\n<meta property=\"og:image\" content=\"https:\/\/fusion19.com\/wp-content\/uploads\/2025\/07\/equipo-fusion19.webp\" \/>\n\t<meta property=\"og:image:width\" content=\"1450\" \/>\n\t<meta property=\"og:image:height\" content=\"967\" \/>\n\t<meta property=\"og:image:type\" content=\"image\/webp\" \/>\n<meta name=\"twitter:card\" content=\"summary_large_image\" \/>\n<meta name=\"twitter:label1\" content=\"Gesch\u00e4tzte Lesezeit\" \/>\n\t<meta name=\"twitter:data1\" content=\"2\u00a0Minuten\" \/>\n<script type=\"application\/ld+json\" class=\"yoast-schema-graph\">{\"@context\":\"https:\\\/\\\/schema.org\",\"@graph\":[{\"@type\":\"WebPage\",\"@id\":\"https:\\\/\\\/fusion19.com\\\/equipo\\\/\",\"url\":\"https:\\\/\\\/fusion19.com\\\/equipo\\\/\",\"name\":\"Equipo de Fusion19 | Restaurante Michelin en Mallorca\",\"isPartOf\":{\"@id\":\"https:\\\/\\\/fusion19.com\\\/#website\"},\"datePublished\":\"2023-06-25T19:32:31+00:00\",\"dateModified\":\"2026-02-13T15:25:54+00:00\",\"description\":\"Equipo de Fusion19, restaurante estrella Michelin en Playa de Muro, Mallorca. Creatividad, t\u00e9cnica y pasi\u00f3n en cada experiencia gastron\u00f3mica.\",\"breadcrumb\":{\"@id\":\"https:\\\/\\\/fusion19.com\\\/equipo\\\/#breadcrumb\"},\"inLanguage\":\"de\",\"potentialAction\":[{\"@type\":\"ReadAction\",\"target\":[\"https:\\\/\\\/fusion19.com\\\/equipo\\\/\"]}]},{\"@type\":\"BreadcrumbList\",\"@id\":\"https:\\\/\\\/fusion19.com\\\/equipo\\\/#breadcrumb\",\"itemListElement\":[{\"@type\":\"ListItem\",\"position\":1,\"name\":\"Portada\",\"item\":\"https:\\\/\\\/fusion19.com\\\/\"},{\"@type\":\"ListItem\",\"position\":2,\"name\":\"Equipo\"}]},{\"@type\":\"WebSite\",\"@id\":\"https:\\\/\\\/fusion19.com\\\/#website\",\"url\":\"https:\\\/\\\/fusion19.com\\\/\",\"name\":\"Restaurante Fusi\u00f3n19 | Estrella Michel\u00edn 2024\",\"description\":\"\",\"publisher\":{\"@id\":\"https:\\\/\\\/fusion19.com\\\/#organization\"},\"potentialAction\":[{\"@type\":\"SearchAction\",\"target\":{\"@type\":\"EntryPoint\",\"urlTemplate\":\"https:\\\/\\\/fusion19.com\\\/?s={search_term_string}\"},\"query-input\":{\"@type\":\"PropertyValueSpecification\",\"valueRequired\":true,\"valueName\":\"search_term_string\"}}],\"inLanguage\":\"de\"},{\"@type\":\"Organization\",\"@id\":\"https:\\\/\\\/fusion19.com\\\/#organization\",\"name\":\"Restaurante Fusi\u00f3n19 | Estrella Michel\u00edn 2024\",\"url\":\"https:\\\/\\\/fusion19.com\\\/\",\"logo\":{\"@type\":\"ImageObject\",\"inLanguage\":\"de\",\"@id\":\"https:\\\/\\\/fusion19.com\\\/#\\\/schema\\\/logo\\\/image\\\/\",\"url\":\"https:\\\/\\\/fusion19.com\\\/wp-content\\\/uploads\\\/2023\\\/09\\\/favicon-fusion19.png\",\"contentUrl\":\"https:\\\/\\\/fusion19.com\\\/wp-content\\\/uploads\\\/2023\\\/09\\\/favicon-fusion19.png\",\"width\":900,\"height\":900,\"caption\":\"Restaurante Fusi\u00f3n19 | Estrella Michel\u00edn 2024\"},\"image\":{\"@id\":\"https:\\\/\\\/fusion19.com\\\/#\\\/schema\\\/logo\\\/image\\\/\"},\"sameAs\":[\"https:\\\/\\\/www.facebook.com\\\/Fusion19restaurant\\\/?locale=es_ES\",\"https:\\\/\\\/www.instagram.com\\\/fusion19restaurant\\\/\"]}]}<\/script>\n<!-- \/ Yoast SEO plugin. -->","yoast_head_json":{"title":"Fusion19 Team : Michelin-Restaurant auf Mallorca","description":"Fusion19 Team, Michelin-Stern-Restaurant in Playa de Muro, Mallorca. Kreativit\u00e4t, Technik und Leidenschaft bei jedem kulinarischen Erlebnis.","robots":{"index":"index","follow":"follow","max-snippet":"max-snippet:-1","max-image-preview":"max-image-preview:large","max-video-preview":"max-video-preview:-1"},"canonical":"https:\/\/fusion19.com\/de\/team\/","og_locale":"de_DE","og_type":"article","og_title":"Equipo de Fusion19 \u2013 Restaurante Michelin en Mallorca","og_description":"Conoce al equipo que da vida a Fusion19, restaurante con estrella Michelin en Playa de Muro. Talento, creatividad y pasi\u00f3n por la alta cocina en Mallorca.","og_url":"https:\/\/fusion19.com\/de\/team\/","og_site_name":"Restaurante Fusion19 | Estrella Michelin 2026","article_publisher":"https:\/\/www.facebook.com\/Fusion19restaurant\/?locale=es_ES","article_modified_time":"2026-02-13T15:25:54+00:00","og_image":[{"width":1450,"height":967,"url":"https:\/\/fusion19.com\/wp-content\/uploads\/2025\/07\/equipo-fusion19.webp","type":"image\/webp"}],"twitter_card":"summary_large_image","twitter_misc":{"Gesch\u00e4tzte Lesezeit":"2\u00a0Minuten"},"schema":{"@context":"https:\/\/schema.org","@graph":[{"@type":"WebPage","@id":"https:\/\/fusion19.com\/equipo\/","url":"https:\/\/fusion19.com\/equipo\/","name":"Fusion19 Team : Michelin-Restaurant auf Mallorca","isPartOf":{"@id":"https:\/\/fusion19.com\/#website"},"datePublished":"2023-06-25T19:32:31+00:00","dateModified":"2026-02-13T15:25:54+00:00","description":"Fusion19 Team, Michelin-Stern-Restaurant in Playa de Muro, Mallorca. Kreativit\u00e4t, Technik und Leidenschaft bei jedem kulinarischen Erlebnis.","breadcrumb":{"@id":"https:\/\/fusion19.com\/equipo\/#breadcrumb"},"inLanguage":"de","potentialAction":[{"@type":"ReadAction","target":["https:\/\/fusion19.com\/equipo\/"]}]},{"@type":"BreadcrumbList","@id":"https:\/\/fusion19.com\/equipo\/#breadcrumb","itemListElement":[{"@type":"ListItem","position":1,"name":"Portada","item":"https:\/\/fusion19.com\/"},{"@type":"ListItem","position":2,"name":"Equipo"}]},{"@type":"WebSite","@id":"https:\/\/fusion19.com\/#website","url":"https:\/\/fusion19.com\/","name":"Restaurant Fusion19\n| Michelin Stern 2024","description":"","publisher":{"@id":"https:\/\/fusion19.com\/#organization"},"potentialAction":[{"@type":"SearchAction","target":{"@type":"EntryPoint","urlTemplate":"https:\/\/fusion19.com\/?s={search_term_string}"},"query-input":{"@type":"PropertyValueSpecification","valueRequired":true,"valueName":"search_term_string"}}],"inLanguage":"de"},{"@type":"Organization","@id":"https:\/\/fusion19.com\/#organization","name":"Restaurant Fusion19\n| Michelin Stern 2024","url":"https:\/\/fusion19.com\/","logo":{"@type":"ImageObject","inLanguage":"de","@id":"https:\/\/fusion19.com\/#\/schema\/logo\/image\/","url":"https:\/\/fusion19.com\/wp-content\/uploads\/2023\/09\/favicon-fusion19.png","contentUrl":"https:\/\/fusion19.com\/wp-content\/uploads\/2023\/09\/favicon-fusion19.png","width":900,"height":900,"caption":"Restaurante Fusi\u00f3n19 | Estrella Michel\u00edn 2024"},"image":{"@id":"https:\/\/fusion19.com\/#\/schema\/logo\/image\/"},"sameAs":["https:\/\/www.facebook.com\/Fusion19restaurant\/?locale=es_ES","https:\/\/www.instagram.com\/fusion19restaurant\/"]}]}},"_links":{"self":[{"href":"https:\/\/fusion19.com\/de\/wp-json\/wp\/v2\/pages\/1841","targetHints":{"allow":["GET"]}}],"collection":[{"href":"https:\/\/fusion19.com\/de\/wp-json\/wp\/v2\/pages"}],"about":[{"href":"https:\/\/fusion19.com\/de\/wp-json\/wp\/v2\/types\/page"}],"author":[{"embeddable":true,"href":"https:\/\/fusion19.com\/de\/wp-json\/wp\/v2\/users\/2"}],"replies":[{"embeddable":true,"href":"https:\/\/fusion19.com\/de\/wp-json\/wp\/v2\/comments?post=1841"}],"version-history":[{"count":368,"href":"https:\/\/fusion19.com\/de\/wp-json\/wp\/v2\/pages\/1841\/revisions"}],"predecessor-version":[{"id":11655,"href":"https:\/\/fusion19.com\/de\/wp-json\/wp\/v2\/pages\/1841\/revisions\/11655"}],"wp:attachment":[{"href":"https:\/\/fusion19.com\/de\/wp-json\/wp\/v2\/media?parent=1841"}],"curies":[{"name":"wp","href":"https:\/\/api.w.org\/{rel}","templated":true}]}}