{"id":7114,"date":"2025-04-16T14:42:56","date_gmt":"2025-04-16T13:42:56","guid":{"rendered":"https:\/\/fusion19.com\/?page_id=7114"},"modified":"2026-03-13T14:48:16","modified_gmt":"2026-03-13T13:48:16","slug":"buchungsbedingungen","status":"publish","type":"page","link":"https:\/\/fusion19.com\/de\/buchungsbedingungen\/","title":{"rendered":"Buchungsbedingungen"},"content":{"rendered":"<div data-elementor-type=\"wp-page\" data-elementor-id=\"7114\" class=\"elementor elementor-7114\" data-elementor-post-type=\"page\">\n\t\t\t\t<div class=\"elementor-element elementor-element-397ea19 e-grid e-con-boxed e-con e-parent\" data-id=\"397ea19\" data-element_type=\"container\" data-e-type=\"container\" data-settings=\"{&quot;background_background&quot;:&quot;classic&quot;}\">\n\t\t\t\t\t<div class=\"e-con-inner\">\n\t\t<div class=\"elementor-element elementor-element-d5c2f04 e-con-full e-flex e-con e-child\" data-id=\"d5c2f04\" data-element_type=\"container\" data-e-type=\"container\" data-settings=\"{&quot;background_background&quot;:&quot;gradient&quot;}\">\n\t\t\t\t<div class=\"elementor-element elementor-element-52593c2 elementor-widget elementor-widget-heading\" data-id=\"52593c2\" data-element_type=\"widget\" data-e-type=\"widget\" data-widget_type=\"heading.default\">\n\t\t\t\t<div class=\"elementor-widget-container\">\n\t\t\t\t\t<h1 class=\"elementor-heading-title elementor-size-default\">BUCHUNGSBEDINGUNGEN<\/h1>\t\t\t\t<\/div>\n\t\t\t\t<\/div>\n\t\t\t\t<div class=\"elementor-element elementor-element-b581f46 elementor-widget elementor-widget-text-editor\" data-id=\"b581f46\" data-element_type=\"widget\" data-e-type=\"widget\" data-widget_type=\"text-editor.default\">\n\t\t\t\t<div class=\"elementor-widget-container\">\n\t\t\t\t\t\t\t\t\t<p>Sehr geehrter Kunde,<\/p><p>Vielen Dank f\u00fcr Ihr Interesse an Fusion19. Um sicherzustellen, dass Sie vom Moment der Buchung an ein umfassendes Erlebnis haben, lesen Sie bitte die folgenden Richtlinien sorgf\u00e4ltig durch. <strong>Bedingungen f\u00fcr Restaurantreservierungen und unsere Stornierungsbedingungen:<\/strong><\/p><h6><span style=\"text-decoration: underline;\"><strong>ZEITPL\u00c4NE:<\/strong><\/span><\/h6><p>Vom 14. M\u00e4rz bis zum 1. November 2026:<\/p><p>Mo\u2013Di: Geschlossen<br \/>Mi\u2013Do\u2013Fr: 19:30 Uhr bis 21:00 Uhr<br \/>Sa\u2013So: 13:00 Uhr bis 14:00 Uhr und 19:30 Uhr bis 21:00 Uhr<\/p><p>Ausnahmen: Mittwoch 18. und 25. M\u00e4rz geschlossen. Samstag, 25. April nur von 19:30 bis 21:00 Uhr und Sonntag, 1. November von 13:00 bis 14:00 Uhr.<\/p><p>Vielen Dank f\u00fcr Ihre P\u00fcnktlichkeit, wir gew\u00e4hren 15 Minuten H\u00f6flichkeit.<\/p><h6><span style=\"text-decoration: underline;\"><strong>MEN\u00dcS:<\/strong><\/span><\/h6><p><strong>Plenitud | 180\u20ac pro Person<\/strong><br \/>Option Weinbegleitung 110 \u20ac pro Person<\/p><p><strong>Essenz | 150\u20ac pro Person<\/strong><br \/>Option Weinbegleitung \u20ac90 pro Person<\/p><p><strong>Das zuvor gew\u00e4hlte Men\u00fc wird f\u00fcr den gesamten Tisch serviert.<\/strong><\/p><h6><span style=\"text-decoration: underline;\"><strong>RESERVIEREN<\/strong><\/span><\/h6><p>Sobald Sie Ihre Buchung online vorgenommen haben, erhalten Sie eine E-Mail mit der Best\u00e4tigung und den Einzelheiten. Wenn Sie diese nicht erhalten, wird die Buchung nicht als g\u00fcltig betrachtet. Um Ihre Buchung abzuschlie\u00dfen, m\u00fcssen Sie Ihre Kreditkartendaten angeben. Diese werden w\u00e4hrend des Buchungsvorgangs abgefragt oder, wenn Sie Ihre Buchung per Telefon oder E-Mail vornehmen, \u00fcber einen sicheren Link, den wir Ihnen per SMS oder E-Mail zusenden.<\/p><p><strong>Wir werden Ihre Buchung per E-Mail oder SMS best\u00e4tigen, sobald wir Ihre Kreditkartendaten erhalten haben.<\/strong><\/p><p>Bitte beachten Sie, dass zum Zeitpunkt der Buchung keine Geb\u00fchr erhoben wird, auch wenn Ihre Kreditkartendaten als Garantie verlangt werden.<\/p><p>Wenn Sie Fragen zu Ihrer Buchung haben, k\u00f6nnen Sie uns per E-Mail kontaktieren unter <a href=\"mailto:reservas@fusion19.com\">reservas@fusion19.com<\/a> oder durch Aufruf (<a href=\"tel:+34971894259\">+34) 971 894 259<\/a>. Wenn die Best\u00e4tigung falsche Angaben enth\u00e4lt, informieren Sie uns bitte so schnell wie m\u00f6glich.<\/p><p>Antr\u00e4ge auf \u00c4nderung des Datums oder der Anzahl der G\u00e4ste werden ber\u00fccksichtigt, sofern sie rechtzeitig eingereicht werden und noch freie Pl\u00e4tze vorhanden sind.<\/p><p>Sie k\u00f6nnen sich dazu telefonisch an uns wenden.<\/p><h6>Bedingungen f\u00fcr Last-Minute-Buchungen und Warteliste:<\/h6><p>Buchungen, die weniger als 24\/48 Stunden im Voraus erfolgen, m\u00fcssen direkt telefonisch vorgenommen werden. Das Versenden einer E-Mail innerhalb dieser Frist garantiert weder die Verf\u00fcgbarkeit noch die Best\u00e4tigung der Buchung. Die Reservierung wird erst dann als g\u00fcltig betrachtet, wenn sie durch unser System best\u00e4tigt wurde.<\/p><p>Sollten Sie an Ihrem Wunschtermin keine freien Pl\u00e4tze finden, empfehlen wir Ihnen, sich auf unserer Warteliste einzutragen. Im Falle einer Absage werden wir Sie kontaktieren.<\/p><p>Die Mindestvorlaufzeit f\u00fcr Reservierungen \u00fcber unsere Online-Plattform betr\u00e4gt 6 Stunden. Wenn Sie au\u00dferhalb dieses Zeitraums eine Reservierung vornehmen m\u00f6chten, bitten wir Sie, das Restaurant telefonisch zu kontaktieren.<\/p><p>Die \u00d6ffnungszeiten des Telefondienstes sind:<\/p><ul><li>X-D: 12:00 h a 19:00 h<\/li><\/ul><h6><span style=\"text-decoration: underline;\"><strong>STORNIERUNGSBEDINGUNGEN<\/strong><\/span><\/h6><p>Die <strong>Buchungsanfragen m\u00fcssen per Kreditkarte garantiert werden, um akzeptiert zu werden. Bei Nichterscheinen oder Stornierung innerhalb von 48 Stunden vor dem gebuchten Termin wird Ihre angegebene Kredit-\/Debitkarte mit einer Geb\u00fchr von 80 \u20ac pro Essen belastet.<\/strong> (10% einschlie\u00dflich Mehrwertsteuer). Bei Stornierungen, die mindestens 48 Stunden im Voraus erfolgen, fallen keine Kosten an.<\/p><p>Bei einer ungerechtfertigten Stornierung in letzter Minute oder bei Nichterscheinen erheben wir gem\u00e4\u00df unseren Buchungs- und Stornierungsbedingungen, \u00fcber die Sie w\u00e4hrend des Buchungsvorgangs informiert wurden, eine Geb\u00fchr von 80 \u20ac pro Gast.<\/p><p><a href=\"https:\/\/fusion19.com\/de\/\">Fusion19<\/a> kann in keinem Fall haftbar gemacht werden, wenn die Reservierung nicht innerhalb der vom Restaurant festgelegten Parameter vorgenommen wurde.<\/p><h6><span style=\"text-decoration: underline;\"><strong>MEN\u00dcANPASSUNGEN<\/strong><\/span><\/h6><p>Der Kunde ist daf\u00fcr verantwortlich, das Restaurant w\u00e4hrend des Buchungsvorgangs \u00fcber eventuelle Allergien oder di\u00e4tetische Anforderungen der Person, die die Reservierung vornimmt, sowie der \u00fcbrigen Begleitpersonen in dem daf\u00fcr vorgesehenen Feld zu informieren. Ebenso m\u00fcssen sie das Restaurant informieren, wenn die Reservierung durch einen anderen Kommunikationskanal gemacht wird, ob per Telefon, E-Mail oder vor Ort im Restaurant.<\/p><p><strong>Es liegt in der Verantwortung des Kunden, w\u00e4hrend des Buchungsvorgangs \u00fcber eventuelle Allergien oder Nahrungsmittelbed\u00fcrfnisse sowohl des Inhabers der Buchung als auch der Begleitpersonen in dem daf\u00fcr vorgesehenen Feld zu informieren.<\/strong>. Wenn die Reservierung \u00fcber andere Kan\u00e4le erfolgt, entweder per Telefon, E-Mail oder pers\u00f6nlich, muss der Kunde diese Informationen an das Restaurant weitergeben.<\/p><p><strong>Fusion19 garantiert nicht die M\u00f6glichkeit, das Men\u00fc bei Allergien, Unvertr\u00e4glichkeiten oder Nahrungsmitteleinschr\u00e4nkungen, die weniger als 48 Stunden im Voraus mitgeteilt wurden, anzupassen.<\/strong>. Au\u00dferdem k\u00f6nnen wir nicht garantieren, dass Anpassungen f\u00fcr Menschen mit Glutenunvertr\u00e4glichkeit oder anderen Lebensmitteln v\u00f6llig frei von Spuren sind. Wenn wir nicht im Voraus informiert wurden, k\u00f6nnen wir nicht garantieren, dass unsere Men\u00fcs f\u00fcr diese Bed\u00fcrfnisse geeignet sind.<\/p><p>Das gastronomische Angebot von Fusion19 basiert auf saisonalen Produkten und wurde zu diesem Zweck konzipiert. Jegliche \u00c4nderung unserer Degustationsmen\u00fcs kann das Gesamterlebnis des Gastes ver\u00e4ndern, der das Angebot nicht in vollem Umfang so genie\u00dfen kann, wie es konzipiert wurde. Aus diesem Grund empfehlen wir Ihnen, das gastronomische Erlebnis ohne Einschr\u00e4nkungen zu genie\u00dfen, um unsere K\u00fcche so zu entdecken, wie sie konzipiert wurde.<\/p><h6><span style=\"text-decoration: underline;\"><strong>KINDERPOLITIK<\/strong><\/span><\/h6><p>Aufgrund der L\u00e4nge unseres Essens glauben wir, dass es f\u00fcr Kinder zu lang sein k\u00f6nnte. Aus diesem Grund raten wir von einer Buchung f\u00fcr Kinder unter 13 Jahren ab. Wenn Ihre Reservierung Kinder umfasst, geben Sie dies bitte w\u00e4hrend des Buchungsvorgangs an.<\/p><p>Durch die Aufnahme eines Kindes in die Reservierung verpflichtet sich der Kunde, auch das entsprechende Men\u00fc f\u00fcr das Kind zu reservieren. Wenn der Minderj\u00e4hrige nicht konsumiert, ihn nur begleitet oder ein spezielles Men\u00fc ben\u00f6tigt, muss er dies im Voraus mitteilen. Andernfalls wird davon ausgegangen, dass der Minderj\u00e4hrige dasselbe Men\u00fc wie die begleitenden Erwachsenen genie\u00dft, und die entsprechenden Kosten werden unter denselben Bedingungen \u00fcbernommen.<\/p><p>Ebenso ist der Kunde bei einer Buchung mit einem Minderj\u00e4hrigen daf\u00fcr verantwortlich, dass dessen Anwesenheit im Restaurant den harmonischen und angenehmen Genuss der anderen G\u00e4ste nicht beeintr\u00e4chtigt. Wir danken Ihnen f\u00fcr Ihr Verst\u00e4ndnis.<\/p><h6><span style=\"text-decoration: underline;\"><strong>GRUPPENBUCHUNGEN<\/strong><\/span><\/h6><p>F\u00fcr Buchungen von mehr als 7 Personen kontaktieren Sie uns bitte \u00fcber die folgende E-Mail-Adresse: <a href=\"mailto:reservas@fusion19.com\">reservas@fusion19.com<\/a>.<\/p><h6><span style=\"text-decoration: underline;\"><strong>KLEIDERCODE<\/strong><\/span><\/h6><p>Die G\u00e4ste werden gebeten, sich leger und elegant zu kleiden. Kurze Hosen sind nicht erlaubt.<\/p><h6><span style=\"text-decoration: underline;\"><strong>HAUSTIERE<\/strong><\/span><\/h6><p>Haustiere sind nicht erlaubt, mit Ausnahme von Blindenhunden.<\/p>\t\t\t\t\t\t\t\t<\/div>\n\t\t\t\t<\/div>\n\t\t\t\t<div class=\"elementor-element elementor-element-794e074 elementor-widget elementor-widget-heading\" data-id=\"794e074\" data-element_type=\"widget\" data-e-type=\"widget\" data-widget_type=\"heading.default\">\n\t\t\t\t<div class=\"elementor-widget-container\">\n\t\t\t\t\t<h2 class=\"elementor-heading-title elementor-size-default\">Vielen Dank, dass Sie Fusion19 gebucht haben. Wir hoffen, dass Sie ein unvergessliches kulinarisches Erlebnis genie\u00dfen werden.<\/h2>\t\t\t\t<\/div>\n\t\t\t\t<\/div>\n\t\t\t\t<div class=\"elementor-element elementor-element-3d7a0db elementor-widget-divider--view-line elementor-widget elementor-widget-divider\" data-id=\"3d7a0db\" data-element_type=\"widget\" data-e-type=\"widget\" data-widget_type=\"divider.default\">\n\t\t\t\t<div class=\"elementor-widget-container\">\n\t\t\t\t\t\t\t<div class=\"elementor-divider\">\n\t\t\t<span class=\"elementor-divider-separator\">\n\t\t\t\t\t\t<\/span>\n\t\t<\/div>\n\t\t\t\t\t\t<\/div>\n\t\t\t\t<\/div>\n\t\t\t\t<\/div>\n\t\t\t\t\t<\/div>\n\t\t\t\t<\/div>\n\t\t\t\t<\/div>","protected":false},"excerpt":{"rendered":"<p>CONDICIONES DE RESERVA Apreciado cliente, Le agradecemos su inter\u00e9s en Fusion19. Para garantizarle una experiencia plena desde el momento de la reserva, le rogamos lea con atenci\u00f3n las siguientes Condiciones de reserva del restaurante y nuestras pol\u00edticas de cancelaci\u00f3n: HORARIOS: Del 14 de marzo al 1 de noviembre de 2026: L-M: CerradoX-J-V: 19:30 h a [&hellip;]<\/p>\n","protected":false},"author":2,"featured_media":0,"parent":0,"menu_order":0,"comment_status":"closed","ping_status":"closed","template":"elementor_header_footer","meta":{"inline_featured_image":false,"footnotes":""},"class_list":["post-7114","page","type-page","status-publish","hentry"],"yoast_head":"<!-- This site is optimized with the Yoast SEO plugin v27.4 - https:\/\/yoast.com\/product\/yoast-seo-wordpress\/ -->\n<title>Condiciones de Reserva | Fusion19 Restaurante Estrella Michelin<\/title>\n<meta name=\"description\" content=\"Consulta condiciones de reserva Fusion19, restaurante estrella Michelin en Mallorca. Pol\u00edtica de cancelaci\u00f3n, horarios y condiciones clave.\" \/>\n<meta name=\"robots\" content=\"noindex, follow\" \/>\n<meta property=\"og:locale\" content=\"de_DE\" \/>\n<meta property=\"og:type\" content=\"article\" \/>\n<meta property=\"og:title\" content=\"Condiciones de Reserva | Fusion19 Restaurante Estrella Michelin\" \/>\n<meta property=\"og:description\" content=\"Consulta condiciones de reserva Fusion19, restaurante estrella Michelin en Mallorca. Pol\u00edtica de cancelaci\u00f3n, horarios y condiciones clave.\" \/>\n<meta property=\"og:url\" content=\"https:\/\/fusion19.com\/de\/buchungsbedingungen\/\" \/>\n<meta property=\"og:site_name\" content=\"Restaurante Fusion19 | Estrella Michelin 2026\" \/>\n<meta property=\"article:publisher\" content=\"https:\/\/www.facebook.com\/Fusion19restaurant\/?locale=es_ES\" \/>\n<meta property=\"article:modified_time\" content=\"2026-03-13T13:48:16+00:00\" \/>\n<meta property=\"og:image\" content=\"https:\/\/fusion19.com\/wp-content\/uploads\/2023\/09\/favicon-fusion19.png\" \/>\n\t<meta property=\"og:image:width\" content=\"900\" \/>\n\t<meta property=\"og:image:height\" content=\"900\" \/>\n\t<meta property=\"og:image:type\" content=\"image\/png\" \/>\n<meta name=\"twitter:card\" content=\"summary_large_image\" \/>\n<meta name=\"twitter:label1\" content=\"Gesch\u00e4tzte Lesezeit\" \/>\n\t<meta name=\"twitter:data1\" content=\"6\u00a0Minuten\" \/>\n<script type=\"application\/ld+json\" class=\"yoast-schema-graph\">{\"@context\":\"https:\\\/\\\/schema.org\",\"@graph\":[{\"@type\":\"WebPage\",\"@id\":\"https:\\\/\\\/fusion19.com\\\/condiciones-de-reserva\\\/\",\"url\":\"https:\\\/\\\/fusion19.com\\\/condiciones-de-reserva\\\/\",\"name\":\"Condiciones de Reserva | Fusion19 Restaurante Estrella Michelin\",\"isPartOf\":{\"@id\":\"https:\\\/\\\/fusion19.com\\\/#website\"},\"datePublished\":\"2025-04-16T13:42:56+00:00\",\"dateModified\":\"2026-03-13T13:48:16+00:00\",\"description\":\"Consulta condiciones de reserva Fusion19, restaurante estrella Michelin en Mallorca. Pol\u00edtica de cancelaci\u00f3n, horarios y condiciones clave.\",\"breadcrumb\":{\"@id\":\"https:\\\/\\\/fusion19.com\\\/condiciones-de-reserva\\\/#breadcrumb\"},\"inLanguage\":\"de\",\"potentialAction\":[{\"@type\":\"ReadAction\",\"target\":[\"https:\\\/\\\/fusion19.com\\\/condiciones-de-reserva\\\/\"]}]},{\"@type\":\"BreadcrumbList\",\"@id\":\"https:\\\/\\\/fusion19.com\\\/condiciones-de-reserva\\\/#breadcrumb\",\"itemListElement\":[{\"@type\":\"ListItem\",\"position\":1,\"name\":\"Portada\",\"item\":\"https:\\\/\\\/fusion19.com\\\/\"},{\"@type\":\"ListItem\",\"position\":2,\"name\":\"Condiciones de reserva\"}]},{\"@type\":\"WebSite\",\"@id\":\"https:\\\/\\\/fusion19.com\\\/#website\",\"url\":\"https:\\\/\\\/fusion19.com\\\/\",\"name\":\"Restaurante Fusi\u00f3n19 | Estrella Michel\u00edn 2024\",\"description\":\"\",\"publisher\":{\"@id\":\"https:\\\/\\\/fusion19.com\\\/#organization\"},\"potentialAction\":[{\"@type\":\"SearchAction\",\"target\":{\"@type\":\"EntryPoint\",\"urlTemplate\":\"https:\\\/\\\/fusion19.com\\\/?s={search_term_string}\"},\"query-input\":{\"@type\":\"PropertyValueSpecification\",\"valueRequired\":true,\"valueName\":\"search_term_string\"}}],\"inLanguage\":\"de\"},{\"@type\":\"Organization\",\"@id\":\"https:\\\/\\\/fusion19.com\\\/#organization\",\"name\":\"Restaurante Fusi\u00f3n19 | Estrella Michel\u00edn 2024\",\"url\":\"https:\\\/\\\/fusion19.com\\\/\",\"logo\":{\"@type\":\"ImageObject\",\"inLanguage\":\"de\",\"@id\":\"https:\\\/\\\/fusion19.com\\\/#\\\/schema\\\/logo\\\/image\\\/\",\"url\":\"https:\\\/\\\/fusion19.com\\\/wp-content\\\/uploads\\\/2023\\\/09\\\/favicon-fusion19.png\",\"contentUrl\":\"https:\\\/\\\/fusion19.com\\\/wp-content\\\/uploads\\\/2023\\\/09\\\/favicon-fusion19.png\",\"width\":900,\"height\":900,\"caption\":\"Restaurante Fusi\u00f3n19 | Estrella Michel\u00edn 2024\"},\"image\":{\"@id\":\"https:\\\/\\\/fusion19.com\\\/#\\\/schema\\\/logo\\\/image\\\/\"},\"sameAs\":[\"https:\\\/\\\/www.facebook.com\\\/Fusion19restaurant\\\/?locale=es_ES\",\"https:\\\/\\\/www.instagram.com\\\/fusion19restaurant\\\/\"]}]}<\/script>\n<!-- \/ Yoast SEO plugin. -->","yoast_head_json":{"title":"Buchungsbedingungen | Fusion19 Michelin Star Restaurant","description":"\u00dcberpr\u00fcfen Sie die Buchungsbedingungen f\u00fcr Fusion19, Michelin-Stern-Restaurant auf Mallorca. Stornierungsbedingungen, \u00d6ffnungszeiten und wichtige Bedingungen.","robots":{"index":"noindex","follow":"follow"},"og_locale":"de_DE","og_type":"article","og_title":"Condiciones de Reserva | Fusion19 Restaurante Estrella Michelin","og_description":"Consulta condiciones de reserva Fusion19, restaurante estrella Michelin en Mallorca. Pol\u00edtica de cancelaci\u00f3n, horarios y condiciones clave.","og_url":"https:\/\/fusion19.com\/de\/buchungsbedingungen\/","og_site_name":"Restaurante Fusion19 | Estrella Michelin 2026","article_publisher":"https:\/\/www.facebook.com\/Fusion19restaurant\/?locale=es_ES","article_modified_time":"2026-03-13T13:48:16+00:00","og_image":[{"width":900,"height":900,"url":"https:\/\/fusion19.com\/wp-content\/uploads\/2023\/09\/favicon-fusion19.png","type":"image\/png"}],"twitter_card":"summary_large_image","twitter_misc":{"Gesch\u00e4tzte Lesezeit":"6\u00a0Minuten"},"schema":{"@context":"https:\/\/schema.org","@graph":[{"@type":"WebPage","@id":"https:\/\/fusion19.com\/condiciones-de-reserva\/","url":"https:\/\/fusion19.com\/condiciones-de-reserva\/","name":"Buchungsbedingungen | Fusion19 Michelin Star Restaurant","isPartOf":{"@id":"https:\/\/fusion19.com\/#website"},"datePublished":"2025-04-16T13:42:56+00:00","dateModified":"2026-03-13T13:48:16+00:00","description":"\u00dcberpr\u00fcfen Sie die Buchungsbedingungen f\u00fcr Fusion19, Michelin-Stern-Restaurant auf Mallorca. Stornierungsbedingungen, \u00d6ffnungszeiten und wichtige Bedingungen.","breadcrumb":{"@id":"https:\/\/fusion19.com\/condiciones-de-reserva\/#breadcrumb"},"inLanguage":"de","potentialAction":[{"@type":"ReadAction","target":["https:\/\/fusion19.com\/condiciones-de-reserva\/"]}]},{"@type":"BreadcrumbList","@id":"https:\/\/fusion19.com\/condiciones-de-reserva\/#breadcrumb","itemListElement":[{"@type":"ListItem","position":1,"name":"Portada","item":"https:\/\/fusion19.com\/"},{"@type":"ListItem","position":2,"name":"Condiciones de reserva"}]},{"@type":"WebSite","@id":"https:\/\/fusion19.com\/#website","url":"https:\/\/fusion19.com\/","name":"Restaurant Fusion19\n| Michelin Stern 2024","description":"","publisher":{"@id":"https:\/\/fusion19.com\/#organization"},"potentialAction":[{"@type":"SearchAction","target":{"@type":"EntryPoint","urlTemplate":"https:\/\/fusion19.com\/?s={search_term_string}"},"query-input":{"@type":"PropertyValueSpecification","valueRequired":true,"valueName":"search_term_string"}}],"inLanguage":"de"},{"@type":"Organization","@id":"https:\/\/fusion19.com\/#organization","name":"Restaurant Fusion19\n| Michelin Stern 2024","url":"https:\/\/fusion19.com\/","logo":{"@type":"ImageObject","inLanguage":"de","@id":"https:\/\/fusion19.com\/#\/schema\/logo\/image\/","url":"https:\/\/fusion19.com\/wp-content\/uploads\/2023\/09\/favicon-fusion19.png","contentUrl":"https:\/\/fusion19.com\/wp-content\/uploads\/2023\/09\/favicon-fusion19.png","width":900,"height":900,"caption":"Restaurante Fusi\u00f3n19 | Estrella Michel\u00edn 2024"},"image":{"@id":"https:\/\/fusion19.com\/#\/schema\/logo\/image\/"},"sameAs":["https:\/\/www.facebook.com\/Fusion19restaurant\/?locale=es_ES","https:\/\/www.instagram.com\/fusion19restaurant\/"]}]}},"_links":{"self":[{"href":"https:\/\/fusion19.com\/de\/wp-json\/wp\/v2\/pages\/7114","targetHints":{"allow":["GET"]}}],"collection":[{"href":"https:\/\/fusion19.com\/de\/wp-json\/wp\/v2\/pages"}],"about":[{"href":"https:\/\/fusion19.com\/de\/wp-json\/wp\/v2\/types\/page"}],"author":[{"embeddable":true,"href":"https:\/\/fusion19.com\/de\/wp-json\/wp\/v2\/users\/2"}],"replies":[{"embeddable":true,"href":"https:\/\/fusion19.com\/de\/wp-json\/wp\/v2\/comments?post=7114"}],"version-history":[{"count":141,"href":"https:\/\/fusion19.com\/de\/wp-json\/wp\/v2\/pages\/7114\/revisions"}],"predecessor-version":[{"id":11940,"href":"https:\/\/fusion19.com\/de\/wp-json\/wp\/v2\/pages\/7114\/revisions\/11940"}],"wp:attachment":[{"href":"https:\/\/fusion19.com\/de\/wp-json\/wp\/v2\/media?parent=7114"}],"curies":[{"name":"wp","href":"https:\/\/api.w.org\/{rel}","templated":true}]}}