{"id":7197,"date":"2025-04-21T07:58:10","date_gmt":"2025-04-21T06:58:10","guid":{"rendered":"https:\/\/fusion19.com\/?page_id=7197"},"modified":"2025-05-22T12:04:53","modified_gmt":"2025-05-22T11:04:53","slug":"rechtshinweis","status":"publish","type":"page","link":"https:\/\/fusion19.com\/de\/rechtshinweis\/","title":{"rendered":"Rechtlicher Hinweis"},"content":{"rendered":"<div data-elementor-type=\"wp-page\" data-elementor-id=\"7197\" class=\"elementor elementor-7197\" data-elementor-post-type=\"page\">\n\t\t\t\t<div class=\"elementor-element elementor-element-bf6167f e-grid e-con-boxed e-con e-parent\" data-id=\"bf6167f\" data-element_type=\"container\" data-e-type=\"container\" data-settings=\"{&quot;background_background&quot;:&quot;gradient&quot;}\">\n\t\t\t\t\t<div class=\"e-con-inner\">\n\t\t\t\t<div class=\"elementor-element elementor-element-c176487 elementor-widget elementor-widget-heading\" data-id=\"c176487\" data-element_type=\"widget\" data-e-type=\"widget\" data-widget_type=\"heading.default\">\n\t\t\t\t<div class=\"elementor-widget-container\">\n\t\t\t\t\t<h2 class=\"elementor-heading-title elementor-size-default\">RECHTLICHER HINWEIS<\/h2>\t\t\t\t<\/div>\n\t\t\t\t<\/div>\n\t\t\t\t<div class=\"elementor-element elementor-element-2b93438 elementor-widget elementor-widget-text-editor\" data-id=\"2b93438\" data-element_type=\"widget\" data-e-type=\"widget\" data-widget_type=\"text-editor.default\">\n\t\t\t\t<div class=\"elementor-widget-container\">\n\t\t\t\t\t\t\t\t\t<h6><span style=\"text-decoration: underline;\">IDENTIFIZIERUNG UND EIGENTUM<\/span><\/h6><p>In \u00dcbereinstimmung mit Artikel 10 des Gesetzes 34\/2002 vom 11. Juli \u00fcber die Dienste der Informationsgesellschaft und den elektronischen Handel gibt der Inhaber seine Identifikationsdaten an:<\/p><ul><li>Inhaber: AVIJO SL.<\/li><li>MEHRWERTSTEUER-NR.: B07611379<\/li><li>Adresse: <a href=\"https:\/\/www.google.com\/maps\/place\/\/data=!4m2!3m1!1s0x12962d22283c2dfb:0x8c07f1b60be70b39?sa=X&amp;ved=1t:8290&amp;ictx=111\">Avda Albufera 23 07458 Platja de Muro.<\/a><\/li><li>E-Mail: <a href=\"mailto:info@fusion19.com\">info@fusion19.com<\/a><\/li><li>Telefonnummer der Kontaktperson: <a href=\"tel:971 89 15 66\">971 89 15 66<\/a><\/li><li>Website: <a href=\"https:\/\/fusion19.com\/de\">https:\/\/fusion19.com<\/a><\/li><\/ul><h4>\u00a0<\/h4><h6><span style=\"text-decoration: underline;\">ZWECK<\/span><\/h6><p>Der Zweck der Website ist: Informationen \u00fcber das Restaurant und Verkauf von Degustationsmen\u00fcs.<\/p><h6><span style=\"text-decoration: underline;\">EINSATZBEDINGUNGEN<\/span><\/h6><p>Die Nutzung der Website verleiht Ihnen den Status eines Benutzers und setzt die vollst\u00e4ndige Annahme aller auf den Seiten enthaltenen Klauseln und Nutzungsbedingungen voraus:<\/p><ul><li>Rechtlicher Hinweis<\/li><li>Datenschutzbestimmungen<\/li><li>Cookie-Richtlinie<\/li><\/ul><p>Wenn Sie nicht mit jeder einzelnen dieser Bedingungen einverstanden sind, nutzen Sie die Website bitte nicht.<\/p><p>Der Zugriff auf die Website impliziert in keiner Weise die Aufnahme einer Gesch\u00e4ftsbeziehung mit dem Eigent\u00fcmer.<\/p><p>\u00dcber die Website erm\u00f6glicht Ihnen der Inhaber den Zugang zu und die Nutzung von verschiedenen Inhalten, die der Inhaber und\/oder seine Mitarbeiter \u00fcber folgende Medien ver\u00f6ffentlicht haben<br \/>Internet.<\/p><p>In diesem Sinne verpflichten Sie sich, die Inhalte der Website NICHT f\u00fcr unerlaubte Zwecke oder Wirkungen zu verwenden, die in den vorliegenden rechtlichen Hinweisen oder durch die geltende Gesetzgebung verboten sind, die die Rechte und Interessen Dritter verletzen oder die in irgendeiner Weise die normale Nutzung der Inhalte, der Computerausr\u00fcstung oder der Dokumente, der Dateien und aller Arten von Inhalten, die auf einer Computerausr\u00fcstung gespeichert sind, die dem Eigent\u00fcmer, anderen Nutzern oder anderen Internetnutzern geh\u00f6rt oder von ihnen in Auftrag gegeben wurde, besch\u00e4digen, deaktivieren, \u00fcberlasten, verschlechtern oder behindern k\u00f6nnen.<\/p><p>Der Eigent\u00fcmer beh\u00e4lt sich das Recht vor, Kommentare zu entfernen, die gegen geltendes Recht versto\u00dfen, die Rechte oder Interessen Dritter verletzen oder die seiner Meinung nach nicht zur Ver\u00f6ffentlichung geeignet sind.<\/p><p>Der Eigent\u00fcmer haftet nicht f\u00fcr die Meinungen, die von den Nutzern \u00fcber das Kommentarsystem, die sozialen Netzwerke oder andere Beteiligungsinstrumente ge\u00e4u\u00dfert werden, in \u00dcbereinstimmung mit den Bestimmungen der geltenden Vorschriften.<\/p><h4>\u00a0<\/h4><h6><span style=\"text-decoration: underline;\">SICHERHEITSMASSNAHMEN<\/span><\/h6><p>Die dem Inhaber zur Verf\u00fcgung gestellten personenbezogenen Daten k\u00f6nnen in automatisierten oder nicht automatisierten Datenbanken gespeichert werden, deren Eigent\u00fcmer ausschlie\u00dflich der Inhaber ist, der alle technischen, organisatorischen und sicherheitstechnischen Ma\u00dfnahmen ergreift, um die Vertraulichkeit, Integrit\u00e4t und Qualit\u00e4t der darin enthaltenen Informationen gem\u00e4\u00df den Bestimmungen der geltenden Datenschutzgesetze zu gew\u00e4hrleisten.<\/p><p>Sie sollten sich jedoch dar\u00fcber im Klaren sein, dass die Sicherheitsvorkehrungen von Computersystemen im Internet nicht v\u00f6llig zuverl\u00e4ssig sind und dass der Inhaber daher nicht garantieren kann, dass keine Viren oder andere Elemente vorhanden sind, die Ver\u00e4nderungen in den Computersystemen (Software und Hardware) des Benutzers oder in den darin enthaltenen elektronischen Dokumenten und Dateien verursachen k\u00f6nnen, obwohl der Inhaber alle Anstrengungen unternimmt und die erforderlichen Sicherheitsma\u00dfnahmen ergreift, um das Vorhandensein dieser sch\u00e4dlichen Elemente zu vermeiden.<\/p><h4>\u00a0<\/h4><h6><span style=\"text-decoration: underline;\">VERARBEITUNG VON PERSONENBEZOGENEN DATEN<\/span><\/h6><p>Sie k\u00f6nnen alle Informationen \u00fcber die Verarbeitung der vom f\u00fcr die Verarbeitung Verantwortlichen gesammelten personenbezogenen Daten auf der Seite Datenschutzpolitik einsehen.<\/p><h4>\u00a0<\/h4><h6><span style=\"text-decoration: underline;\">INHALT<\/span><\/h6><p>Der Inhaber hat die auf der Website enthaltenen Informationen, Multimedia-Inhalte und Materialien aus Quellen bezogen, die er f\u00fcr zuverl\u00e4ssig h\u00e4lt. Obwohl er alle angemessenen Schritte unternommen hat, um sicherzustellen, dass die darin enthaltenen Informationen korrekt sind, \u00fcbernimmt der Inhaber keine Gew\u00e4hr f\u00fcr deren Richtigkeit, Vollst\u00e4ndigkeit oder Aktualit\u00e4t. Der Inhaber lehnt ausdr\u00fccklich jede Haftung f\u00fcr Fehler oder Auslassungen in den auf den Seiten der Website enthaltenen Informationen ab.<\/p><p>Es ist verboten, \u00fcber die Website illegale oder unzul\u00e4ssige Inhalte, Computerviren oder Nachrichten, die im Allgemeinen die Rechte des Eigent\u00fcmers oder Dritter beeintr\u00e4chtigen oder verletzen, zu \u00fcbertragen oder zu versenden.<\/p><p>Der Inhalt der Website dient nur zu Informationszwecken und darf unter keinen Umst\u00e4nden als Verkaufsangebot, als Aufforderung zum Kauf oder als Empfehlung zum Abschluss einer anderen Transaktion verwendet oder betrachtet werden, es sei denn, dies ist ausdr\u00fccklich angegeben.<\/p><p>Der Eigent\u00fcmer beh\u00e4lt sich das Recht vor, den Inhalt der Website, die Links oder die \u00fcber die Website erhaltenen Informationen ohne vorherige Ank\u00fcndigung zu \u00e4ndern, auszusetzen, zu l\u00f6schen oder einzuschr\u00e4nken.<\/p><p>Der Beherberger haftet nicht f\u00fcr Sch\u00e4den, die durch die Nutzung der Informationen auf der Website oder in den sozialen Netzwerken des Beherbergers entstehen k\u00f6nnen.<\/p><h4>\u00a0<\/h4><h6><span style=\"text-decoration: underline;\">COOKIES-POLITIK<\/span><\/h6><p>Sie k\u00f6nnen alle Informationen \u00fcber die Politik zur Sammlung und Verarbeitung von Cookies auf der Seite Cookies Policy einsehen.<\/p><h6><span style=\"text-decoration: underline;\">LINKS ZU ANDEREN WEBSITES<\/span><\/h6><p>Der Beherberger kann Ihnen \u00fcber Links den Zugang zu Websites Dritter erm\u00f6glichen, und zwar ausschlie\u00dflich zu dem Zweck, Sie \u00fcber die Existenz anderer Informationsquellen im Internet zu informieren, wo Sie weitere Informationen \u00fcber die Website finden k\u00f6nnen.<\/p><p>Diese Links zu anderen Websites sind in keiner Weise ein Vorschlag oder eine Empfehlung f\u00fcr Sie, die Ziel-Websites zu besuchen, die au\u00dferhalb der Kontrolle des Inhabers liegen, und daher ist der Inhaber nicht verantwortlich f\u00fcr den Inhalt der verlinkten Websites oder f\u00fcr das Ergebnis, das Sie erhalten, wenn Sie den Links folgen. Ebenso ist der Inhaber nicht verantwortlich f\u00fcr die Links oder Verkn\u00fcpfungen, die sich auf den verlinkten Websites befinden, zu denen er Ihnen den Zugang erm\u00f6glicht.<\/p><p>Die Einrichtung des Links impliziert in keinem Fall das Bestehen einer Beziehung zwischen dem Inhaber und dem Eigent\u00fcmer der Website, auf der der Link eingerichtet ist, noch die Annahme oder Billigung von deren Inhalten oder Dienstleistungen durch den Inhaber.<\/p><p>Wenn Sie \u00fcber einen Link, den Sie auf der Website finden, auf eine externe Website zugreifen, sollten Sie die Datenschutzrichtlinien der anderen Website lesen, die sich von denen dieser Website unterscheiden k\u00f6nnen.<\/p><h4>\u00a0<\/h4><h6><span style=\"text-decoration: underline;\">GEISTIGES UND GEWERBLICHES EIGENTUM<\/span><\/h6><p>Alle Rechte vorbehalten.<\/p><p>Jeder Zugang zu dieser Website unterliegt den folgenden Bedingungen: Die Reproduktion, dauerhafte Speicherung und Verbreitung der Inhalte oder jede andere Verwendung f\u00fcr \u00f6ffentliche oder kommerzielle Zwecke ist ohne vorherige ausdr\u00fcckliche schriftliche Zustimmung des Eigent\u00fcmers ausdr\u00fccklich untersagt.<\/p><h4>\u00a0<\/h4><h6><span style=\"text-decoration: underline;\">HAFTUNGSBESCHR\u00c4NKUNG<\/span><\/h6><p>Die Informationen und Dienstleistungen, die auf der Website enthalten oder \u00fcber diese verf\u00fcgbar sind, k\u00f6nnen Ungenauigkeiten oder typografische Fehler enthalten. Der Beherberger nimmt regelm\u00e4\u00dfig Verbesserungen und\/oder \u00c4nderungen an den enthaltenen Informationen und\/oder den Dienstleistungen vor, die jederzeit eingef\u00fchrt werden k\u00f6nnen.<\/p><p>Der Beherberger \u00fcbernimmt keine Gew\u00e4hr daf\u00fcr, dass die Dienste oder Inhalte ununterbrochen oder fehlerfrei zur Verf\u00fcgung stehen, dass M\u00e4ngel behoben werden oder dass der Dienst oder der Server, der ihn zur Verf\u00fcgung stellt, frei von Viren oder anderen sch\u00e4dlichen Komponenten sind, auch wenn der Beherberger alle Anstrengungen unternimmt, um solche Vorf\u00e4lle zu vermeiden.<\/p><p>Der Beherberger lehnt jegliche Haftung bei Unterbrechungen oder St\u00f6rungen der im Internet angebotenen Dienstleistungen oder Inhalte ab, unabh\u00e4ngig von deren Ursache. Ebenso haftet der Inhaber nicht f\u00fcr Netzausf\u00e4lle, Betriebsausf\u00e4lle infolge solcher Ausf\u00e4lle, vor\u00fcbergehende Unterbrechungen der Stromversorgung oder jede andere Art von indirekten Sch\u00e4den, die auf Ursachen zur\u00fcckzuf\u00fchren sind, die au\u00dferhalb der Kontrolle des Inhabers liegen.<\/p><p>Bevor Sie Entscheidungen und\/oder Handlungen auf der Grundlage der auf der Website enthaltenen Informationen treffen, empfiehlt Ihnen der Inhaber, die erhaltenen Informationen mit anderen Quellen zu vergleichen.<\/p><h4>\u00a0<\/h4><h6><span style=\"text-decoration: underline;\">RECHT AUF AUSSCHLUSS<\/span><\/h6><p>Der Eigent\u00fcmer beh\u00e4lt sich das Recht vor, den Zugang zur Website und zu den angebotenen Diensten ohne vorherige Ank\u00fcndigung zu verweigern oder zu entziehen, und zwar auf eigenes Verlangen oder auf Verlangen eines Dritten, wenn der Nutzer gegen eine der Bedingungen des vorliegenden rechtlichen Hinweises verst\u00f6\u00dft.<\/p><h4>\u00a0<\/h4><h6><span style=\"text-decoration: underline;\">JURISDICTION<\/span><\/h6><p>Dieser rechtliche Hinweis unterliegt ausschlie\u00dflich dem spanischen Recht.<\/p><h6><span style=\"text-decoration: underline;\">KONTAKT<\/span><\/h6><p>Wenn Sie Fragen zu diesen rechtlichen Hinweisen haben oder Anmerkungen zur Website machen m\u00f6chten, k\u00f6nnen Sie eine E-Mail an die folgende Adresse senden: <a href=\"mailto:info@fusion19.com\">info@fusion19.com<\/a><\/p>\t\t\t\t\t\t\t\t<\/div>\n\t\t\t\t<\/div>\n\t\t\t\t<div class=\"elementor-element elementor-element-b76b8d8 elementor-widget-divider--view-line elementor-widget elementor-widget-divider\" data-id=\"b76b8d8\" data-element_type=\"widget\" data-e-type=\"widget\" data-widget_type=\"divider.default\">\n\t\t\t\t<div class=\"elementor-widget-container\">\n\t\t\t\t\t\t\t<div class=\"elementor-divider\">\n\t\t\t<span class=\"elementor-divider-separator\">\n\t\t\t\t\t\t<\/span>\n\t\t<\/div>\n\t\t\t\t\t\t<\/div>\n\t\t\t\t<\/div>\n\t\t\t\t\t<\/div>\n\t\t\t\t<\/div>\n\t\t\t\t<\/div>","protected":false},"excerpt":{"rendered":"<p>AVISO LEGAL IDENTIFICACI\u00d3N Y TITULARIDAD En cumplimiento del art\u00edculo 10 de la Ley 34\/2002, de 11 de julio, de Servicios de la Sociedad de la Informaci\u00f3n y Comercio Electr\u00f3nico, el Titular expone sus datos identificativos: Titular: AVIJO SL. NIF: B07611379 Domicilio: Avda Albufera 23 07458 Platja de Muro. Correo electr\u00f3nico: info@fusion19.com Tel\u00e9fono de contacto: 971 [&hellip;]<\/p>\n","protected":false},"author":2,"featured_media":0,"parent":0,"menu_order":0,"comment_status":"closed","ping_status":"closed","template":"elementor_header_footer","meta":{"inline_featured_image":false,"footnotes":""},"class_list":["post-7197","page","type-page","status-publish","hentry"],"yoast_head":"<!-- This site is optimized with the Yoast SEO plugin v27.4 - https:\/\/yoast.com\/product\/yoast-seo-wordpress\/ -->\n<title>Aviso Legal | Fusion19 Restaurante alta Gastronom\u00eda Playa Muro<\/title>\n<meta name=\"description\" content=\"Consulta el aviso legal de Fusion19, restaurante estrella Michelin en Playa de Muro. Informaci\u00f3n sobre titularidad, derechos y uso sitio web.\" \/>\n<meta name=\"robots\" content=\"noindex, follow\" \/>\n<meta property=\"og:locale\" content=\"de_DE\" \/>\n<meta property=\"og:type\" content=\"article\" \/>\n<meta property=\"og:title\" content=\"Aviso Legal | Fusion19 Restaurante alta Gastronom\u00eda Playa Muro\" \/>\n<meta property=\"og:description\" content=\"Consulta el aviso legal de Fusion19, restaurante estrella Michelin en Playa de Muro. Informaci\u00f3n sobre titularidad, derechos y uso sitio web.\" \/>\n<meta property=\"og:url\" content=\"https:\/\/fusion19.com\/de\/rechtshinweis\/\" \/>\n<meta property=\"og:site_name\" content=\"Restaurante Fusion19 | Estrella Michelin 2026\" \/>\n<meta property=\"article:publisher\" content=\"https:\/\/www.facebook.com\/Fusion19restaurant\/?locale=es_ES\" \/>\n<meta property=\"article:modified_time\" content=\"2025-05-22T11:04:53+00:00\" \/>\n<meta property=\"og:image\" content=\"https:\/\/fusion19.com\/wp-content\/uploads\/2023\/09\/favicon-fusion19.png\" \/>\n\t<meta property=\"og:image:width\" content=\"900\" \/>\n\t<meta property=\"og:image:height\" content=\"900\" \/>\n\t<meta property=\"og:image:type\" content=\"image\/png\" \/>\n<meta name=\"twitter:card\" content=\"summary_large_image\" \/>\n<meta name=\"twitter:label1\" content=\"Gesch\u00e4tzte Lesezeit\" \/>\n\t<meta name=\"twitter:data1\" content=\"6\u00a0Minuten\" \/>\n<script type=\"application\/ld+json\" class=\"yoast-schema-graph\">{\"@context\":\"https:\\\/\\\/schema.org\",\"@graph\":[{\"@type\":\"WebPage\",\"@id\":\"https:\\\/\\\/fusion19.com\\\/aviso-legal\\\/\",\"url\":\"https:\\\/\\\/fusion19.com\\\/aviso-legal\\\/\",\"name\":\"Aviso Legal | Fusion19 Restaurante alta Gastronom\u00eda Playa Muro\",\"isPartOf\":{\"@id\":\"https:\\\/\\\/fusion19.com\\\/#website\"},\"datePublished\":\"2025-04-21T06:58:10+00:00\",\"dateModified\":\"2025-05-22T11:04:53+00:00\",\"description\":\"Consulta el aviso legal de Fusion19, restaurante estrella Michelin en Playa de Muro. Informaci\u00f3n sobre titularidad, derechos y uso sitio web.\",\"breadcrumb\":{\"@id\":\"https:\\\/\\\/fusion19.com\\\/aviso-legal\\\/#breadcrumb\"},\"inLanguage\":\"de\",\"potentialAction\":[{\"@type\":\"ReadAction\",\"target\":[\"https:\\\/\\\/fusion19.com\\\/aviso-legal\\\/\"]}]},{\"@type\":\"BreadcrumbList\",\"@id\":\"https:\\\/\\\/fusion19.com\\\/aviso-legal\\\/#breadcrumb\",\"itemListElement\":[{\"@type\":\"ListItem\",\"position\":1,\"name\":\"Portada\",\"item\":\"https:\\\/\\\/fusion19.com\\\/\"},{\"@type\":\"ListItem\",\"position\":2,\"name\":\"Aviso Legal\"}]},{\"@type\":\"WebSite\",\"@id\":\"https:\\\/\\\/fusion19.com\\\/#website\",\"url\":\"https:\\\/\\\/fusion19.com\\\/\",\"name\":\"Restaurante Fusi\u00f3n19 | Estrella Michel\u00edn 2024\",\"description\":\"\",\"publisher\":{\"@id\":\"https:\\\/\\\/fusion19.com\\\/#organization\"},\"potentialAction\":[{\"@type\":\"SearchAction\",\"target\":{\"@type\":\"EntryPoint\",\"urlTemplate\":\"https:\\\/\\\/fusion19.com\\\/?s={search_term_string}\"},\"query-input\":{\"@type\":\"PropertyValueSpecification\",\"valueRequired\":true,\"valueName\":\"search_term_string\"}}],\"inLanguage\":\"de\"},{\"@type\":\"Organization\",\"@id\":\"https:\\\/\\\/fusion19.com\\\/#organization\",\"name\":\"Restaurante Fusi\u00f3n19 | Estrella Michel\u00edn 2024\",\"url\":\"https:\\\/\\\/fusion19.com\\\/\",\"logo\":{\"@type\":\"ImageObject\",\"inLanguage\":\"de\",\"@id\":\"https:\\\/\\\/fusion19.com\\\/#\\\/schema\\\/logo\\\/image\\\/\",\"url\":\"https:\\\/\\\/fusion19.com\\\/wp-content\\\/uploads\\\/2023\\\/09\\\/favicon-fusion19.png\",\"contentUrl\":\"https:\\\/\\\/fusion19.com\\\/wp-content\\\/uploads\\\/2023\\\/09\\\/favicon-fusion19.png\",\"width\":900,\"height\":900,\"caption\":\"Restaurante Fusi\u00f3n19 | Estrella Michel\u00edn 2024\"},\"image\":{\"@id\":\"https:\\\/\\\/fusion19.com\\\/#\\\/schema\\\/logo\\\/image\\\/\"},\"sameAs\":[\"https:\\\/\\\/www.facebook.com\\\/Fusion19restaurant\\\/?locale=es_ES\",\"https:\\\/\\\/www.instagram.com\\\/fusion19restaurant\\\/\"]}]}<\/script>\n<!-- \/ Yoast SEO plugin. -->","yoast_head_json":{"title":"Impressum : Fusion19 Restaurant haute cuisine Playa Muro","description":"Lesen Sie das Impressum von Fusion19, Michelin-Stern-Restaurant in Playa de Muro. Informationen \u00fcber Eigentum, Rechte und Nutzung der Website.","robots":{"index":"noindex","follow":"follow"},"og_locale":"de_DE","og_type":"article","og_title":"Aviso Legal | Fusion19 Restaurante alta Gastronom\u00eda Playa Muro","og_description":"Consulta el aviso legal de Fusion19, restaurante estrella Michelin en Playa de Muro. Informaci\u00f3n sobre titularidad, derechos y uso sitio web.","og_url":"https:\/\/fusion19.com\/de\/rechtshinweis\/","og_site_name":"Restaurante Fusion19 | Estrella Michelin 2026","article_publisher":"https:\/\/www.facebook.com\/Fusion19restaurant\/?locale=es_ES","article_modified_time":"2025-05-22T11:04:53+00:00","og_image":[{"width":900,"height":900,"url":"https:\/\/fusion19.com\/wp-content\/uploads\/2023\/09\/favicon-fusion19.png","type":"image\/png"}],"twitter_card":"summary_large_image","twitter_misc":{"Gesch\u00e4tzte Lesezeit":"6\u00a0Minuten"},"schema":{"@context":"https:\/\/schema.org","@graph":[{"@type":"WebPage","@id":"https:\/\/fusion19.com\/aviso-legal\/","url":"https:\/\/fusion19.com\/aviso-legal\/","name":"Impressum : Fusion19 Restaurant haute cuisine Playa Muro","isPartOf":{"@id":"https:\/\/fusion19.com\/#website"},"datePublished":"2025-04-21T06:58:10+00:00","dateModified":"2025-05-22T11:04:53+00:00","description":"Lesen Sie das Impressum von Fusion19, Michelin-Stern-Restaurant in Playa de Muro. Informationen \u00fcber Eigentum, Rechte und Nutzung der Website.","breadcrumb":{"@id":"https:\/\/fusion19.com\/aviso-legal\/#breadcrumb"},"inLanguage":"de","potentialAction":[{"@type":"ReadAction","target":["https:\/\/fusion19.com\/aviso-legal\/"]}]},{"@type":"BreadcrumbList","@id":"https:\/\/fusion19.com\/aviso-legal\/#breadcrumb","itemListElement":[{"@type":"ListItem","position":1,"name":"Portada","item":"https:\/\/fusion19.com\/"},{"@type":"ListItem","position":2,"name":"Aviso Legal"}]},{"@type":"WebSite","@id":"https:\/\/fusion19.com\/#website","url":"https:\/\/fusion19.com\/","name":"Restaurant Fusion19\n| Michelin Stern 2024","description":"","publisher":{"@id":"https:\/\/fusion19.com\/#organization"},"potentialAction":[{"@type":"SearchAction","target":{"@type":"EntryPoint","urlTemplate":"https:\/\/fusion19.com\/?s={search_term_string}"},"query-input":{"@type":"PropertyValueSpecification","valueRequired":true,"valueName":"search_term_string"}}],"inLanguage":"de"},{"@type":"Organization","@id":"https:\/\/fusion19.com\/#organization","name":"Restaurant Fusion19\n| Michelin Stern 2024","url":"https:\/\/fusion19.com\/","logo":{"@type":"ImageObject","inLanguage":"de","@id":"https:\/\/fusion19.com\/#\/schema\/logo\/image\/","url":"https:\/\/fusion19.com\/wp-content\/uploads\/2023\/09\/favicon-fusion19.png","contentUrl":"https:\/\/fusion19.com\/wp-content\/uploads\/2023\/09\/favicon-fusion19.png","width":900,"height":900,"caption":"Restaurante Fusi\u00f3n19 | Estrella Michel\u00edn 2024"},"image":{"@id":"https:\/\/fusion19.com\/#\/schema\/logo\/image\/"},"sameAs":["https:\/\/www.facebook.com\/Fusion19restaurant\/?locale=es_ES","https:\/\/www.instagram.com\/fusion19restaurant\/"]}]}},"_links":{"self":[{"href":"https:\/\/fusion19.com\/de\/wp-json\/wp\/v2\/pages\/7197","targetHints":{"allow":["GET"]}}],"collection":[{"href":"https:\/\/fusion19.com\/de\/wp-json\/wp\/v2\/pages"}],"about":[{"href":"https:\/\/fusion19.com\/de\/wp-json\/wp\/v2\/types\/page"}],"author":[{"embeddable":true,"href":"https:\/\/fusion19.com\/de\/wp-json\/wp\/v2\/users\/2"}],"replies":[{"embeddable":true,"href":"https:\/\/fusion19.com\/de\/wp-json\/wp\/v2\/comments?post=7197"}],"version-history":[{"count":52,"href":"https:\/\/fusion19.com\/de\/wp-json\/wp\/v2\/pages\/7197\/revisions"}],"predecessor-version":[{"id":8718,"href":"https:\/\/fusion19.com\/de\/wp-json\/wp\/v2\/pages\/7197\/revisions\/8718"}],"wp:attachment":[{"href":"https:\/\/fusion19.com\/de\/wp-json\/wp\/v2\/media?parent=7197"}],"curies":[{"name":"wp","href":"https:\/\/api.w.org\/{rel}","templated":true}]}}