{"id":7247,"date":"2025-04-21T08:47:02","date_gmt":"2025-04-21T07:47:02","guid":{"rendered":"https:\/\/fusion19.com\/_-aviso-legal\/"},"modified":"2025-05-22T12:06:42","modified_gmt":"2025-05-22T11:06:42","slug":"cookie-politik","status":"publish","type":"page","link":"https:\/\/fusion19.com\/de\/cookie-politik\/","title":{"rendered":"Cookie-Richtlinien"},"content":{"rendered":"<div data-elementor-type=\"wp-page\" data-elementor-id=\"7247\" class=\"elementor elementor-7247\" data-elementor-post-type=\"page\">\n\t\t\t\t<div class=\"elementor-element elementor-element-bf6167f e-con-full e-grid e-con e-parent\" data-id=\"bf6167f\" data-element_type=\"container\" data-e-type=\"container\" data-settings=\"{&quot;background_background&quot;:&quot;gradient&quot;}\">\n\t\t\t\t<div class=\"elementor-element elementor-element-c176487 elementor-widget elementor-widget-heading\" data-id=\"c176487\" data-element_type=\"widget\" data-e-type=\"widget\" data-widget_type=\"heading.default\">\n\t\t\t\t<div class=\"elementor-widget-container\">\n\t\t\t\t\t<h2 class=\"elementor-heading-title elementor-size-default\">COOKIES-POLITIK<\/h2>\t\t\t\t<\/div>\n\t\t\t\t<\/div>\n\t\t\t\t<div class=\"elementor-element elementor-element-2b93438 elementor-widget elementor-widget-text-editor\" data-id=\"2b93438\" data-element_type=\"widget\" data-e-type=\"widget\" data-widget_type=\"text-editor.default\">\n\t\t\t\t<div class=\"elementor-widget-container\">\n\t\t\t\t\t\t\t\t\t<h6><span style=\"text-decoration: underline;\">WAS SIND COOKIES?<\/span><\/h6><p>Im Englischen bedeutet der Begriff \"Cookie\" Keks, aber im Bereich des Web-Browsing ist ein \"Cookie\" etwas v\u00f6llig anderes. Wenn Sie auf unsere Website zugreifen, wird eine kleine Textmenge im Browser Ihres Ger\u00e4ts gespeichert, die als \"Cookie\" bezeichnet wird. Dieser Text enth\u00e4lt verschiedene Informationen \u00fcber Ihre Surfgewohnheiten, Vorlieben, die Personalisierung von Inhalten usw..<\/p><p>Es gibt andere Technologien, die auf \u00e4hnliche Weise funktionieren und ebenfalls dazu verwendet werden, Daten \u00fcber Ihre Surfaktivit\u00e4ten zu sammeln. Wir bezeichnen alle diese Technologien zusammen als \"Cookies\".<\/p><p>Die spezifische Verwendung dieser Technologien wird in diesem Dokument beschrieben.<\/p><h6><span style=\"text-decoration: underline;\">WOF\u00dcR WERDEN COOKIES AUF DIESER WEBSITE VERWENDET?<\/span><\/h6><p>Cookies sind ein wesentlicher Bestandteil der Funktionsweise der Website. Der Zweck von<br \/>Der Hauptzweck unserer Cookies besteht darin, Ihr Surferlebnis zu verbessern. Zum Beispiel, um Ihre Pr\u00e4ferenzen (Sprache, Land, etc.) w\u00e4hrend des Surfens und bei zuk\u00fcnftigen Besuchen zu speichern. Die in den Cookies gesammelten Informationen erm\u00f6glichen es uns auch, die Website zu verbessern, sie an Ihre Interessen als Nutzer anzupassen, Ihre Suchvorg\u00e4nge zu beschleunigen, usw..<\/p><p>In bestimmten F\u00e4llen, in denen wir Ihre vorherige Zustimmung eingeholt haben, k\u00f6nnen wir Cookies f\u00fcr andere Zwecke verwenden, z. B. um Informationen zu erhalten, die es uns erm\u00f6glichen, Ihnen auf der Grundlage einer Analyse Ihrer Surfgewohnheiten Werbung zu zeigen.<\/p><h6><span style=\"text-decoration: underline;\">WARUM WERDEN AUF DIESER WEBSITE KEINE COOKIES VERWENDET?<\/span><\/h6><p>In den von uns verwendeten Cookies werden keine sensiblen pers\u00f6nlichen Daten wie Ihr Name, Ihre Adresse, Ihr Passwort usw. gespeichert.<\/p><h6><span style=\"text-decoration: underline;\">WER VERWENDET DIE IN COOKIES GESPEICHERTEN INFORMATIONEN?<\/span><\/h6><p>Die in den Cookies auf unserer Website gespeicherten Informationen werden ausschlie\u00dflich von uns verwendet, mit Ausnahme der im Folgenden als \"Drittanbieter-Cookies\" bezeichneten Cookies, die von externen Stellen verwendet und verwaltet werden, die uns Dienste zur Verbesserung der Nutzererfahrung anbieten. Zum Beispiel werden die gesammelten Statistiken \u00fcber die Anzahl der Besuche, die beliebtesten Inhalte, usw. in der Regel von Google Analytics verwaltet.<\/p><p>Cookies von Drittanbietern werden h\u00e4ufig auch zur Sicherung von Zahlungstransaktionen verwendet, die \u00fcber die Website get\u00e4tigt werden.<\/p><h6><span style=\"text-decoration: underline;\">WIE K\u00d6NNEN SIE DIE VERWENDUNG VON COOKIES AUF DIESER WEBSITE VERHINDERN?<\/span><\/h6><p>Wenn Sie es vorziehen, die Verwendung von Cookies zu vermeiden, k\u00f6nnen Sie deren Verwendung ABLEHNEN oder Sie k\u00f6nnen KONFIGURIEREN, welche Cookies Sie vermeiden m\u00f6chten und welche Sie verwenden d\u00fcrfen (in diesem Dokument finden Sie weitere Informationen \u00fcber jede Art von Cookie, ihren Zweck, ihren Empf\u00e4nger, ihre Dauer, usw.).<\/p><p>Wenn Sie sie akzeptiert haben, werden wir Sie nicht erneut fragen, es sei denn, Sie l\u00f6schen die Cookies auf Ihrem Ger\u00e4t wie im folgenden Abschnitt beschrieben. Wenn Sie Ihre Zustimmung widerrufen m\u00f6chten, m\u00fcssen Sie die Cookies l\u00f6schen und zur\u00fccksetzen.<\/p><h6><span style=\"text-decoration: underline;\">WIE KANN ICH DIE VERWENDUNG VON COOKIES DEAKTIVIEREN UND L\u00d6SCHEN?<\/span><\/h6><p>Der Eigent\u00fcmer zeigt Informationen \u00fcber seine Cookie-Politik in dem Cookie-Banner an, der auf allen Seiten der Website zug\u00e4nglich ist. Der Cookie-Banner zeigt wesentliche Informationen \u00fcber die Datenverarbeitung an und erm\u00f6glicht es dem Nutzer, die folgenden Aktionen durchzuf\u00fchren:<\/p><ul><li>der Installation von Cookies zuzustimmen oder sie abzulehnen oder die zuvor erteilte Zustimmung zu widerrufen.<\/li><li>F\u00fcr weitere Informationen besuchen Sie bitte die <a href=\"https:\/\/fusion19.com\/de\/cookie-politik\/\">Cookie-Richtlinie<\/a>.<\/li><\/ul><p>Sie k\u00f6nnen die Cookies dieser Website (und die von Dritten verwendeten) jederzeit einschr\u00e4nken, blockieren oder l\u00f6schen, indem Sie die Einstellungen Ihres Browsers \u00e4ndern. Bitte beachten Sie, dass diese Einstellungen f\u00fcr jeden Browser unterschiedlich sind.<\/p><p>Unter den folgenden Links finden Sie Anleitungen, wie Sie Cookies in den g\u00e4ngigsten Browsern aktivieren oder deaktivieren k\u00f6nnen.<\/p><ul><li><a href=\"https:\/\/support.mozilla.org\/es\/kb\/habilitar-y-deshabilitar-cookies-sitios-web-rastrear-preferencias?redirectslug=habilitar-y-deshabilitar-cookies-que-los-sitios-we&amp;redirectlocale=es\">Firefox<\/a><\/li><li><a href=\"https:\/\/support.google.com\/chrome\/answer\/95647?hl=es\">Google Chrome<\/a><\/li><li><a href=\"https:\/\/support.microsoft.com\/es-es\/windows\/administrar-cookies-en-microsoft-edge-ver-permitir-bloquear-eliminar-y-usar-168dab11-0753-043d-7c16-ede5947fc64d#ie=%22ie-10\">Internet Explorer<\/a><\/li><li><a href=\"https:\/\/support.microsoft.com\/es-es\/microsoft-edge\/microsoft-edge-datos-de-exploraci%C3%B3n-y-privacidad-bb8174ba-9d73-dcf2-9b4a-c582b4e640dd\">Microsoft Edge<\/a><\/li><li><a href=\"https:\/\/support.apple.com\/es-es\/105082\">Safari<\/a><\/li><\/ul><h6><span style=\"text-decoration: underline;\">WELCHE ARTEN VON COOKIES WERDEN AUF DIESER WEBSITE VERWENDET?<\/span><\/h6><p>Jede Website verwendet ihre eigenen Cookies. Wir verwenden die unten aufgef\u00fchrten Cookies auf unserer Website:<\/p><p>\u00a0<\/p><p>JE NACH DER EINRICHTUNG, DIE ES VERWALTET<\/p><p><span style=\"text-decoration: underline;\"><strong>Eigene Cookies:<\/strong><\/span><br \/>Diese werden von einem Computer oder einer Dom\u00e4ne, die vom Herausgeber selbst verwaltet wird und von der aus der vom Nutzer gew\u00fcnschte Dienst erbracht wird, an das Endger\u00e4t des Nutzers gesendet.<\/p><p><span style=\"text-decoration: underline;\"><strong>Cookies von Dritten:<\/strong><\/span><br \/>Cookies sind solche, die von einem Computer oder einer Dom\u00e4ne, die nicht vom Herausgeber, sondern von einer anderen Einheit, die die durch die Cookies erhaltenen Daten verarbeitet, an das Endger\u00e4t des Benutzers gesendet werden.<\/p><p>F\u00fcr den Fall, dass die Cookies von einem vom Herausgeber selbst verwalteten Computer oder einer Dom\u00e4ne bereitgestellt werden, die damit gesammelten Informationen jedoch von einem Dritten verwaltet werden, k\u00f6nnen sie nicht als eigene Cookies betrachtet werden, wenn der Dritte sie f\u00fcr seine eigenen Zwecke verwendet (z. B. zur Verbesserung der von ihm erbrachten Dienstleistungen oder zur Bereitstellung von Werbedienstleistungen f\u00fcr andere Unternehmen).<\/p><p>\u00a0<\/p><p>ENTSPRECHEND IHREM ZWECK<\/p><p><span style=\"text-decoration: underline;\"><strong>Technische Cookies:<\/strong><\/span><\/p><p>Sie sind f\u00fcr das Surfen und das ordnungsgem\u00e4\u00dfe Funktionieren unserer Website erforderlich, wie z. B. die Kontrolle des Datenverkehrs und der Datenkommunikation, die Identifizierung der Sitzung, der Zugriff auf Teile mit eingeschr\u00e4nktem Zugang, die Speicherung der Elemente, aus denen eine Bestellung besteht, die Durchf\u00fchrung des Kaufvorgangs einer Bestellung, die Verwaltung der Zahlung, die Betrugsbek\u00e4mpfung im Zusammenhang mit der Sicherheit des Dienstes, einen Antrag auf Registrierung oder Teilnahme an einer Veranstaltung zu stellen, Besuche f\u00fcr die Zwecke der Abrechnung von Softwarelizenzen zu z\u00e4hlen, mit denen der Webseitendienst arbeitet, Sicherheitsfunktionen beim Browsen zu nutzen, Inhalte f\u00fcr die \u00dcbertragung von Videos oder Ton zu speichern, dynamische Inhalte zu erm\u00f6glichen (z. B. Animation des Ladens von Text oder Bildern) oder Inhalte \u00fcber soziale Netzwerke zu teilen.<\/p><p><span style=\"text-decoration: underline;\"><strong>Analyse-Cookies:<\/strong><\/span><br \/>Sie erm\u00f6glichen es uns, die Anzahl der Nutzer zu quantifizieren und somit die Nutzung der Website durch die Nutzer zu messen und statistisch zu analysieren. Zu diesem Zweck wird Ihr Surfverhalten auf unserer Website analysiert, um das Angebot an Produkten und Dienstleistungen zu verbessern.<\/p><p><span style=\"text-decoration: underline;\"><strong>Pr\u00e4ferenz- oder Personalisierungs-Cookies:<\/strong><\/span><\/p><p>Diese erm\u00f6glichen es, Informationen zu speichern, damit der Nutzer auf den Dienst mit bestimmten Merkmalen zugreifen kann, die ihn von anderen Nutzern unterscheiden, wie z. B. die Sprache, die Anzahl der Ergebnisse, die bei einer Suche angezeigt werden, das Aussehen oder der Inhalt des Dienstes in Abh\u00e4ngigkeit von der Art des Browsers, \u00fcber den der Nutzer auf den Dienst zugreift, oder der Region, aus der der Nutzer auf den Dienst zugreift, usw.<\/p><p>\u00a0<\/p><p>JE NACH DER DAUER IHRER AKTIVIERUNG<\/p><p><span style=\"text-decoration: underline;\"><strong>Sitzungs-Cookies:<\/strong><\/span><\/p><p>Diese sind dazu bestimmt, Daten zu sammeln und zu speichern, w\u00e4hrend der Benutzer eine Webseite aufruft.<br \/>Sie werden in der Regel verwendet, um Informationen zu speichern, die nur f\u00fcr die Erbringung der vom Nutzer einmalig angeforderten Dienstleistung relevant sind (z. B. eine Liste der gekauften Produkte), und verschwinden am Ende der Sitzung.<\/p><p><span style=\"text-decoration: underline;\"><strong>Dauerhafte Cookies:<\/strong><\/span><\/p><p>Dauerhafte Cookies sind solche, bei denen die Daten auf dem Endger\u00e4t gespeichert bleiben und f\u00fcr einen vom Cookie-Eigent\u00fcmer festgelegten Zeitraum, der von einigen Minuten bis zu mehreren Jahren reichen kann, abgerufen und verarbeitet werden k\u00f6nnen. In diesem Zusammenhang sollte speziell gepr\u00fcft werden, ob die Verwendung von dauerhaften Cookies notwendig ist, da die Risiken f\u00fcr die Privatsph\u00e4re durch die Verwendung von Sitzungscookies verringert werden k\u00f6nnten. Wenn persistente Cookies gesetzt werden, wird in jedem Fall empfohlen, ihre tempor\u00e4re Dauer auf das notwendige Minimum zu reduzieren, wobei der Zweck ihrer Verwendung zu ber\u00fccksichtigen ist. Zu diesem Zweck hat die AG29 in ihrer Stellungnahme 4\/2012 darauf hingewiesen, dass ein Cookie nur dann von der Pflicht zur Einwilligung in Kenntnis der Sachlage ausgenommen werden kann, wenn sein Ablauf mit seinem Zweck in Zusammenhang steht. Infolgedessen sind Sitzungscookies sehr viel wahrscheinlicher ausgenommen als dauerhafte Cookies.<\/p>\t\t\t\t\t\t\t\t<\/div>\n\t\t\t\t<\/div>\n\t\t\t\t<div class=\"elementor-element elementor-element-b76b8d8 elementor-widget-divider--view-line elementor-widget elementor-widget-divider\" data-id=\"b76b8d8\" data-element_type=\"widget\" data-e-type=\"widget\" data-widget_type=\"divider.default\">\n\t\t\t\t<div class=\"elementor-widget-container\">\n\t\t\t\t\t\t\t<div class=\"elementor-divider\">\n\t\t\t<span class=\"elementor-divider-separator\">\n\t\t\t\t\t\t<\/span>\n\t\t<\/div>\n\t\t\t\t\t\t<\/div>\n\t\t\t\t<\/div>\n\t\t\t\t<\/div>\n\t\t\t\t<\/div>","protected":false},"excerpt":{"rendered":"<p>POL\u00cdTICA DE COOKIES \u00bfQU\u00c9 SON LAS COOKIES? En ingl\u00e9s, el t\u00e9rmino \u00abcookie\u00bb significa galleta, pero en el \u00e1mbito de la navegaci\u00f3n web, una \u00abcookie\u00bb es algo completamente distinto. Cuando accede a nuestro Sitio Web, en el navegador de su dispositivo se almacena una peque\u00f1a cantidad de texto que se denomina \u00abcookie\u00bb. Este texto contiene informaci\u00f3n [&hellip;]<\/p>\n","protected":false},"author":2,"featured_media":0,"parent":0,"menu_order":0,"comment_status":"closed","ping_status":"closed","template":"elementor_header_footer","meta":{"inline_featured_image":false,"footnotes":""},"class_list":["post-7247","page","type-page","status-publish","hentry"],"yoast_head":"<!-- This site is optimized with the Yoast SEO plugin v27.5 - https:\/\/yoast.com\/product\/yoast-seo-wordpress\/ -->\n<title>Pol\u00edticas de cookies - Restaurante Fusion19 | Estrella Michelin 2026<\/title>\n<meta name=\"description\" content=\"Restaurante estrella michel\u00edn de la zona norte de Mallorca, Disfruta de una experiencia gastron\u00f3mica \u00fanica.\" \/>\n<meta name=\"robots\" content=\"noindex, follow\" \/>\n<meta property=\"og:locale\" content=\"de_DE\" \/>\n<meta property=\"og:type\" content=\"article\" \/>\n<meta property=\"og:title\" content=\"Pol\u00edticas de cookies - Restaurante Fusion19 | Estrella Michelin 2026\" \/>\n<meta property=\"og:description\" content=\"Restaurante estrella michel\u00edn de la zona norte de Mallorca, Disfruta de una experiencia gastron\u00f3mica \u00fanica.\" \/>\n<meta property=\"og:url\" content=\"https:\/\/fusion19.com\/de\/cookie-politik\/\" \/>\n<meta property=\"og:site_name\" content=\"Restaurante Fusion19 | Estrella Michelin 2026\" \/>\n<meta property=\"article:publisher\" content=\"https:\/\/www.facebook.com\/Fusion19restaurant\/?locale=es_ES\" \/>\n<meta property=\"article:modified_time\" content=\"2025-05-22T11:06:42+00:00\" \/>\n<meta property=\"og:image\" content=\"https:\/\/fusion19.com\/wp-content\/uploads\/2023\/09\/favicon-fusion19.png\" \/>\n\t<meta property=\"og:image:width\" content=\"900\" \/>\n\t<meta property=\"og:image:height\" content=\"900\" \/>\n\t<meta property=\"og:image:type\" content=\"image\/png\" \/>\n<meta name=\"twitter:card\" content=\"summary_large_image\" \/>\n<meta name=\"twitter:label1\" content=\"Gesch\u00e4tzte Lesezeit\" \/>\n\t<meta name=\"twitter:data1\" content=\"6\u00a0Minuten\" \/>\n<script type=\"application\/ld+json\" class=\"yoast-schema-graph\">{\"@context\":\"https:\\\/\\\/schema.org\",\"@graph\":[{\"@type\":\"WebPage\",\"@id\":\"https:\\\/\\\/fusion19.com\\\/politica-de-cookies\\\/\",\"url\":\"https:\\\/\\\/fusion19.com\\\/politica-de-cookies\\\/\",\"name\":\"Pol\u00edticas de cookies - Restaurante Fusion19 | Estrella Michelin 2026\",\"isPartOf\":{\"@id\":\"https:\\\/\\\/fusion19.com\\\/#website\"},\"datePublished\":\"2025-04-21T07:47:02+00:00\",\"dateModified\":\"2025-05-22T11:06:42+00:00\",\"description\":\"Restaurante estrella michel\u00edn de la zona norte de Mallorca, Disfruta de una experiencia gastron\u00f3mica \u00fanica.\",\"breadcrumb\":{\"@id\":\"https:\\\/\\\/fusion19.com\\\/politica-de-cookies\\\/#breadcrumb\"},\"inLanguage\":\"de\",\"potentialAction\":[{\"@type\":\"ReadAction\",\"target\":[\"https:\\\/\\\/fusion19.com\\\/politica-de-cookies\\\/\"]}]},{\"@type\":\"BreadcrumbList\",\"@id\":\"https:\\\/\\\/fusion19.com\\\/politica-de-cookies\\\/#breadcrumb\",\"itemListElement\":[{\"@type\":\"ListItem\",\"position\":1,\"name\":\"Portada\",\"item\":\"https:\\\/\\\/fusion19.com\\\/\"},{\"@type\":\"ListItem\",\"position\":2,\"name\":\"Pol\u00edticas de cookies\"}]},{\"@type\":\"WebSite\",\"@id\":\"https:\\\/\\\/fusion19.com\\\/#website\",\"url\":\"https:\\\/\\\/fusion19.com\\\/\",\"name\":\"Restaurante Fusi\u00f3n19 | Estrella Michel\u00edn 2024\",\"description\":\"\",\"publisher\":{\"@id\":\"https:\\\/\\\/fusion19.com\\\/#organization\"},\"potentialAction\":[{\"@type\":\"SearchAction\",\"target\":{\"@type\":\"EntryPoint\",\"urlTemplate\":\"https:\\\/\\\/fusion19.com\\\/?s={search_term_string}\"},\"query-input\":{\"@type\":\"PropertyValueSpecification\",\"valueRequired\":true,\"valueName\":\"search_term_string\"}}],\"inLanguage\":\"de\"},{\"@type\":\"Organization\",\"@id\":\"https:\\\/\\\/fusion19.com\\\/#organization\",\"name\":\"Restaurante Fusi\u00f3n19 | Estrella Michel\u00edn 2024\",\"url\":\"https:\\\/\\\/fusion19.com\\\/\",\"logo\":{\"@type\":\"ImageObject\",\"inLanguage\":\"de\",\"@id\":\"https:\\\/\\\/fusion19.com\\\/#\\\/schema\\\/logo\\\/image\\\/\",\"url\":\"https:\\\/\\\/fusion19.com\\\/wp-content\\\/uploads\\\/2023\\\/09\\\/favicon-fusion19.png\",\"contentUrl\":\"https:\\\/\\\/fusion19.com\\\/wp-content\\\/uploads\\\/2023\\\/09\\\/favicon-fusion19.png\",\"width\":900,\"height\":900,\"caption\":\"Restaurante Fusi\u00f3n19 | Estrella Michel\u00edn 2024\"},\"image\":{\"@id\":\"https:\\\/\\\/fusion19.com\\\/#\\\/schema\\\/logo\\\/image\\\/\"},\"sameAs\":[\"https:\\\/\\\/www.facebook.com\\\/Fusion19restaurant\\\/?locale=es_ES\",\"https:\\\/\\\/www.instagram.com\\\/fusion19restaurant\\\/\"]}]}<\/script>\n<!-- \/ Yoast SEO plugin. -->","yoast_head_json":{"title":"Cookie-Richtlinie - Fusion19 Restaurant - Michelin-Stern 2026","description":"Das mit einem Michelin-Stern ausgezeichnete Restaurant im Norden Mallorcas bietet Ihnen ein einzigartiges gastronomisches Erlebnis.","robots":{"index":"noindex","follow":"follow"},"og_locale":"de_DE","og_type":"article","og_title":"Pol\u00edticas de cookies - Restaurante Fusion19 | Estrella Michelin 2026","og_description":"Restaurante estrella michel\u00edn de la zona norte de Mallorca, Disfruta de una experiencia gastron\u00f3mica \u00fanica.","og_url":"https:\/\/fusion19.com\/de\/cookie-politik\/","og_site_name":"Restaurante Fusion19 | Estrella Michelin 2026","article_publisher":"https:\/\/www.facebook.com\/Fusion19restaurant\/?locale=es_ES","article_modified_time":"2025-05-22T11:06:42+00:00","og_image":[{"width":900,"height":900,"url":"https:\/\/fusion19.com\/wp-content\/uploads\/2023\/09\/favicon-fusion19.png","type":"image\/png"}],"twitter_card":"summary_large_image","twitter_misc":{"Gesch\u00e4tzte Lesezeit":"6\u00a0Minuten"},"schema":{"@context":"https:\/\/schema.org","@graph":[{"@type":"WebPage","@id":"https:\/\/fusion19.com\/politica-de-cookies\/","url":"https:\/\/fusion19.com\/politica-de-cookies\/","name":"Cookie-Richtlinie - Fusion19 Restaurant - Michelin-Stern 2026","isPartOf":{"@id":"https:\/\/fusion19.com\/#website"},"datePublished":"2025-04-21T07:47:02+00:00","dateModified":"2025-05-22T11:06:42+00:00","description":"Das mit einem Michelin-Stern ausgezeichnete Restaurant im Norden Mallorcas bietet Ihnen ein einzigartiges gastronomisches Erlebnis.","breadcrumb":{"@id":"https:\/\/fusion19.com\/politica-de-cookies\/#breadcrumb"},"inLanguage":"de","potentialAction":[{"@type":"ReadAction","target":["https:\/\/fusion19.com\/politica-de-cookies\/"]}]},{"@type":"BreadcrumbList","@id":"https:\/\/fusion19.com\/politica-de-cookies\/#breadcrumb","itemListElement":[{"@type":"ListItem","position":1,"name":"Portada","item":"https:\/\/fusion19.com\/"},{"@type":"ListItem","position":2,"name":"Pol\u00edticas de cookies"}]},{"@type":"WebSite","@id":"https:\/\/fusion19.com\/#website","url":"https:\/\/fusion19.com\/","name":"Restaurant Fusion19\n| Michelin Stern 2024","description":"","publisher":{"@id":"https:\/\/fusion19.com\/#organization"},"potentialAction":[{"@type":"SearchAction","target":{"@type":"EntryPoint","urlTemplate":"https:\/\/fusion19.com\/?s={search_term_string}"},"query-input":{"@type":"PropertyValueSpecification","valueRequired":true,"valueName":"search_term_string"}}],"inLanguage":"de"},{"@type":"Organization","@id":"https:\/\/fusion19.com\/#organization","name":"Restaurant Fusion19\n| Michelin Stern 2024","url":"https:\/\/fusion19.com\/","logo":{"@type":"ImageObject","inLanguage":"de","@id":"https:\/\/fusion19.com\/#\/schema\/logo\/image\/","url":"https:\/\/fusion19.com\/wp-content\/uploads\/2023\/09\/favicon-fusion19.png","contentUrl":"https:\/\/fusion19.com\/wp-content\/uploads\/2023\/09\/favicon-fusion19.png","width":900,"height":900,"caption":"Restaurante Fusi\u00f3n19 | Estrella Michel\u00edn 2024"},"image":{"@id":"https:\/\/fusion19.com\/#\/schema\/logo\/image\/"},"sameAs":["https:\/\/www.facebook.com\/Fusion19restaurant\/?locale=es_ES","https:\/\/www.instagram.com\/fusion19restaurant\/"]}]}},"_links":{"self":[{"href":"https:\/\/fusion19.com\/de\/wp-json\/wp\/v2\/pages\/7247","targetHints":{"allow":["GET"]}}],"collection":[{"href":"https:\/\/fusion19.com\/de\/wp-json\/wp\/v2\/pages"}],"about":[{"href":"https:\/\/fusion19.com\/de\/wp-json\/wp\/v2\/types\/page"}],"author":[{"embeddable":true,"href":"https:\/\/fusion19.com\/de\/wp-json\/wp\/v2\/users\/2"}],"replies":[{"embeddable":true,"href":"https:\/\/fusion19.com\/de\/wp-json\/wp\/v2\/comments?post=7247"}],"version-history":[{"count":20,"href":"https:\/\/fusion19.com\/de\/wp-json\/wp\/v2\/pages\/7247\/revisions"}],"predecessor-version":[{"id":7268,"href":"https:\/\/fusion19.com\/de\/wp-json\/wp\/v2\/pages\/7247\/revisions\/7268"}],"wp:attachment":[{"href":"https:\/\/fusion19.com\/de\/wp-json\/wp\/v2\/media?parent=7247"}],"curies":[{"name":"wp","href":"https:\/\/api.w.org\/{rel}","templated":true}]}}