{"id":7274,"date":"2025-04-21T09:59:46","date_gmt":"2025-04-21T08:59:46","guid":{"rendered":"https:\/\/fusion19.com\/_-politicas-de-cookies\/"},"modified":"2025-05-22T12:03:44","modified_gmt":"2025-05-22T11:03:44","slug":"bedingungen-und-konditionen","status":"publish","type":"page","link":"https:\/\/fusion19.com\/de\/bedingungen-und-konditionen\/","title":{"rendered":"Bedingungen und Konditionen"},"content":{"rendered":"<div data-elementor-type=\"wp-page\" data-elementor-id=\"7274\" class=\"elementor elementor-7274\" data-elementor-post-type=\"page\">\n\t\t\t\t<div class=\"elementor-element elementor-element-bf6167f e-con-full e-grid e-con e-parent\" data-id=\"bf6167f\" data-element_type=\"container\" data-e-type=\"container\" data-settings=\"{&quot;background_background&quot;:&quot;gradient&quot;}\">\n\t\t\t\t<div class=\"elementor-element elementor-element-c176487 elementor-widget elementor-widget-heading\" data-id=\"c176487\" data-element_type=\"widget\" data-e-type=\"widget\" data-widget_type=\"heading.default\">\n\t\t\t\t<div class=\"elementor-widget-container\">\n\t\t\t\t\t<h2 class=\"elementor-heading-title elementor-size-default\">BEDINGUNGEN UND KONDITIONEN<\/h2>\t\t\t\t<\/div>\n\t\t\t\t<\/div>\n\t\t\t\t<div class=\"elementor-element elementor-element-2b93438 elementor-widget elementor-widget-text-editor\" data-id=\"2b93438\" data-element_type=\"widget\" data-e-type=\"widget\" data-widget_type=\"text-editor.default\">\n\t\t\t\t<div class=\"elementor-widget-container\">\n\t\t\t\t\t\t\t\t\t<h6><span style=\"text-decoration: underline;\">DENTIFIKATION UND DEFINITIONEN<\/span><\/h6><p>Diese allgemeinen Gesch\u00e4ftsbedingungen gelten f\u00fcr alle \u00fcber die Website abgewickelten Gesch\u00e4fte. <a href=\"https:\/\/fusion19.com\/de\">www.fusion19.com<\/a>Die Domain ist Eigentum von Gesti\u00f3n y AVIJO SL, mit CIF B07611379 und der Adresse Avda S'Albufera 23 Platja de Muro 07458, im Folgenden DER EIGENT\u00dcMER genannt.<\/p><p>Diese allgemeinen Gesch\u00e4ftsbedingungen (im Folgenden der \"Vertrag\") regeln den Vertrag zwischen DEM BETREIBER und der Person oder Einrichtung, die eine Bestellung \u00fcber die Website aufgibt. <a href=\"https:\/\/fusion19.com\/de\">www.fusion19.com<\/a> (nachstehend \"Kunde\" genannt) zu den in diesem Vertrag festgelegten Bedingungen.<\/p><p>Der Kunde akzeptiert ausdr\u00fccklich, vollst\u00e4ndig und vorbehaltlos jede einzelne Klausel dieses Vertrages.<\/p><p>Der Kunde geht davon aus, dass die auf der Website enthaltenen Informationen, wie z.B. die allgemeinen Vertragsbedingungen und der Vertragsabschluss, f\u00fcr den Ausschluss von Irrt\u00fcmern beim Zustandekommen des Vertrages ausreichend und ausreichend sind.<\/p><p>Der Kunde akzeptiert die Verwendung der in unserem System \u00fcber das Anmeldeformular gesammelten Daten, um die korrekte Bearbeitung der erteilten Auftr\u00e4ge zu gew\u00e4hrleisten (Adresse, Telefon, E-Mail, etc.).<\/p><p>\u00a0<\/p><h6><span style=\"text-decoration: underline;\">AKTIVIT\u00c4T<\/span><\/h6><p><a href=\"http:\/\/fusion19.com\/de\/\">fusion19.com<\/a>widmet sich dem Catering und dem Fernabsatz von Gutscheinen oder Lebensmitteln.<\/p><p>\u00a0<\/p><h6><span style=\"text-decoration: underline;\">INHALT UND INFORMATIONEN AUF DER WEBSITE<\/span><\/h6><p><a href=\"http:\/\/fusion19.com\/de\/\">fusion19.com<\/a> beh\u00e4lt sich das Recht vor, das auf seiner Website pr\u00e4sentierte kommerzielle Angebot zu \u00e4ndern (\u00c4nderungen der Produkte, Preise, Werbeaktionen und anderer kommerzieller Bedingungen und Dienstleistungen).<\/p><p>Der Preis unserer Artikel ist der Preis zu allen Zeiten auf unserer Website angegeben. Wenn ein Fehler bei der Einf\u00fchrung des Preises, zu allen Zeiten au\u00dferhalb der Kontrolle von zaranda.es entdeckt wird, werden wir automatisch gehen, um es zu korrigieren. Im Falle einer Stornierung, wird der Kunde einen Betrag, der bezahlt worden war, zur\u00fcckerstattet werden. Ohne die ausdr\u00fcckliche Zustimmung des Kunden zu den richtigen Bedingungen, werden wir nicht gehen, um den Gutschein zu senden.<\/p><p>Die zum Verkauf angebotenen Produkte oder Gutscheine werden so genau wie m\u00f6glich dargestellt.<\/p><p>\u00a0<\/p><h6><span style=\"text-decoration: underline;\">VERKAUFSSYSTEM<\/span><\/h6><p>Um einen Kauf zu t\u00e4tigen, muss der Kunde einfach eines unserer Degustationsmen\u00fcs ausw\u00e4hlen, dann auf das gew\u00fcnschte Produkt klicken, und sobald er sich im Produkt befindet, erscheint unten eine Leiste, in der Sie die gew\u00fcnschten Erg\u00e4nzungen zum Gutschein ausw\u00e4hlen, den Betrag in den Warenkorb legen und zur Zahlung \u00fcbergehen k\u00f6nnen; jeder Gutschein oder jedes Produkt enth\u00e4lt die Mehrwertsteuer.<\/p><p>\u00a0<\/p><h6><span style=\"text-decoration: underline;\">ART DER ZAHLUNG<\/span><\/h6><p>Der Kunde kann auf der Seite Zahlungsmethode sicher per Kreditkarte bezahlen.<\/p><p>Die Zahlung \u00fcber fusion19.com ist durch SSL-Verschl\u00fcsselung absolut sicher. F\u00fcr die Zahlung per Kreditkarte wird der Kunde zum Zahlungssystem weitergeleitet, wo er seine Kreditkartendaten in einer absolut sicheren Umgebung eingeben kann.<\/p><p>fusion19.com beh\u00e4lt sich das Recht vor, den Versand einer Bestellung eines Kunden zu verweigern, der eine fr\u00fchere Bestellung ganz oder teilweise nicht bezahlt hat oder mit dem ein aktiver Zahlungsstreit besteht, sowie jede Bestellung, bei der es Hinweise auf Zahlungsbetrug gibt oder bei der die Zahlung nicht erfolgt ist.<\/p><p>Alle unsere Bestellungen unterliegen der Zahlungspflicht.<\/p><p>\u00a0<\/p><h6><span style=\"text-decoration: underline;\">FUSION19.COM'S R\u00dcCKGABE- UND WIDERRUFSBELEHRUNG<\/span><\/h6><p>Sobald die Bestellung aufgegeben wurde, und da es sich um einen Geldwert handelt, kann keine R\u00fcckerstattung erfolgen. fusion19.com beh\u00e4lt sich das Recht vor, eine Bestellung im Falle von Bel\u00e4stigungen durch den Kunden zu stornieren, sei es per Telefon, E-Mail oder durch Beleidigungen in Beitr\u00e4gen auf anderen Websites oder auf den von fusion19.com verwendeten Plattformen.<\/p>\t\t\t\t\t\t\t\t<\/div>\n\t\t\t\t<\/div>\n\t\t\t\t<div class=\"elementor-element elementor-element-b76b8d8 elementor-widget-divider--view-line elementor-widget elementor-widget-divider\" data-id=\"b76b8d8\" data-element_type=\"widget\" data-e-type=\"widget\" data-widget_type=\"divider.default\">\n\t\t\t\t<div class=\"elementor-widget-container\">\n\t\t\t\t\t\t\t<div class=\"elementor-divider\">\n\t\t\t<span class=\"elementor-divider-separator\">\n\t\t\t\t\t\t<\/span>\n\t\t<\/div>\n\t\t\t\t\t\t<\/div>\n\t\t\t\t<\/div>\n\t\t\t\t<\/div>\n\t\t\t\t<\/div>","protected":false},"excerpt":{"rendered":"<p>T\u00c9RMINOS Y CONDICIONES DENTIFICACI\u00d3N Y DEFINICIONES Las presentes condiciones generales de contrataci\u00f3n se aplican a todas las transacciones comerciales realizadas a trav\u00e9s de la p\u00e1gina web www.fusion19.com, dominio del que es titular Gesti\u00f3n y AVIJO SL, con CIF B07611379 y domicilio en Avda S\u2019Albufera 23 Platja de Muro 07458 en adelante EL TITULAR. Las presentes [&hellip;]<\/p>\n","protected":false},"author":2,"featured_media":0,"parent":0,"menu_order":0,"comment_status":"closed","ping_status":"closed","template":"elementor_header_footer","meta":{"inline_featured_image":false,"footnotes":""},"class_list":["post-7274","page","type-page","status-publish","hentry"],"yoast_head":"<!-- This site is optimized with the Yoast SEO plugin v27.4 - https:\/\/yoast.com\/product\/yoast-seo-wordpress\/ -->\n<title>T\u00e9rminos y Condiciones - Restaurante Fusion19 | Estrella Michelin 2026<\/title>\n<meta name=\"description\" content=\"Restaurante estrella michel\u00edn de la zona norte de Mallorca, Disfruta de una experiencia gastron\u00f3mica \u00fanica.\" \/>\n<meta name=\"robots\" content=\"noindex, follow\" \/>\n<meta property=\"og:locale\" content=\"de_DE\" \/>\n<meta property=\"og:type\" content=\"article\" \/>\n<meta property=\"og:title\" content=\"T\u00e9rminos y Condiciones - Restaurante Fusion19 | Estrella Michelin 2026\" \/>\n<meta property=\"og:description\" content=\"Restaurante estrella michel\u00edn de la zona norte de Mallorca, Disfruta de una experiencia gastron\u00f3mica \u00fanica.\" \/>\n<meta property=\"og:url\" content=\"https:\/\/fusion19.com\/de\/bedingungen-und-konditionen\/\" \/>\n<meta property=\"og:site_name\" content=\"Restaurante Fusion19 | Estrella Michelin 2026\" \/>\n<meta property=\"article:publisher\" content=\"https:\/\/www.facebook.com\/Fusion19restaurant\/?locale=es_ES\" \/>\n<meta property=\"article:modified_time\" content=\"2025-05-22T11:03:44+00:00\" \/>\n<meta property=\"og:image\" content=\"https:\/\/fusion19.com\/wp-content\/uploads\/2023\/09\/favicon-fusion19.png\" \/>\n\t<meta property=\"og:image:width\" content=\"900\" \/>\n\t<meta property=\"og:image:height\" content=\"900\" \/>\n\t<meta property=\"og:image:type\" content=\"image\/png\" \/>\n<meta name=\"twitter:card\" content=\"summary_large_image\" \/>\n<meta name=\"twitter:label1\" content=\"Gesch\u00e4tzte Lesezeit\" \/>\n\t<meta name=\"twitter:data1\" content=\"3\u00a0Minuten\" \/>\n<script type=\"application\/ld+json\" class=\"yoast-schema-graph\">{\"@context\":\"https:\\\/\\\/schema.org\",\"@graph\":[{\"@type\":\"WebPage\",\"@id\":\"https:\\\/\\\/fusion19.com\\\/terminos-y-condiciones\\\/\",\"url\":\"https:\\\/\\\/fusion19.com\\\/terminos-y-condiciones\\\/\",\"name\":\"T\u00e9rminos y Condiciones - Restaurante Fusion19 | Estrella Michelin 2026\",\"isPartOf\":{\"@id\":\"https:\\\/\\\/fusion19.com\\\/#website\"},\"datePublished\":\"2025-04-21T08:59:46+00:00\",\"dateModified\":\"2025-05-22T11:03:44+00:00\",\"description\":\"Restaurante estrella michel\u00edn de la zona norte de Mallorca, Disfruta de una experiencia gastron\u00f3mica \u00fanica.\",\"breadcrumb\":{\"@id\":\"https:\\\/\\\/fusion19.com\\\/terminos-y-condiciones\\\/#breadcrumb\"},\"inLanguage\":\"de\",\"potentialAction\":[{\"@type\":\"ReadAction\",\"target\":[\"https:\\\/\\\/fusion19.com\\\/terminos-y-condiciones\\\/\"]}]},{\"@type\":\"BreadcrumbList\",\"@id\":\"https:\\\/\\\/fusion19.com\\\/terminos-y-condiciones\\\/#breadcrumb\",\"itemListElement\":[{\"@type\":\"ListItem\",\"position\":1,\"name\":\"Portada\",\"item\":\"https:\\\/\\\/fusion19.com\\\/\"},{\"@type\":\"ListItem\",\"position\":2,\"name\":\"T\u00e9rminos y Condiciones\"}]},{\"@type\":\"WebSite\",\"@id\":\"https:\\\/\\\/fusion19.com\\\/#website\",\"url\":\"https:\\\/\\\/fusion19.com\\\/\",\"name\":\"Restaurante Fusi\u00f3n19 | Estrella Michel\u00edn 2024\",\"description\":\"\",\"publisher\":{\"@id\":\"https:\\\/\\\/fusion19.com\\\/#organization\"},\"potentialAction\":[{\"@type\":\"SearchAction\",\"target\":{\"@type\":\"EntryPoint\",\"urlTemplate\":\"https:\\\/\\\/fusion19.com\\\/?s={search_term_string}\"},\"query-input\":{\"@type\":\"PropertyValueSpecification\",\"valueRequired\":true,\"valueName\":\"search_term_string\"}}],\"inLanguage\":\"de\"},{\"@type\":\"Organization\",\"@id\":\"https:\\\/\\\/fusion19.com\\\/#organization\",\"name\":\"Restaurante Fusi\u00f3n19 | Estrella Michel\u00edn 2024\",\"url\":\"https:\\\/\\\/fusion19.com\\\/\",\"logo\":{\"@type\":\"ImageObject\",\"inLanguage\":\"de\",\"@id\":\"https:\\\/\\\/fusion19.com\\\/#\\\/schema\\\/logo\\\/image\\\/\",\"url\":\"https:\\\/\\\/fusion19.com\\\/wp-content\\\/uploads\\\/2023\\\/09\\\/favicon-fusion19.png\",\"contentUrl\":\"https:\\\/\\\/fusion19.com\\\/wp-content\\\/uploads\\\/2023\\\/09\\\/favicon-fusion19.png\",\"width\":900,\"height\":900,\"caption\":\"Restaurante Fusi\u00f3n19 | Estrella Michel\u00edn 2024\"},\"image\":{\"@id\":\"https:\\\/\\\/fusion19.com\\\/#\\\/schema\\\/logo\\\/image\\\/\"},\"sameAs\":[\"https:\\\/\\\/www.facebook.com\\\/Fusion19restaurant\\\/?locale=es_ES\",\"https:\\\/\\\/www.instagram.com\\\/fusion19restaurant\\\/\"]}]}<\/script>\n<!-- \/ Yoast SEO plugin. -->","yoast_head_json":{"title":"Allgemeine Gesch\u00e4ftsbedingungen - Fusion19 Restaurant - Michelin-Stern 2026","description":"Das mit einem Michelin-Stern ausgezeichnete Restaurant im Norden Mallorcas bietet Ihnen ein einzigartiges gastronomisches Erlebnis.","robots":{"index":"noindex","follow":"follow"},"og_locale":"de_DE","og_type":"article","og_title":"T\u00e9rminos y Condiciones - Restaurante Fusion19 | Estrella Michelin 2026","og_description":"Restaurante estrella michel\u00edn de la zona norte de Mallorca, Disfruta de una experiencia gastron\u00f3mica \u00fanica.","og_url":"https:\/\/fusion19.com\/de\/bedingungen-und-konditionen\/","og_site_name":"Restaurante Fusion19 | Estrella Michelin 2026","article_publisher":"https:\/\/www.facebook.com\/Fusion19restaurant\/?locale=es_ES","article_modified_time":"2025-05-22T11:03:44+00:00","og_image":[{"width":900,"height":900,"url":"https:\/\/fusion19.com\/wp-content\/uploads\/2023\/09\/favicon-fusion19.png","type":"image\/png"}],"twitter_card":"summary_large_image","twitter_misc":{"Gesch\u00e4tzte Lesezeit":"3\u00a0Minuten"},"schema":{"@context":"https:\/\/schema.org","@graph":[{"@type":"WebPage","@id":"https:\/\/fusion19.com\/terminos-y-condiciones\/","url":"https:\/\/fusion19.com\/terminos-y-condiciones\/","name":"Allgemeine Gesch\u00e4ftsbedingungen - Fusion19 Restaurant - Michelin-Stern 2026","isPartOf":{"@id":"https:\/\/fusion19.com\/#website"},"datePublished":"2025-04-21T08:59:46+00:00","dateModified":"2025-05-22T11:03:44+00:00","description":"Das mit einem Michelin-Stern ausgezeichnete Restaurant im Norden Mallorcas bietet Ihnen ein einzigartiges gastronomisches Erlebnis.","breadcrumb":{"@id":"https:\/\/fusion19.com\/terminos-y-condiciones\/#breadcrumb"},"inLanguage":"de","potentialAction":[{"@type":"ReadAction","target":["https:\/\/fusion19.com\/terminos-y-condiciones\/"]}]},{"@type":"BreadcrumbList","@id":"https:\/\/fusion19.com\/terminos-y-condiciones\/#breadcrumb","itemListElement":[{"@type":"ListItem","position":1,"name":"Portada","item":"https:\/\/fusion19.com\/"},{"@type":"ListItem","position":2,"name":"T\u00e9rminos y Condiciones"}]},{"@type":"WebSite","@id":"https:\/\/fusion19.com\/#website","url":"https:\/\/fusion19.com\/","name":"Restaurant Fusion19\n| Michelin Stern 2024","description":"","publisher":{"@id":"https:\/\/fusion19.com\/#organization"},"potentialAction":[{"@type":"SearchAction","target":{"@type":"EntryPoint","urlTemplate":"https:\/\/fusion19.com\/?s={search_term_string}"},"query-input":{"@type":"PropertyValueSpecification","valueRequired":true,"valueName":"search_term_string"}}],"inLanguage":"de"},{"@type":"Organization","@id":"https:\/\/fusion19.com\/#organization","name":"Restaurant Fusion19\n| Michelin Stern 2024","url":"https:\/\/fusion19.com\/","logo":{"@type":"ImageObject","inLanguage":"de","@id":"https:\/\/fusion19.com\/#\/schema\/logo\/image\/","url":"https:\/\/fusion19.com\/wp-content\/uploads\/2023\/09\/favicon-fusion19.png","contentUrl":"https:\/\/fusion19.com\/wp-content\/uploads\/2023\/09\/favicon-fusion19.png","width":900,"height":900,"caption":"Restaurante Fusi\u00f3n19 | Estrella Michel\u00edn 2024"},"image":{"@id":"https:\/\/fusion19.com\/#\/schema\/logo\/image\/"},"sameAs":["https:\/\/www.facebook.com\/Fusion19restaurant\/?locale=es_ES","https:\/\/www.instagram.com\/fusion19restaurant\/"]}]}},"_links":{"self":[{"href":"https:\/\/fusion19.com\/de\/wp-json\/wp\/v2\/pages\/7274","targetHints":{"allow":["GET"]}}],"collection":[{"href":"https:\/\/fusion19.com\/de\/wp-json\/wp\/v2\/pages"}],"about":[{"href":"https:\/\/fusion19.com\/de\/wp-json\/wp\/v2\/types\/page"}],"author":[{"embeddable":true,"href":"https:\/\/fusion19.com\/de\/wp-json\/wp\/v2\/users\/2"}],"replies":[{"embeddable":true,"href":"https:\/\/fusion19.com\/de\/wp-json\/wp\/v2\/comments?post=7274"}],"version-history":[{"count":4,"href":"https:\/\/fusion19.com\/de\/wp-json\/wp\/v2\/pages\/7274\/revisions"}],"predecessor-version":[{"id":7278,"href":"https:\/\/fusion19.com\/de\/wp-json\/wp\/v2\/pages\/7274\/revisions\/7278"}],"wp:attachment":[{"href":"https:\/\/fusion19.com\/de\/wp-json\/wp\/v2\/media?parent=7274"}],"curies":[{"name":"wp","href":"https:\/\/api.w.org\/{rel}","templated":true}]}}