{"id":6952,"date":"2025-04-15T12:46:14","date_gmt":"2025-04-15T11:46:14","guid":{"rendered":"https:\/\/fusion19.com\/_-contacto\/"},"modified":"2026-02-16T10:22:52","modified_gmt":"2026-02-16T09:22:52","slug":"working-with-us","status":"publish","type":"page","link":"https:\/\/fusion19.com\/en\/working-with-us\/","title":{"rendered":"Work with us"},"content":{"rendered":"\t\t<div data-elementor-type=\"wp-page\" data-elementor-id=\"6952\" class=\"elementor elementor-6952\" data-elementor-post-type=\"page\">\n\t\t\t\t<div class=\"elementor-element elementor-element-1dd5d81 e-flex e-con-boxed e-con e-parent\" data-id=\"1dd5d81\" data-element_type=\"container\" data-e-type=\"container\">\n\t\t\t\t\t<div class=\"e-con-inner\">\n\t\t\t\t\t<\/div>\n\t\t\t\t<\/div>\n\t\t<div class=\"elementor-element elementor-element-4003b09 e-flex e-con-boxed e-con e-parent\" data-id=\"4003b09\" data-element_type=\"container\" data-e-type=\"container\">\n\t\t\t\t\t<div class=\"e-con-inner\">\n\t\t\t\t<div class=\"elementor-element elementor-element-3da482b elementor-widget elementor-widget-heading\" data-id=\"3da482b\" data-element_type=\"widget\" data-e-type=\"widget\" data-widget_type=\"heading.default\">\n\t\t\t\t<div class=\"elementor-widget-container\">\n\t\t\t\t\t<h1 class=\"elementor-heading-title elementor-size-default\">\u00daNETE A NUESTRO EQUIPO<\/h1>\t\t\t\t<\/div>\n\t\t\t\t<\/div>\n\t\t\t\t\t<\/div>\n\t\t\t\t<\/div>\n\t\t<div class=\"elementor-element elementor-element-eb4dcd0 e-grid e-con-boxed e-con e-parent\" data-id=\"eb4dcd0\" data-element_type=\"container\" data-e-type=\"container\">\n\t\t\t\t\t<div class=\"e-con-inner\">\n\t\t\t\t<div class=\"elementor-element elementor-element-bf837c1 elementor-button-align-stretch elementor-widget elementor-widget-form\" data-id=\"bf837c1\" data-element_type=\"widget\" data-e-type=\"widget\" data-settings=\"{&quot;step_next_label&quot;:&quot;Siguiente&quot;,&quot;step_previous_label&quot;:&quot;Anterior&quot;,&quot;button_width&quot;:&quot;100&quot;,&quot;step_type&quot;:&quot;number_text&quot;,&quot;step_icon_shape&quot;:&quot;circle&quot;}\" data-widget_type=\"form.default\">\n\t\t\t\t<div class=\"elementor-widget-container\">\n\t\t\t\t\t\t\t<form class=\"elementor-form\" method=\"post\" name=\"Nuevo formulario\" aria-label=\"Nuevo formulario\">\n\t\t\t<input type=\"hidden\" name=\"post_id\" value=\"6952\"\/>\n\t\t\t<input type=\"hidden\" name=\"form_id\" value=\"bf837c1\"\/>\n\t\t\t<input type=\"hidden\" name=\"referer_title\" value=\"Trabajar en Restaurante Estrella Michelin en Mallorca | Fusion19\" \/>\n\n\t\t\t\t\t\t\t<input type=\"hidden\" name=\"queried_id\" value=\"6952\"\/>\n\t\t\t\n\t\t\t<div class=\"elementor-form-fields-wrapper elementor-labels-above\">\n\t\t\t\t\t\t\t\t<div class=\"elementor-field-type-text elementor-field-group elementor-column elementor-field-group-name elementor-col-50 elementor-field-required\">\n\t\t\t\t\t\t\t\t\t\t\t\t<label for=\"form-field-name\" class=\"elementor-field-label\">\n\t\t\t\t\t\t\t\tNombre\t\t\t\t\t\t\t<\/label>\n\t\t\t\t\t\t\t\t\t\t\t\t\t\t<input size=\"1\" type=\"text\" name=\"form_fields[name]\" id=\"form-field-name\" class=\"elementor-field elementor-size-sm  elementor-field-textual\" required=\"required\">\n\t\t\t\t\t\t\t\t\t\t\t<\/div>\n\t\t\t\t\t\t\t\t<div class=\"elementor-field-type-number elementor-field-group elementor-column elementor-field-group-message elementor-col-50 elementor-field-required\">\n\t\t\t\t\t\t\t\t\t\t\t\t<label for=\"form-field-message\" class=\"elementor-field-label\">\n\t\t\t\t\t\t\t\tTel\u00e9fono\t\t\t\t\t\t\t<\/label>\n\t\t\t\t\t\t\t\t\t<input type=\"number\" name=\"form_fields[message]\" id=\"form-field-message\" class=\"elementor-field elementor-size-sm  elementor-field-textual\" required=\"required\" min=\"\" max=\"\" >\n\t\t\t\t\t\t<\/div>\n\t\t\t\t\t\t\t\t<div class=\"elementor-field-type-email elementor-field-group elementor-column elementor-field-group-email elementor-col-100 elementor-field-required\">\n\t\t\t\t\t\t\t\t\t\t\t\t<label for=\"form-field-email\" class=\"elementor-field-label\">\n\t\t\t\t\t\t\t\tCorreo electr\u00f3nico\t\t\t\t\t\t\t<\/label>\n\t\t\t\t\t\t\t\t\t\t\t\t\t\t<input size=\"1\" type=\"email\" name=\"form_fields[email]\" id=\"form-field-email\" class=\"elementor-field elementor-size-sm  elementor-field-textual\" required=\"required\">\n\t\t\t\t\t\t\t\t\t\t\t<\/div>\n\t\t\t\t\t\t\t\t<div class=\"elementor-field-type-checkbox elementor-field-group elementor-column elementor-field-group-field_9c6684d elementor-col-100\">\n\t\t\t\t\t\t\t\t\t\t\t\t<label for=\"form-field-field_9c6684d\" class=\"elementor-field-label\">\n\t\t\t\t\t\t\t\t\u00bfQu\u00e9 \u00e1rea te interesa?\t\t\t\t\t\t\t<\/label>\n\t\t\t\t\t\t<div class=\"elementor-field-subgroup  elementor-subgroup-inline\"><span class=\"elementor-field-option\"><input type=\"checkbox\" value=\"Cocina\" id=\"form-field-field_9c6684d-0\" name=\"form_fields[field_9c6684d][]\"> <label for=\"form-field-field_9c6684d-0\">Cocina<\/label><\/span><span class=\"elementor-field-option\"><input type=\"checkbox\" value=\"Sala\" id=\"form-field-field_9c6684d-1\" name=\"form_fields[field_9c6684d][]\"> <label for=\"form-field-field_9c6684d-1\">Sala<\/label><\/span><span class=\"elementor-field-option\"><input type=\"checkbox\" value=\"Otros\" id=\"form-field-field_9c6684d-2\" name=\"form_fields[field_9c6684d][]\"> <label for=\"form-field-field_9c6684d-2\">Otros<\/label><\/span><\/div>\t\t\t\t<\/div>\n\t\t\t\t\t\t\t\t<div class=\"elementor-field-type-upload elementor-field-group elementor-column elementor-field-group-field_04d8e77 elementor-col-100 elementor-field-required\">\n\t\t\t\t\t\t\t\t\t\t\t\t<label for=\"form-field-field_04d8e77\" class=\"elementor-field-label\">\n\t\t\t\t\t\t\t\tAdjunta tu CV\t\t\t\t\t\t\t<\/label>\n\t\t\t\t\t\t\t\t<input type=\"file\" name=\"form_fields[field_04d8e77]\" id=\"form-field-field_04d8e77\" class=\"elementor-field elementor-size-sm  elementor-upload-field\" required=\"required\">\n\n\t\t\t\t\t\t<\/div>\n\t\t\t\t\t\t\t\t<div class=\"elementor-field-group elementor-column elementor-field-type-submit elementor-col-100 e-form__buttons\">\n\t\t\t\t\t<button class=\"elementor-button elementor-size-lg\" type=\"submit\">\n\t\t\t\t\t\t<span class=\"elementor-button-content-wrapper\">\n\t\t\t\t\t\t\t\t\t\t\t\t\t\t\t\t\t\t\t\t\t\t<span class=\"elementor-button-text\">Enviar<\/span>\n\t\t\t\t\t\t\t\t\t\t\t\t\t<\/span>\n\t\t\t\t\t<\/button>\n\t\t\t\t<\/div>\n\t\t\t<\/div>\n\t\t<\/form>\n\t\t\t\t\t\t<\/div>\n\t\t\t\t<\/div>\n\t\t\t\t<div class=\"elementor-element elementor-element-ec48df7 elementor-widget-divider--view-line elementor-widget elementor-widget-divider\" data-id=\"ec48df7\" data-element_type=\"widget\" data-e-type=\"widget\" data-widget_type=\"divider.default\">\n\t\t\t\t<div class=\"elementor-widget-container\">\n\t\t\t\t\t\t\t<div class=\"elementor-divider\">\n\t\t\t<span class=\"elementor-divider-separator\">\n\t\t\t\t\t\t<\/span>\n\t\t<\/div>\n\t\t\t\t\t\t<\/div>\n\t\t\t\t<\/div>\n\t\t\t\t<div class=\"elementor-element elementor-element-c9bce32 elementor-hidden-tablet elementor-hidden-mobile elementor-widget elementor-widget-n-accordion\" data-id=\"c9bce32\" data-element_type=\"widget\" data-e-type=\"widget\" data-settings=\"{&quot;default_state&quot;:&quot;all_collapsed&quot;,&quot;max_items_expended&quot;:&quot;one&quot;,&quot;n_accordion_animation_duration&quot;:{&quot;unit&quot;:&quot;ms&quot;,&quot;size&quot;:400,&quot;sizes&quot;:[]}}\" data-widget_type=\"nested-accordion.default\">\n\t\t\t\t<div class=\"elementor-widget-container\">\n\t\t\t\t\t\t\t<div class=\"e-n-accordion\" aria-label=\"Accordion. Open links with Enter or Space, close with Escape, and navigate with Arrow Keys\">\n\t\t\t\t\t\t<details id=\"e-n-accordion-item-2110\" class=\"e-n-accordion-item\" >\n\t\t\t\t<summary class=\"e-n-accordion-item-title\" data-accordion-index=\"1\" tabindex=\"0\" aria-expanded=\"false\" aria-controls=\"e-n-accordion-item-2110\" >\n\t\t\t\t\t<span class='e-n-accordion-item-title-header'><h2 class=\"e-n-accordion-item-title-text\"> <div style=\"text-align: center\">   <p>Te estamos esperando en Fusion19 <\/h2><\/span>\n\t\t\t\t\t\t\t\t\t<\/summary>\n\t\t\t\t<div role=\"region\" aria-labelledby=\"e-n-accordion-item-2110\" class=\"elementor-element elementor-element-e7adb98 e-con-full e-flex e-con e-child\" data-id=\"e7adb98\" data-element_type=\"container\" data-e-type=\"container\">\n\t\t\t\t<div class=\"elementor-element elementor-element-8979571 elementor-widget elementor-widget-text-editor\" data-id=\"8979571\" data-element_type=\"widget\" data-e-type=\"widget\" data-widget_type=\"text-editor.default\">\n\t\t\t\t<div class=\"elementor-widget-container\">\n\t\t\t\t\t\t\t\t\t<p>Fusion19 es un restaurante ubicado en Playa de Muro, reconocido con una estrella Michelin por su cocina creativa, t\u00e9cnica impecable y respeto por el producto local. Formar parte de nuestro equipo significa incorporarse a la gesti\u00f3n de un restaurante Michelin en Mallorca, donde cada detalle cuenta.<\/p><p>Si te interesa la oportunidad de comenzar una nueva etapa en un restaurante Michelin o deseas desarrollarte profesionalmente en el \u00e1mbito de la alta gastronom\u00eda en Mallorca, Fusion19 es el lugar ideal. Ya sea en cocina, sala o gesti\u00f3n, valoramos el compromiso, la formaci\u00f3n continua y el deseo de crecer dentro de un entorno exigente y estimulante.<\/p><p>\u00a0<\/p><p data-start=\"1215\" data-end=\"1355\">\u00a0<\/p>\t\t\t\t\t\t\t\t<\/div>\n\t\t\t\t<\/div>\n\t\t\t\t<\/div>\n\t\t\t\t\t<\/details>\n\t\t\t\t\t<\/div>\n\t\t\t\t\t\t<\/div>\n\t\t\t\t<\/div>\n\t\t\t\t<div class=\"elementor-element elementor-element-ae1dcbf elementor-widget elementor-widget-text-editor\" data-id=\"ae1dcbf\" data-element_type=\"widget\" data-e-type=\"widget\" data-widget_type=\"text-editor.default\">\n\t\t\t\t<div class=\"elementor-widget-container\">\n\t\t\t\t\t\t\t\t\t<p class=\"\" data-start=\"197\" data-end=\"410\">En Fusion19 creemos que la excelencia comienza con las personas. Buscamos talento apasionado, con ganas de crecer, aprender y aportar su toque personal a una experiencia gastron\u00f3mica \u00fanica con <a href=\"https:\/\/guide.michelin.com\/es\/es\/islas-baleares\/muro\/restaurante\/fusion19\">estrella Michelin<\/a>.<\/p><p class=\"\" data-start=\"415\" data-end=\"620\">Si compartes nuestro compromiso con la calidad, la innovaci\u00f3n y el trabajo en equipo, estaremos encantados de conocerte. Ya sea en sala, cocina o gesti\u00f3n, queremos sumar personas que marquen la diferencia.<\/p><p class=\"\" data-start=\"622\" data-end=\"770\"><a href=\"https:\/\/fusion19.com\/\">\u00bfTe gustar\u00eda formar parte de nuestro equipo?<\/a><\/p>\t\t\t\t\t\t\t\t<\/div>\n\t\t\t\t<\/div>\n\t\t\t\t\t<\/div>\n\t\t\t\t<\/div>\n\t\t\t\t<\/div>\n\t\t","protected":false},"excerpt":{"rendered":"<p>\u00daNETE A NUESTRO EQUIPO Te estamos esperando en Fusion19 Fusion19 es un restaurante ubicado en Playa de Muro, reconocido con una estrella Michelin por su cocina creativa, t\u00e9cnica impecable y respeto por el producto local. Formar parte de nuestro equipo significa incorporarse a la gesti\u00f3n de un restaurante Michelin en Mallorca, donde cada detalle cuenta. [&hellip;]<\/p>\n","protected":false},"author":2,"featured_media":0,"parent":0,"menu_order":0,"comment_status":"closed","ping_status":"closed","template":"","meta":{"inline_featured_image":false,"footnotes":""},"class_list":["post-6952","page","type-page","status-publish","hentry"],"yoast_head":"<!-- This site is optimized with the Yoast SEO plugin v27.4 - https:\/\/yoast.com\/product\/yoast-seo-wordpress\/ -->\n<title>Trabajar en Restaurante Estrella Michelin en Mallorca | Fusion19<\/title>\n<meta name=\"description\" content=\"\u00bfTe gustar\u00eda trabajar en un restaurante con Estrella Michelin? Forma parte del equipo Fusion19 y desarrolla tu carrera en alta gastronom\u00eda.\" \/>\n<meta name=\"robots\" content=\"index, follow, max-snippet:-1, max-image-preview:large, max-video-preview:-1\" \/>\n<link rel=\"canonical\" href=\"https:\/\/fusion19.com\/en\/working-with-us\/\" \/>\n<meta property=\"og:locale\" content=\"en_GB\" \/>\n<meta property=\"og:type\" content=\"article\" \/>\n<meta property=\"og:title\" content=\"Trabaja en un Restaurante Estrella Michelin en Mallorca | Fusion19\" \/>\n<meta property=\"og:description\" content=\"Forma parte del equipo de Fusion19 y desarrolla tu carrera en alta gastronom\u00eda. Buscamos talento apasionado por la excelencia y la cocina de autor.\" \/>\n<meta property=\"og:url\" content=\"https:\/\/fusion19.com\/en\/working-with-us\/\" \/>\n<meta property=\"og:site_name\" content=\"Restaurante Fusion19 | Estrella Michelin 2026\" \/>\n<meta property=\"article:publisher\" content=\"https:\/\/www.facebook.com\/Fusion19restaurant\/?locale=es_ES\" \/>\n<meta property=\"article:modified_time\" content=\"2026-02-16T09:22:52+00:00\" \/>\n<meta property=\"og:image\" content=\"https:\/\/fusion19.com\/wp-content\/uploads\/2025\/04\/Talento-web-5.webp\" \/>\n\t<meta property=\"og:image:width\" content=\"1440\" \/>\n\t<meta property=\"og:image:height\" content=\"900\" \/>\n\t<meta property=\"og:image:type\" content=\"image\/webp\" \/>\n<meta name=\"twitter:card\" content=\"summary_large_image\" \/>\n<meta name=\"twitter:label1\" content=\"Estimated reading time\" \/>\n\t<meta name=\"twitter:data1\" content=\"2 minutes\" \/>\n<script type=\"application\/ld+json\" class=\"yoast-schema-graph\">{\"@context\":\"https:\\\/\\\/schema.org\",\"@graph\":[{\"@type\":\"WebPage\",\"@id\":\"https:\\\/\\\/fusion19.com\\\/trabaja-con-nosotros\\\/\",\"url\":\"https:\\\/\\\/fusion19.com\\\/trabaja-con-nosotros\\\/\",\"name\":\"Trabajar en Restaurante Estrella Michelin en Mallorca | Fusion19\",\"isPartOf\":{\"@id\":\"https:\\\/\\\/fusion19.com\\\/#website\"},\"datePublished\":\"2025-04-15T11:46:14+00:00\",\"dateModified\":\"2026-02-16T09:22:52+00:00\",\"description\":\"\u00bfTe gustar\u00eda trabajar en un restaurante con Estrella Michelin? Forma parte del equipo Fusion19 y desarrolla tu carrera en alta gastronom\u00eda.\",\"breadcrumb\":{\"@id\":\"https:\\\/\\\/fusion19.com\\\/trabaja-con-nosotros\\\/#breadcrumb\"},\"inLanguage\":\"en-GB\",\"potentialAction\":[{\"@type\":\"ReadAction\",\"target\":[\"https:\\\/\\\/fusion19.com\\\/trabaja-con-nosotros\\\/\"]}]},{\"@type\":\"BreadcrumbList\",\"@id\":\"https:\\\/\\\/fusion19.com\\\/trabaja-con-nosotros\\\/#breadcrumb\",\"itemListElement\":[{\"@type\":\"ListItem\",\"position\":1,\"name\":\"Portada\",\"item\":\"https:\\\/\\\/fusion19.com\\\/\"},{\"@type\":\"ListItem\",\"position\":2,\"name\":\"Trabaja con nosotros\"}]},{\"@type\":\"WebSite\",\"@id\":\"https:\\\/\\\/fusion19.com\\\/#website\",\"url\":\"https:\\\/\\\/fusion19.com\\\/\",\"name\":\"Restaurante Fusi\u00f3n19 | Estrella Michel\u00edn 2024\",\"description\":\"\",\"publisher\":{\"@id\":\"https:\\\/\\\/fusion19.com\\\/#organization\"},\"potentialAction\":[{\"@type\":\"SearchAction\",\"target\":{\"@type\":\"EntryPoint\",\"urlTemplate\":\"https:\\\/\\\/fusion19.com\\\/?s={search_term_string}\"},\"query-input\":{\"@type\":\"PropertyValueSpecification\",\"valueRequired\":true,\"valueName\":\"search_term_string\"}}],\"inLanguage\":\"en-GB\"},{\"@type\":\"Organization\",\"@id\":\"https:\\\/\\\/fusion19.com\\\/#organization\",\"name\":\"Restaurante Fusi\u00f3n19 | Estrella Michel\u00edn 2024\",\"url\":\"https:\\\/\\\/fusion19.com\\\/\",\"logo\":{\"@type\":\"ImageObject\",\"inLanguage\":\"en-GB\",\"@id\":\"https:\\\/\\\/fusion19.com\\\/#\\\/schema\\\/logo\\\/image\\\/\",\"url\":\"https:\\\/\\\/fusion19.com\\\/wp-content\\\/uploads\\\/2023\\\/09\\\/favicon-fusion19.png\",\"contentUrl\":\"https:\\\/\\\/fusion19.com\\\/wp-content\\\/uploads\\\/2023\\\/09\\\/favicon-fusion19.png\",\"width\":900,\"height\":900,\"caption\":\"Restaurante Fusi\u00f3n19 | Estrella Michel\u00edn 2024\"},\"image\":{\"@id\":\"https:\\\/\\\/fusion19.com\\\/#\\\/schema\\\/logo\\\/image\\\/\"},\"sameAs\":[\"https:\\\/\\\/www.facebook.com\\\/Fusion19restaurant\\\/?locale=es_ES\",\"https:\\\/\\\/www.instagram.com\\\/fusion19restaurant\\\/\"]}]}<\/script>\n<!-- \/ Yoast SEO plugin. -->","yoast_head_json":{"title":"Trabajar en Restaurante Estrella Michelin en Mallorca | Fusion19","description":"\u00bfTe gustar\u00eda trabajar en un restaurante con Estrella Michelin? Forma parte del equipo Fusion19 y desarrolla tu carrera en alta gastronom\u00eda.","robots":{"index":"index","follow":"follow","max-snippet":"max-snippet:-1","max-image-preview":"max-image-preview:large","max-video-preview":"max-video-preview:-1"},"canonical":"https:\/\/fusion19.com\/en\/working-with-us\/","og_locale":"en_GB","og_type":"article","og_title":"Trabaja en un Restaurante Estrella Michelin en Mallorca | Fusion19","og_description":"Forma parte del equipo de Fusion19 y desarrolla tu carrera en alta gastronom\u00eda. Buscamos talento apasionado por la excelencia y la cocina de autor.","og_url":"https:\/\/fusion19.com\/en\/working-with-us\/","og_site_name":"Restaurante Fusion19 | Estrella Michelin 2026","article_publisher":"https:\/\/www.facebook.com\/Fusion19restaurant\/?locale=es_ES","article_modified_time":"2026-02-16T09:22:52+00:00","og_image":[{"width":1440,"height":900,"url":"https:\/\/fusion19.com\/wp-content\/uploads\/2025\/04\/Talento-web-5.webp","type":"image\/webp"}],"twitter_card":"summary_large_image","twitter_misc":{"Estimated reading time":"2 minutes"},"schema":{"@context":"https:\/\/schema.org","@graph":[{"@type":"WebPage","@id":"https:\/\/fusion19.com\/trabaja-con-nosotros\/","url":"https:\/\/fusion19.com\/trabaja-con-nosotros\/","name":"Trabajar en Restaurante Estrella Michelin en Mallorca | Fusion19","isPartOf":{"@id":"https:\/\/fusion19.com\/#website"},"datePublished":"2025-04-15T11:46:14+00:00","dateModified":"2026-02-16T09:22:52+00:00","description":"\u00bfTe gustar\u00eda trabajar en un restaurante con Estrella Michelin? Forma parte del equipo Fusion19 y desarrolla tu carrera en alta gastronom\u00eda.","breadcrumb":{"@id":"https:\/\/fusion19.com\/trabaja-con-nosotros\/#breadcrumb"},"inLanguage":"en-GB","potentialAction":[{"@type":"ReadAction","target":["https:\/\/fusion19.com\/trabaja-con-nosotros\/"]}]},{"@type":"BreadcrumbList","@id":"https:\/\/fusion19.com\/trabaja-con-nosotros\/#breadcrumb","itemListElement":[{"@type":"ListItem","position":1,"name":"Portada","item":"https:\/\/fusion19.com\/"},{"@type":"ListItem","position":2,"name":"Trabaja con nosotros"}]},{"@type":"WebSite","@id":"https:\/\/fusion19.com\/#website","url":"https:\/\/fusion19.com\/","name":"Fusion19 Restaurant | Michelin Star 2024","description":"","publisher":{"@id":"https:\/\/fusion19.com\/#organization"},"potentialAction":[{"@type":"SearchAction","target":{"@type":"EntryPoint","urlTemplate":"https:\/\/fusion19.com\/?s={search_term_string}"},"query-input":{"@type":"PropertyValueSpecification","valueRequired":true,"valueName":"search_term_string"}}],"inLanguage":"en-GB"},{"@type":"Organization","@id":"https:\/\/fusion19.com\/#organization","name":"Fusion19 Restaurant | Michelin Star 2024","url":"https:\/\/fusion19.com\/","logo":{"@type":"ImageObject","inLanguage":"en-GB","@id":"https:\/\/fusion19.com\/#\/schema\/logo\/image\/","url":"https:\/\/fusion19.com\/wp-content\/uploads\/2023\/09\/favicon-fusion19.png","contentUrl":"https:\/\/fusion19.com\/wp-content\/uploads\/2023\/09\/favicon-fusion19.png","width":900,"height":900,"caption":"Restaurante Fusi\u00f3n19 | Estrella Michel\u00edn 2024"},"image":{"@id":"https:\/\/fusion19.com\/#\/schema\/logo\/image\/"},"sameAs":["https:\/\/www.facebook.com\/Fusion19restaurant\/?locale=es_ES","https:\/\/www.instagram.com\/fusion19restaurant\/"]}]}},"_links":{"self":[{"href":"https:\/\/fusion19.com\/en\/wp-json\/wp\/v2\/pages\/6952","targetHints":{"allow":["GET"]}}],"collection":[{"href":"https:\/\/fusion19.com\/en\/wp-json\/wp\/v2\/pages"}],"about":[{"href":"https:\/\/fusion19.com\/en\/wp-json\/wp\/v2\/types\/page"}],"author":[{"embeddable":true,"href":"https:\/\/fusion19.com\/en\/wp-json\/wp\/v2\/users\/2"}],"replies":[{"embeddable":true,"href":"https:\/\/fusion19.com\/en\/wp-json\/wp\/v2\/comments?post=6952"}],"version-history":[{"count":176,"href":"https:\/\/fusion19.com\/en\/wp-json\/wp\/v2\/pages\/6952\/revisions"}],"predecessor-version":[{"id":11763,"href":"https:\/\/fusion19.com\/en\/wp-json\/wp\/v2\/pages\/6952\/revisions\/11763"}],"wp:attachment":[{"href":"https:\/\/fusion19.com\/en\/wp-json\/wp\/v2\/media?parent=6952"}],"curies":[{"name":"wp","href":"https:\/\/api.w.org\/{rel}","templated":true}]}}