{"id":7274,"date":"2025-04-21T09:59:46","date_gmt":"2025-04-21T08:59:46","guid":{"rendered":"https:\/\/fusion19.com\/_-politicas-de-cookies\/"},"modified":"2025-05-22T12:03:44","modified_gmt":"2025-05-22T11:03:44","slug":"terms-and-conditions","status":"publish","type":"page","link":"https:\/\/fusion19.com\/en\/terms-and-conditions\/","title":{"rendered":"Terms and Conditions"},"content":{"rendered":"<div data-elementor-type=\"wp-page\" data-elementor-id=\"7274\" class=\"elementor elementor-7274\" data-elementor-post-type=\"page\">\n\t\t\t\t<div class=\"elementor-element elementor-element-bf6167f e-con-full e-grid e-con e-parent\" data-id=\"bf6167f\" data-element_type=\"container\" data-e-type=\"container\" data-settings=\"{&quot;background_background&quot;:&quot;gradient&quot;}\">\n\t\t\t\t<div class=\"elementor-element elementor-element-c176487 elementor-widget elementor-widget-heading\" data-id=\"c176487\" data-element_type=\"widget\" data-e-type=\"widget\" data-widget_type=\"heading.default\">\n\t\t\t\t<div class=\"elementor-widget-container\">\n\t\t\t\t\t<h2 class=\"elementor-heading-title elementor-size-default\">TERMS AND CONDITIONS<\/h2>\t\t\t\t<\/div>\n\t\t\t\t<\/div>\n\t\t\t\t<div class=\"elementor-element elementor-element-2b93438 elementor-widget elementor-widget-text-editor\" data-id=\"2b93438\" data-element_type=\"widget\" data-e-type=\"widget\" data-widget_type=\"text-editor.default\">\n\t\t\t\t<div class=\"elementor-widget-container\">\n\t\t\t\t\t\t\t\t\t<h6><span style=\"text-decoration: underline;\">DENTIFICATION AND DEFINITIONS<\/span><\/h6><p>These general terms and conditions apply to all commercial transactions carried out through the website. <a href=\"https:\/\/fusion19.com\/en\">www.fusion19.com<\/a>The domain is owned by Gesti\u00f3n y AVIJO SL, with CIF B07611379 and address at Avda S'Albufera 23 Platja de Muro 07458, hereinafter THE OWNER.<\/p><p>These general terms and conditions (hereinafter the \"Contract\") govern the contract established between THE OWNER and the person or entity placing an order through the website. <a href=\"https:\/\/fusion19.com\/en\">www.fusion19.com<\/a> (hereinafter the \"Customer\"), on the terms set out in this Agreement.<\/p><p>The customer expressly, fully and unreservedly accepts each and every clause of this contract.<\/p><p>The customer understands that the information contained on the website, such as the general terms and conditions of contract and the conclusion of the contract, are sufficient and sufficient for the exclusion of error in the formation of consent.<\/p><p>The customer accepts the use of the data collected in our system through the registration form to guarantee the correct processing of the orders placed (address, telephone, email, etc.).<\/p><p>\u00a0<\/p><h6><span style=\"text-decoration: underline;\">ACTIVITY<\/span><\/h6><p><a href=\"http:\/\/fusion19.com\/en\/\">fusion19.com<\/a>is dedicated to the catering and distance selling of vouchers or food products.<\/p><p>\u00a0<\/p><h6><span style=\"text-decoration: underline;\">CONTENT AND INFORMATION PROVIDED ON THE WEBSITE<\/span><\/h6><p><a href=\"http:\/\/fusion19.com\/en\/\">fusion19.com<\/a> reserves the right to modify the commercial offer presented on its website (changes to its products, prices, promotions and other commercial and service conditions).<\/p><p>The price of our articles is the price indicated at all times on our website. If an error is detected in the introduction of the price, at all times beyond the control of zaranda.es, we will automatically proceed to correct it. In case of cancellation, the customer will be refunded any amount that had been paid. Without the express agreement of the customer to the correct conditions, we will not proceed to send the voucher.<\/p><p>The products or vouchers offered for sale are presented as accurately as possible.<\/p><p>\u00a0<\/p><h6><span style=\"text-decoration: underline;\">SALES SYSTEM<\/span><\/h6><p>To make a purchase, the customer must simply select one of our tasting menus, then click on the desired product, and once inside the product, a bar will appear at the bottom where you can choose the desired complements to add to the voucher, the amount to add to the cart and proceed to payment, each voucher or product includes VAT.<\/p><p>\u00a0<\/p><h6><span style=\"text-decoration: underline;\">METHOD OF PAYMENT<\/span><\/h6><p>The customer can pay securely by credit card on the Payment method page.<\/p><p>Payment through fusion19.com is completely secure through SSL encryption. For payment by credit card, the customer is redirected to the payment system, where he can enter his credit card details in a totally secure environment.<\/p><p>fusion19.com reserves the right to refuse to ship an order from a customer who has not paid in full or in part for a previous order or with whom there is an active payment dispute, as well as any order where there is an indication of payment fraud or where payment has not been made.<\/p><p>All our orders are subject to payment obligation.<\/p><p>\u00a0<\/p><h6><span style=\"text-decoration: underline;\">FUSION19.COM'S RETURN OR CANCELLATION POLICY<\/span><\/h6><p>Once the order has been placed, and as it is a monetary value, no refunds can be made, fusion19.com reserves the right to cancel an order in the event of harassment by the customer, whether by telephone, email or by insults in posts on other websites or on the platforms used by fusion19.com.<\/p>\t\t\t\t\t\t\t\t<\/div>\n\t\t\t\t<\/div>\n\t\t\t\t<div class=\"elementor-element elementor-element-b76b8d8 elementor-widget-divider--view-line elementor-widget elementor-widget-divider\" data-id=\"b76b8d8\" data-element_type=\"widget\" data-e-type=\"widget\" data-widget_type=\"divider.default\">\n\t\t\t\t<div class=\"elementor-widget-container\">\n\t\t\t\t\t\t\t<div class=\"elementor-divider\">\n\t\t\t<span class=\"elementor-divider-separator\">\n\t\t\t\t\t\t<\/span>\n\t\t<\/div>\n\t\t\t\t\t\t<\/div>\n\t\t\t\t<\/div>\n\t\t\t\t<\/div>\n\t\t\t\t<\/div>","protected":false},"excerpt":{"rendered":"<p>T\u00c9RMINOS Y CONDICIONES DENTIFICACI\u00d3N Y DEFINICIONES Las presentes condiciones generales de contrataci\u00f3n se aplican a todas las transacciones comerciales realizadas a trav\u00e9s de la p\u00e1gina web www.fusion19.com, dominio del que es titular Gesti\u00f3n y AVIJO SL, con CIF B07611379 y domicilio en Avda S\u2019Albufera 23 Platja de Muro 07458 en adelante EL TITULAR. Las presentes [&hellip;]<\/p>\n","protected":false},"author":2,"featured_media":0,"parent":0,"menu_order":0,"comment_status":"closed","ping_status":"closed","template":"elementor_header_footer","meta":{"inline_featured_image":false,"footnotes":""},"class_list":["post-7274","page","type-page","status-publish","hentry"],"yoast_head":"<!-- This site is optimized with the Yoast SEO plugin v27.4 - https:\/\/yoast.com\/product\/yoast-seo-wordpress\/ -->\n<title>T\u00e9rminos y Condiciones - Restaurante Fusion19 | Estrella Michelin 2026<\/title>\n<meta name=\"description\" content=\"Restaurante estrella michel\u00edn de la zona norte de Mallorca, Disfruta de una experiencia gastron\u00f3mica \u00fanica.\" \/>\n<meta name=\"robots\" content=\"noindex, follow\" \/>\n<meta property=\"og:locale\" content=\"en_GB\" \/>\n<meta property=\"og:type\" content=\"article\" \/>\n<meta property=\"og:title\" content=\"T\u00e9rminos y Condiciones - Restaurante Fusion19 | Estrella Michelin 2026\" \/>\n<meta property=\"og:description\" content=\"Restaurante estrella michel\u00edn de la zona norte de Mallorca, Disfruta de una experiencia gastron\u00f3mica \u00fanica.\" \/>\n<meta property=\"og:url\" content=\"https:\/\/fusion19.com\/en\/terms-and-conditions\/\" \/>\n<meta property=\"og:site_name\" content=\"Restaurante Fusion19 | Estrella Michelin 2026\" \/>\n<meta property=\"article:publisher\" content=\"https:\/\/www.facebook.com\/Fusion19restaurant\/?locale=es_ES\" \/>\n<meta property=\"article:modified_time\" content=\"2025-05-22T11:03:44+00:00\" \/>\n<meta property=\"og:image\" content=\"https:\/\/fusion19.com\/wp-content\/uploads\/2023\/09\/favicon-fusion19.png\" \/>\n\t<meta property=\"og:image:width\" content=\"900\" \/>\n\t<meta property=\"og:image:height\" content=\"900\" \/>\n\t<meta property=\"og:image:type\" content=\"image\/png\" \/>\n<meta name=\"twitter:card\" content=\"summary_large_image\" \/>\n<meta name=\"twitter:label1\" content=\"Estimated reading time\" \/>\n\t<meta name=\"twitter:data1\" content=\"3 minutes\" \/>\n<script type=\"application\/ld+json\" class=\"yoast-schema-graph\">{\"@context\":\"https:\\\/\\\/schema.org\",\"@graph\":[{\"@type\":\"WebPage\",\"@id\":\"https:\\\/\\\/fusion19.com\\\/terminos-y-condiciones\\\/\",\"url\":\"https:\\\/\\\/fusion19.com\\\/terminos-y-condiciones\\\/\",\"name\":\"T\u00e9rminos y Condiciones - Restaurante Fusion19 | Estrella Michelin 2026\",\"isPartOf\":{\"@id\":\"https:\\\/\\\/fusion19.com\\\/#website\"},\"datePublished\":\"2025-04-21T08:59:46+00:00\",\"dateModified\":\"2025-05-22T11:03:44+00:00\",\"description\":\"Restaurante estrella michel\u00edn de la zona norte de Mallorca, Disfruta de una experiencia gastron\u00f3mica \u00fanica.\",\"breadcrumb\":{\"@id\":\"https:\\\/\\\/fusion19.com\\\/terminos-y-condiciones\\\/#breadcrumb\"},\"inLanguage\":\"en-GB\",\"potentialAction\":[{\"@type\":\"ReadAction\",\"target\":[\"https:\\\/\\\/fusion19.com\\\/terminos-y-condiciones\\\/\"]}]},{\"@type\":\"BreadcrumbList\",\"@id\":\"https:\\\/\\\/fusion19.com\\\/terminos-y-condiciones\\\/#breadcrumb\",\"itemListElement\":[{\"@type\":\"ListItem\",\"position\":1,\"name\":\"Portada\",\"item\":\"https:\\\/\\\/fusion19.com\\\/\"},{\"@type\":\"ListItem\",\"position\":2,\"name\":\"T\u00e9rminos y Condiciones\"}]},{\"@type\":\"WebSite\",\"@id\":\"https:\\\/\\\/fusion19.com\\\/#website\",\"url\":\"https:\\\/\\\/fusion19.com\\\/\",\"name\":\"Restaurante Fusi\u00f3n19 | Estrella Michel\u00edn 2024\",\"description\":\"\",\"publisher\":{\"@id\":\"https:\\\/\\\/fusion19.com\\\/#organization\"},\"potentialAction\":[{\"@type\":\"SearchAction\",\"target\":{\"@type\":\"EntryPoint\",\"urlTemplate\":\"https:\\\/\\\/fusion19.com\\\/?s={search_term_string}\"},\"query-input\":{\"@type\":\"PropertyValueSpecification\",\"valueRequired\":true,\"valueName\":\"search_term_string\"}}],\"inLanguage\":\"en-GB\"},{\"@type\":\"Organization\",\"@id\":\"https:\\\/\\\/fusion19.com\\\/#organization\",\"name\":\"Restaurante Fusi\u00f3n19 | Estrella Michel\u00edn 2024\",\"url\":\"https:\\\/\\\/fusion19.com\\\/\",\"logo\":{\"@type\":\"ImageObject\",\"inLanguage\":\"en-GB\",\"@id\":\"https:\\\/\\\/fusion19.com\\\/#\\\/schema\\\/logo\\\/image\\\/\",\"url\":\"https:\\\/\\\/fusion19.com\\\/wp-content\\\/uploads\\\/2023\\\/09\\\/favicon-fusion19.png\",\"contentUrl\":\"https:\\\/\\\/fusion19.com\\\/wp-content\\\/uploads\\\/2023\\\/09\\\/favicon-fusion19.png\",\"width\":900,\"height\":900,\"caption\":\"Restaurante Fusi\u00f3n19 | Estrella Michel\u00edn 2024\"},\"image\":{\"@id\":\"https:\\\/\\\/fusion19.com\\\/#\\\/schema\\\/logo\\\/image\\\/\"},\"sameAs\":[\"https:\\\/\\\/www.facebook.com\\\/Fusion19restaurant\\\/?locale=es_ES\",\"https:\\\/\\\/www.instagram.com\\\/fusion19restaurant\\\/\"]}]}<\/script>\n<!-- \/ Yoast SEO plugin. -->","yoast_head_json":{"title":"Terms and Conditions - Fusion19 Restaurant - Michelin Star 2026","description":"Michelin star restaurant in the north of Mallorca. Enjoy a unique gastronomic experience.","robots":{"index":"noindex","follow":"follow"},"og_locale":"en_GB","og_type":"article","og_title":"T\u00e9rminos y Condiciones - Restaurante Fusion19 | Estrella Michelin 2026","og_description":"Restaurante estrella michel\u00edn de la zona norte de Mallorca, Disfruta de una experiencia gastron\u00f3mica \u00fanica.","og_url":"https:\/\/fusion19.com\/en\/terms-and-conditions\/","og_site_name":"Restaurante Fusion19 | Estrella Michelin 2026","article_publisher":"https:\/\/www.facebook.com\/Fusion19restaurant\/?locale=es_ES","article_modified_time":"2025-05-22T11:03:44+00:00","og_image":[{"width":900,"height":900,"url":"https:\/\/fusion19.com\/wp-content\/uploads\/2023\/09\/favicon-fusion19.png","type":"image\/png"}],"twitter_card":"summary_large_image","twitter_misc":{"Estimated reading time":"3 minutes"},"schema":{"@context":"https:\/\/schema.org","@graph":[{"@type":"WebPage","@id":"https:\/\/fusion19.com\/terminos-y-condiciones\/","url":"https:\/\/fusion19.com\/terminos-y-condiciones\/","name":"Terms and Conditions - Fusion19 Restaurant - Michelin Star 2026","isPartOf":{"@id":"https:\/\/fusion19.com\/#website"},"datePublished":"2025-04-21T08:59:46+00:00","dateModified":"2025-05-22T11:03:44+00:00","description":"Michelin star restaurant in the north of Mallorca. Enjoy a unique gastronomic experience.","breadcrumb":{"@id":"https:\/\/fusion19.com\/terminos-y-condiciones\/#breadcrumb"},"inLanguage":"en-GB","potentialAction":[{"@type":"ReadAction","target":["https:\/\/fusion19.com\/terminos-y-condiciones\/"]}]},{"@type":"BreadcrumbList","@id":"https:\/\/fusion19.com\/terminos-y-condiciones\/#breadcrumb","itemListElement":[{"@type":"ListItem","position":1,"name":"Portada","item":"https:\/\/fusion19.com\/"},{"@type":"ListItem","position":2,"name":"T\u00e9rminos y Condiciones"}]},{"@type":"WebSite","@id":"https:\/\/fusion19.com\/#website","url":"https:\/\/fusion19.com\/","name":"Fusion19 Restaurant | Michelin Star 2024","description":"","publisher":{"@id":"https:\/\/fusion19.com\/#organization"},"potentialAction":[{"@type":"SearchAction","target":{"@type":"EntryPoint","urlTemplate":"https:\/\/fusion19.com\/?s={search_term_string}"},"query-input":{"@type":"PropertyValueSpecification","valueRequired":true,"valueName":"search_term_string"}}],"inLanguage":"en-GB"},{"@type":"Organization","@id":"https:\/\/fusion19.com\/#organization","name":"Fusion19 Restaurant | Michelin Star 2024","url":"https:\/\/fusion19.com\/","logo":{"@type":"ImageObject","inLanguage":"en-GB","@id":"https:\/\/fusion19.com\/#\/schema\/logo\/image\/","url":"https:\/\/fusion19.com\/wp-content\/uploads\/2023\/09\/favicon-fusion19.png","contentUrl":"https:\/\/fusion19.com\/wp-content\/uploads\/2023\/09\/favicon-fusion19.png","width":900,"height":900,"caption":"Restaurante Fusi\u00f3n19 | Estrella Michel\u00edn 2024"},"image":{"@id":"https:\/\/fusion19.com\/#\/schema\/logo\/image\/"},"sameAs":["https:\/\/www.facebook.com\/Fusion19restaurant\/?locale=es_ES","https:\/\/www.instagram.com\/fusion19restaurant\/"]}]}},"_links":{"self":[{"href":"https:\/\/fusion19.com\/en\/wp-json\/wp\/v2\/pages\/7274","targetHints":{"allow":["GET"]}}],"collection":[{"href":"https:\/\/fusion19.com\/en\/wp-json\/wp\/v2\/pages"}],"about":[{"href":"https:\/\/fusion19.com\/en\/wp-json\/wp\/v2\/types\/page"}],"author":[{"embeddable":true,"href":"https:\/\/fusion19.com\/en\/wp-json\/wp\/v2\/users\/2"}],"replies":[{"embeddable":true,"href":"https:\/\/fusion19.com\/en\/wp-json\/wp\/v2\/comments?post=7274"}],"version-history":[{"count":4,"href":"https:\/\/fusion19.com\/en\/wp-json\/wp\/v2\/pages\/7274\/revisions"}],"predecessor-version":[{"id":7278,"href":"https:\/\/fusion19.com\/en\/wp-json\/wp\/v2\/pages\/7274\/revisions\/7278"}],"wp:attachment":[{"href":"https:\/\/fusion19.com\/en\/wp-json\/wp\/v2\/media?parent=7274"}],"curies":[{"name":"wp","href":"https:\/\/api.w.org\/{rel}","templated":true}]}}