{"id":6061,"date":"2025-01-16T15:27:57","date_gmt":"2025-01-16T14:27:57","guid":{"rendered":"https:\/\/fusion19.com\/?post_type=product&#038;p=6061"},"modified":"2026-03-30T12:31:32","modified_gmt":"2026-03-30T11:31:32","slug":"tasting-menu-fusion-essence19-food-and-wine-pairings","status":"publish","type":"product","link":"https:\/\/fusion19.com\/en\/product-2\/tasting-menu-fusion-essence19-food-and-wine-pairings\/","title":{"rendered":"Essence Fusion19 Gift Voucher + Wine Pairing"},"content":{"rendered":"<p><strong>PRODUCT - MEMORY - INFLUENCES<\/strong><\/p>\n<div class=\"av-subheading av-subheading_below av_custom_color\">\n<p>Un recorrido de 8 pasos que destila la pureza del sabor en una experiencia gastron\u00f3mica \u00fanica, acompa\u00f1ado por una cuidada selecci\u00f3n de vinos.<\/p>\n<p><em>*The previous selection of the menu will be applied to the whole table, with no possibility of combining different types of menu on the same table.<\/em><\/p>\n<\/div>","protected":false},"excerpt":{"rendered":"<p>Do you dare to discover <em>Essence<\/em> and its 10-step route?<\/p>","protected":false},"featured_media":8282,"template":"","meta":{"inline_featured_image":false},"product_brand":[],"product_cat":[36,23],"product_tag":[],"class_list":{"0":"post-6061","1":"product","2":"type-product","3":"status-publish","4":"has-post-thumbnail","6":"product_cat-es","7":"product_cat-menus","9":"first","10":"instock","11":"taxable","12":"shipping-taxable","13":"purchasable","14":"product-type-simple"},"yoast_head":"<!-- This site is optimized with the Yoast SEO plugin v27.3 - https:\/\/yoast.com\/product\/yoast-seo-wordpress\/ -->\n<title>Bono regalo Esencia Fusion19 + Maridaje - Restaurante Fusion19 | Estrella Michelin 2026<\/title>\n<meta name=\"description\" content=\"Restaurante estrella michel\u00edn de la zona norte de Mallorca, Disfruta de una experiencia gastron\u00f3mica \u00fanica.\" \/>\n<meta name=\"robots\" content=\"noindex, follow\" \/>\n<meta property=\"og:locale\" content=\"en_GB\" \/>\n<meta property=\"og:type\" content=\"article\" \/>\n<meta property=\"og:title\" content=\"Bono regalo Esencia Fusion19 + Maridaje - Restaurante Fusion19 | Estrella Michelin 2026\" \/>\n<meta property=\"og:description\" content=\"Restaurante estrella michel\u00edn de la zona norte de Mallorca, Disfruta de una experiencia gastron\u00f3mica \u00fanica.\" \/>\n<meta property=\"og:url\" content=\"https:\/\/fusion19.com\/en\/product-2\/tasting-menu-fusion-essence19-food-and-wine-pairings\/\" \/>\n<meta property=\"og:site_name\" content=\"Restaurante Fusion19 | Estrella Michelin 2026\" \/>\n<meta property=\"article:publisher\" content=\"https:\/\/www.facebook.com\/Fusion19restaurant\/?locale=es_ES\" \/>\n<meta property=\"article:modified_time\" content=\"2026-03-30T11:31:32+00:00\" \/>\n<meta property=\"og:image\" content=\"https:\/\/fusion19.com\/wp-content\/uploads\/2025\/01\/menu-degustacion-2-2-e1745834194469.webp\" \/>\n\t<meta property=\"og:image:width\" content=\"460\" \/>\n\t<meta property=\"og:image:height\" content=\"460\" \/>\n\t<meta property=\"og:image:type\" content=\"image\/webp\" \/>\n<meta name=\"twitter:card\" content=\"summary_large_image\" \/>\n<meta name=\"twitter:label1\" content=\"Estimated reading time\" \/>\n\t<meta name=\"twitter:data1\" content=\"1 minute\" \/>\n<script type=\"application\/ld+json\" class=\"yoast-schema-graph\">{\"@context\":\"https:\\\/\\\/schema.org\",\"@graph\":[{\"@type\":\"WebPage\",\"@id\":\"https:\\\/\\\/fusion19.com\\\/producto\\\/menu-degustacion-esencia-fusion19-maridaje\\\/\",\"url\":\"https:\\\/\\\/fusion19.com\\\/producto\\\/menu-degustacion-esencia-fusion19-maridaje\\\/\",\"name\":\"Bono regalo Esencia Fusion19 + Maridaje - Restaurante Fusion19 | Estrella Michelin 2026\",\"isPartOf\":{\"@id\":\"https:\\\/\\\/fusion19.com\\\/#website\"},\"primaryImageOfPage\":{\"@id\":\"https:\\\/\\\/fusion19.com\\\/producto\\\/menu-degustacion-esencia-fusion19-maridaje\\\/#primaryimage\"},\"image\":{\"@id\":\"https:\\\/\\\/fusion19.com\\\/producto\\\/menu-degustacion-esencia-fusion19-maridaje\\\/#primaryimage\"},\"thumbnailUrl\":\"https:\\\/\\\/fusion19.com\\\/wp-content\\\/uploads\\\/2025\\\/01\\\/menu-degustacion-2-2-e1745834194469.webp\",\"datePublished\":\"2025-01-16T14:27:57+00:00\",\"dateModified\":\"2026-03-30T11:31:32+00:00\",\"description\":\"Restaurante estrella michel\u00edn de la zona norte de Mallorca, Disfruta de una experiencia gastron\u00f3mica \u00fanica.\",\"breadcrumb\":{\"@id\":\"https:\\\/\\\/fusion19.com\\\/producto\\\/menu-degustacion-esencia-fusion19-maridaje\\\/#breadcrumb\"},\"inLanguage\":\"en-GB\",\"potentialAction\":[{\"@type\":\"ReadAction\",\"target\":[\"https:\\\/\\\/fusion19.com\\\/producto\\\/menu-degustacion-esencia-fusion19-maridaje\\\/\"]}]},{\"@type\":\"ImageObject\",\"inLanguage\":\"en-GB\",\"@id\":\"https:\\\/\\\/fusion19.com\\\/producto\\\/menu-degustacion-esencia-fusion19-maridaje\\\/#primaryimage\",\"url\":\"https:\\\/\\\/fusion19.com\\\/wp-content\\\/uploads\\\/2025\\\/01\\\/menu-degustacion-2-2-e1745834194469.webp\",\"contentUrl\":\"https:\\\/\\\/fusion19.com\\\/wp-content\\\/uploads\\\/2025\\\/01\\\/menu-degustacion-2-2-e1745834194469.webp\",\"width\":460,\"height\":460},{\"@type\":\"BreadcrumbList\",\"@id\":\"https:\\\/\\\/fusion19.com\\\/producto\\\/menu-degustacion-esencia-fusion19-maridaje\\\/#breadcrumb\",\"itemListElement\":[{\"@type\":\"ListItem\",\"position\":1,\"name\":\"Portada\",\"item\":\"https:\\\/\\\/fusion19.com\\\/\"},{\"@type\":\"ListItem\",\"position\":2,\"name\":\"Tienda\",\"item\":\"https:\\\/\\\/fusion19.com\\\/tienda\\\/\"},{\"@type\":\"ListItem\",\"position\":3,\"name\":\"Bono regalo Esencia Fusion19 + Maridaje\"}]},{\"@type\":\"WebSite\",\"@id\":\"https:\\\/\\\/fusion19.com\\\/#website\",\"url\":\"https:\\\/\\\/fusion19.com\\\/\",\"name\":\"Restaurante Fusi\u00f3n19 | Estrella Michel\u00edn 2024\",\"description\":\"\",\"publisher\":{\"@id\":\"https:\\\/\\\/fusion19.com\\\/#organization\"},\"potentialAction\":[{\"@type\":\"SearchAction\",\"target\":{\"@type\":\"EntryPoint\",\"urlTemplate\":\"https:\\\/\\\/fusion19.com\\\/?s={search_term_string}\"},\"query-input\":{\"@type\":\"PropertyValueSpecification\",\"valueRequired\":true,\"valueName\":\"search_term_string\"}}],\"inLanguage\":\"en-GB\"},{\"@type\":\"Organization\",\"@id\":\"https:\\\/\\\/fusion19.com\\\/#organization\",\"name\":\"Restaurante Fusi\u00f3n19 | Estrella Michel\u00edn 2024\",\"url\":\"https:\\\/\\\/fusion19.com\\\/\",\"logo\":{\"@type\":\"ImageObject\",\"inLanguage\":\"en-GB\",\"@id\":\"https:\\\/\\\/fusion19.com\\\/#\\\/schema\\\/logo\\\/image\\\/\",\"url\":\"https:\\\/\\\/fusion19.com\\\/wp-content\\\/uploads\\\/2023\\\/09\\\/favicon-fusion19.png\",\"contentUrl\":\"https:\\\/\\\/fusion19.com\\\/wp-content\\\/uploads\\\/2023\\\/09\\\/favicon-fusion19.png\",\"width\":900,\"height\":900,\"caption\":\"Restaurante Fusi\u00f3n19 | Estrella Michel\u00edn 2024\"},\"image\":{\"@id\":\"https:\\\/\\\/fusion19.com\\\/#\\\/schema\\\/logo\\\/image\\\/\"},\"sameAs\":[\"https:\\\/\\\/www.facebook.com\\\/Fusion19restaurant\\\/?locale=es_ES\",\"https:\\\/\\\/www.instagram.com\\\/fusion19restaurant\\\/\"]}]}<\/script>\n<!-- \/ Yoast SEO plugin. -->","yoast_head_json":{"title":"Gift Voucher Essence Fusion19 + Food &amp; Wine Pairing - Fusion19 Restaurant - Michelin Star 2026","description":"Michelin star restaurant in the north of Mallorca. Enjoy a unique gastronomic experience.","robots":{"index":"noindex","follow":"follow"},"og_locale":"en_GB","og_type":"article","og_title":"Bono regalo Esencia Fusion19 + Maridaje - Restaurante Fusion19 | Estrella Michelin 2026","og_description":"Restaurante estrella michel\u00edn de la zona norte de Mallorca, Disfruta de una experiencia gastron\u00f3mica \u00fanica.","og_url":"https:\/\/fusion19.com\/en\/product-2\/tasting-menu-fusion-essence19-food-and-wine-pairings\/","og_site_name":"Restaurante Fusion19 | Estrella Michelin 2026","article_publisher":"https:\/\/www.facebook.com\/Fusion19restaurant\/?locale=es_ES","article_modified_time":"2026-03-30T11:31:32+00:00","og_image":[{"width":460,"height":460,"url":"https:\/\/fusion19.com\/wp-content\/uploads\/2025\/01\/menu-degustacion-2-2-e1745834194469.webp","type":"image\/webp"}],"twitter_card":"summary_large_image","twitter_misc":{"Estimated reading time":"1 minute"},"schema":{"@context":"https:\/\/schema.org","@graph":[{"@type":"WebPage","@id":"https:\/\/fusion19.com\/producto\/menu-degustacion-esencia-fusion19-maridaje\/","url":"https:\/\/fusion19.com\/producto\/menu-degustacion-esencia-fusion19-maridaje\/","name":"Gift Voucher Essence Fusion19 + Food &amp; Wine Pairing - Fusion19 Restaurant - Michelin Star 2026","isPartOf":{"@id":"https:\/\/fusion19.com\/#website"},"primaryImageOfPage":{"@id":"https:\/\/fusion19.com\/producto\/menu-degustacion-esencia-fusion19-maridaje\/#primaryimage"},"image":{"@id":"https:\/\/fusion19.com\/producto\/menu-degustacion-esencia-fusion19-maridaje\/#primaryimage"},"thumbnailUrl":"https:\/\/fusion19.com\/wp-content\/uploads\/2025\/01\/menu-degustacion-2-2-e1745834194469.webp","datePublished":"2025-01-16T14:27:57+00:00","dateModified":"2026-03-30T11:31:32+00:00","description":"Michelin star restaurant in the north of Mallorca. Enjoy a unique gastronomic experience.","breadcrumb":{"@id":"https:\/\/fusion19.com\/producto\/menu-degustacion-esencia-fusion19-maridaje\/#breadcrumb"},"inLanguage":"en-GB","potentialAction":[{"@type":"ReadAction","target":["https:\/\/fusion19.com\/producto\/menu-degustacion-esencia-fusion19-maridaje\/"]}]},{"@type":"ImageObject","inLanguage":"en-GB","@id":"https:\/\/fusion19.com\/producto\/menu-degustacion-esencia-fusion19-maridaje\/#primaryimage","url":"https:\/\/fusion19.com\/wp-content\/uploads\/2025\/01\/menu-degustacion-2-2-e1745834194469.webp","contentUrl":"https:\/\/fusion19.com\/wp-content\/uploads\/2025\/01\/menu-degustacion-2-2-e1745834194469.webp","width":460,"height":460},{"@type":"BreadcrumbList","@id":"https:\/\/fusion19.com\/producto\/menu-degustacion-esencia-fusion19-maridaje\/#breadcrumb","itemListElement":[{"@type":"ListItem","position":1,"name":"Portada","item":"https:\/\/fusion19.com\/"},{"@type":"ListItem","position":2,"name":"Tienda","item":"https:\/\/fusion19.com\/tienda\/"},{"@type":"ListItem","position":3,"name":"Bono regalo Esencia Fusion19 + Maridaje"}]},{"@type":"WebSite","@id":"https:\/\/fusion19.com\/#website","url":"https:\/\/fusion19.com\/","name":"Fusion19 Restaurant | Michelin Star 2024","description":"","publisher":{"@id":"https:\/\/fusion19.com\/#organization"},"potentialAction":[{"@type":"SearchAction","target":{"@type":"EntryPoint","urlTemplate":"https:\/\/fusion19.com\/?s={search_term_string}"},"query-input":{"@type":"PropertyValueSpecification","valueRequired":true,"valueName":"search_term_string"}}],"inLanguage":"en-GB"},{"@type":"Organization","@id":"https:\/\/fusion19.com\/#organization","name":"Fusion19 Restaurant | Michelin Star 2024","url":"https:\/\/fusion19.com\/","logo":{"@type":"ImageObject","inLanguage":"en-GB","@id":"https:\/\/fusion19.com\/#\/schema\/logo\/image\/","url":"https:\/\/fusion19.com\/wp-content\/uploads\/2023\/09\/favicon-fusion19.png","contentUrl":"https:\/\/fusion19.com\/wp-content\/uploads\/2023\/09\/favicon-fusion19.png","width":900,"height":900,"caption":"Restaurante Fusi\u00f3n19 | Estrella Michel\u00edn 2024"},"image":{"@id":"https:\/\/fusion19.com\/#\/schema\/logo\/image\/"},"sameAs":["https:\/\/www.facebook.com\/Fusion19restaurant\/?locale=es_ES","https:\/\/www.instagram.com\/fusion19restaurant\/"]}]}},"_links":{"self":[{"href":"https:\/\/fusion19.com\/en\/wp-json\/wp\/v2\/product\/6061","targetHints":{"allow":["GET"]}}],"collection":[{"href":"https:\/\/fusion19.com\/en\/wp-json\/wp\/v2\/product"}],"about":[{"href":"https:\/\/fusion19.com\/en\/wp-json\/wp\/v2\/types\/product"}],"wp:featuredmedia":[{"embeddable":true,"href":"https:\/\/fusion19.com\/en\/wp-json\/wp\/v2\/media\/8282"}],"wp:attachment":[{"href":"https:\/\/fusion19.com\/en\/wp-json\/wp\/v2\/media?parent=6061"}],"wp:term":[{"taxonomy":"product_brand","embeddable":true,"href":"https:\/\/fusion19.com\/en\/wp-json\/wp\/v2\/product_brand?post=6061"},{"taxonomy":"product_cat","embeddable":true,"href":"https:\/\/fusion19.com\/en\/wp-json\/wp\/v2\/product_cat?post=6061"},{"taxonomy":"product_tag","embeddable":true,"href":"https:\/\/fusion19.com\/en\/wp-json\/wp\/v2\/product_tag?post=6061"}],"curies":[{"name":"wp","href":"https:\/\/api.w.org\/{rel}","templated":true}]}}