{"id":6063,"date":"2025-01-16T15:31:06","date_gmt":"2025-01-16T14:31:06","guid":{"rendered":"https:\/\/fusion19.com\/?post_type=product&#038;p=6063"},"modified":"2026-03-30T12:54:06","modified_gmt":"2026-03-30T11:54:06","slug":"fusion19-degustationsmenu-essence-weinbegleitung","status":"publish","type":"product","link":"https:\/\/fusion19.com\/en\/product-2\/fusion19-degustationsmenu-essence-weinbegleitung\/","title":{"rendered":"Fusion19 Degustationsmen\u00fc Essence + Weinbegleitung"},"content":{"rendered":"<p><strong>PRODUKT - ERINNERUNG - EINFL\u00dcSSE<\/strong><\/p>\n<div class=\"av-subheading av-subheading_below av_custom_color\">\n<p>Ein 8-g\u00e4ngiges Erlebnis, das die Reinheit des Geschmacks in einer einzigartigen gastronomischen Erfahrung destilliert \u2013 begleitet von einer sorgf\u00e4ltig ausgew\u00e4hlten Weinkollektion.<\/p>\n<p><em>*The current menu selection is for the whole table; a combination of different menus on one table is not possible.<\/em><\/p>\n<\/div>","protected":false},"excerpt":{"rendered":"<p>Traust du dich, <em data-start=\"64\" data-end=\"73\">Essence<\/em> und ihre 10 Etappen zu entdecken?<\/p>","protected":false},"featured_media":8282,"template":"","meta":{"inline_featured_image":false},"product_brand":[],"product_cat":[38,23],"product_tag":[],"class_list":{"0":"post-6063","1":"product","2":"type-product","3":"status-publish","4":"has-post-thumbnail","6":"product_cat-de","7":"product_cat-menus","9":"first","10":"instock","11":"taxable","12":"shipping-taxable","13":"purchasable","14":"product-type-simple"},"yoast_head":"<!-- This site is optimized with the Yoast SEO plugin v27.4 - https:\/\/yoast.com\/product\/yoast-seo-wordpress\/ -->\n<title>Fusion19 Degustationsmen\u00fc Esencia + Weinbegleitung - Restaurante Fusion19 | Estrella Michelin 2026<\/title>\n<meta name=\"description\" content=\"Restaurante estrella michel\u00edn de la zona norte de Mallorca, Disfruta de una experiencia gastron\u00f3mica \u00fanica.\" \/>\n<meta name=\"robots\" content=\"noindex, follow\" \/>\n<meta property=\"og:locale\" content=\"en_GB\" \/>\n<meta property=\"og:type\" content=\"article\" \/>\n<meta property=\"og:title\" content=\"Fusion19 Degustationsmen\u00fc Esencia + Weinbegleitung - Restaurante Fusion19 | Estrella Michelin 2026\" \/>\n<meta property=\"og:description\" content=\"Restaurante estrella michel\u00edn de la zona norte de Mallorca, Disfruta de una experiencia gastron\u00f3mica \u00fanica.\" \/>\n<meta property=\"og:url\" content=\"https:\/\/fusion19.com\/en\/product-2\/fusion19-degustationsmenu-essence-weinbegleitung\/\" \/>\n<meta property=\"og:site_name\" content=\"Restaurante Fusion19 | Estrella Michelin 2026\" \/>\n<meta property=\"article:publisher\" content=\"https:\/\/www.facebook.com\/Fusion19restaurant\/?locale=es_ES\" \/>\n<meta property=\"article:modified_time\" content=\"2026-03-30T11:54:06+00:00\" \/>\n<meta property=\"og:image\" content=\"https:\/\/fusion19.com\/wp-content\/uploads\/2025\/01\/menu-degustacion-2-2-e1745834194469.webp\" \/>\n\t<meta property=\"og:image:width\" content=\"460\" \/>\n\t<meta property=\"og:image:height\" content=\"460\" \/>\n\t<meta property=\"og:image:type\" content=\"image\/webp\" \/>\n<meta name=\"twitter:card\" content=\"summary_large_image\" \/>\n<meta name=\"twitter:label1\" content=\"Estimated reading time\" \/>\n\t<meta name=\"twitter:data1\" content=\"1 minute\" \/>\n<script type=\"application\/ld+json\" class=\"yoast-schema-graph\">{\"@context\":\"https:\\\/\\\/schema.org\",\"@graph\":[{\"@type\":\"WebPage\",\"@id\":\"https:\\\/\\\/fusion19.com\\\/producto\\\/fusion19-degustationsmenu-esencia-weinbegleitung\\\/\",\"url\":\"https:\\\/\\\/fusion19.com\\\/producto\\\/fusion19-degustationsmenu-esencia-weinbegleitung\\\/\",\"name\":\"Fusion19 Degustationsmen\u00fc Esencia + Weinbegleitung - Restaurante Fusion19 | Estrella Michelin 2026\",\"isPartOf\":{\"@id\":\"https:\\\/\\\/fusion19.com\\\/#website\"},\"primaryImageOfPage\":{\"@id\":\"https:\\\/\\\/fusion19.com\\\/producto\\\/fusion19-degustationsmenu-esencia-weinbegleitung\\\/#primaryimage\"},\"image\":{\"@id\":\"https:\\\/\\\/fusion19.com\\\/producto\\\/fusion19-degustationsmenu-esencia-weinbegleitung\\\/#primaryimage\"},\"thumbnailUrl\":\"https:\\\/\\\/fusion19.com\\\/wp-content\\\/uploads\\\/2025\\\/01\\\/menu-degustacion-2-2-e1745834194469.webp\",\"datePublished\":\"2025-01-16T14:31:06+00:00\",\"dateModified\":\"2026-03-30T11:54:06+00:00\",\"description\":\"Restaurante estrella michel\u00edn de la zona norte de Mallorca, Disfruta de una experiencia gastron\u00f3mica \u00fanica.\",\"breadcrumb\":{\"@id\":\"https:\\\/\\\/fusion19.com\\\/producto\\\/fusion19-degustationsmenu-esencia-weinbegleitung\\\/#breadcrumb\"},\"inLanguage\":\"en-GB\",\"potentialAction\":[{\"@type\":\"ReadAction\",\"target\":[\"https:\\\/\\\/fusion19.com\\\/producto\\\/fusion19-degustationsmenu-esencia-weinbegleitung\\\/\"]}]},{\"@type\":\"ImageObject\",\"inLanguage\":\"en-GB\",\"@id\":\"https:\\\/\\\/fusion19.com\\\/producto\\\/fusion19-degustationsmenu-esencia-weinbegleitung\\\/#primaryimage\",\"url\":\"https:\\\/\\\/fusion19.com\\\/wp-content\\\/uploads\\\/2025\\\/01\\\/menu-degustacion-2-2-e1745834194469.webp\",\"contentUrl\":\"https:\\\/\\\/fusion19.com\\\/wp-content\\\/uploads\\\/2025\\\/01\\\/menu-degustacion-2-2-e1745834194469.webp\",\"width\":460,\"height\":460},{\"@type\":\"BreadcrumbList\",\"@id\":\"https:\\\/\\\/fusion19.com\\\/producto\\\/fusion19-degustationsmenu-esencia-weinbegleitung\\\/#breadcrumb\",\"itemListElement\":[{\"@type\":\"ListItem\",\"position\":1,\"name\":\"Portada\",\"item\":\"https:\\\/\\\/fusion19.com\\\/\"},{\"@type\":\"ListItem\",\"position\":2,\"name\":\"Tienda\",\"item\":\"https:\\\/\\\/fusion19.com\\\/tienda\\\/\"},{\"@type\":\"ListItem\",\"position\":3,\"name\":\"Fusion19 Degustationsmen\u00fc Esencia + Weinbegleitung\"}]},{\"@type\":\"WebSite\",\"@id\":\"https:\\\/\\\/fusion19.com\\\/#website\",\"url\":\"https:\\\/\\\/fusion19.com\\\/\",\"name\":\"Restaurante Fusi\u00f3n19 | Estrella Michel\u00edn 2024\",\"description\":\"\",\"publisher\":{\"@id\":\"https:\\\/\\\/fusion19.com\\\/#organization\"},\"potentialAction\":[{\"@type\":\"SearchAction\",\"target\":{\"@type\":\"EntryPoint\",\"urlTemplate\":\"https:\\\/\\\/fusion19.com\\\/?s={search_term_string}\"},\"query-input\":{\"@type\":\"PropertyValueSpecification\",\"valueRequired\":true,\"valueName\":\"search_term_string\"}}],\"inLanguage\":\"en-GB\"},{\"@type\":\"Organization\",\"@id\":\"https:\\\/\\\/fusion19.com\\\/#organization\",\"name\":\"Restaurante Fusi\u00f3n19 | Estrella Michel\u00edn 2024\",\"url\":\"https:\\\/\\\/fusion19.com\\\/\",\"logo\":{\"@type\":\"ImageObject\",\"inLanguage\":\"en-GB\",\"@id\":\"https:\\\/\\\/fusion19.com\\\/#\\\/schema\\\/logo\\\/image\\\/\",\"url\":\"https:\\\/\\\/fusion19.com\\\/wp-content\\\/uploads\\\/2023\\\/09\\\/favicon-fusion19.png\",\"contentUrl\":\"https:\\\/\\\/fusion19.com\\\/wp-content\\\/uploads\\\/2023\\\/09\\\/favicon-fusion19.png\",\"width\":900,\"height\":900,\"caption\":\"Restaurante Fusi\u00f3n19 | Estrella Michel\u00edn 2024\"},\"image\":{\"@id\":\"https:\\\/\\\/fusion19.com\\\/#\\\/schema\\\/logo\\\/image\\\/\"},\"sameAs\":[\"https:\\\/\\\/www.facebook.com\\\/Fusion19restaurant\\\/?locale=es_ES\",\"https:\\\/\\\/www.instagram.com\\\/fusion19restaurant\\\/\"]}]}<\/script>\n<!-- \/ Yoast SEO plugin. -->","yoast_head_json":{"title":"Fusion19 Degustationsmen\u00fc Essence + Weinbegleitung - Restaurant Fusion19 - Michelin Star 2026","description":"Michelin star restaurant in the north of Mallorca. Enjoy a unique gastronomic experience.","robots":{"index":"noindex","follow":"follow"},"og_locale":"en_GB","og_type":"article","og_title":"Fusion19 Degustationsmen\u00fc Esencia + Weinbegleitung - Restaurante Fusion19 | Estrella Michelin 2026","og_description":"Restaurante estrella michel\u00edn de la zona norte de Mallorca, Disfruta de una experiencia gastron\u00f3mica \u00fanica.","og_url":"https:\/\/fusion19.com\/en\/product-2\/fusion19-degustationsmenu-essence-weinbegleitung\/","og_site_name":"Restaurante Fusion19 | Estrella Michelin 2026","article_publisher":"https:\/\/www.facebook.com\/Fusion19restaurant\/?locale=es_ES","article_modified_time":"2026-03-30T11:54:06+00:00","og_image":[{"width":460,"height":460,"url":"https:\/\/fusion19.com\/wp-content\/uploads\/2025\/01\/menu-degustacion-2-2-e1745834194469.webp","type":"image\/webp"}],"twitter_card":"summary_large_image","twitter_misc":{"Estimated reading time":"1 minute"},"schema":{"@context":"https:\/\/schema.org","@graph":[{"@type":"WebPage","@id":"https:\/\/fusion19.com\/producto\/fusion19-degustationsmenu-esencia-weinbegleitung\/","url":"https:\/\/fusion19.com\/producto\/fusion19-degustationsmenu-esencia-weinbegleitung\/","name":"Fusion19 Degustationsmen\u00fc Essence + Weinbegleitung - Restaurant Fusion19 - Michelin Star 2026","isPartOf":{"@id":"https:\/\/fusion19.com\/#website"},"primaryImageOfPage":{"@id":"https:\/\/fusion19.com\/producto\/fusion19-degustationsmenu-esencia-weinbegleitung\/#primaryimage"},"image":{"@id":"https:\/\/fusion19.com\/producto\/fusion19-degustationsmenu-esencia-weinbegleitung\/#primaryimage"},"thumbnailUrl":"https:\/\/fusion19.com\/wp-content\/uploads\/2025\/01\/menu-degustacion-2-2-e1745834194469.webp","datePublished":"2025-01-16T14:31:06+00:00","dateModified":"2026-03-30T11:54:06+00:00","description":"Michelin star restaurant in the north of Mallorca. Enjoy a unique gastronomic experience.","breadcrumb":{"@id":"https:\/\/fusion19.com\/producto\/fusion19-degustationsmenu-esencia-weinbegleitung\/#breadcrumb"},"inLanguage":"en-GB","potentialAction":[{"@type":"ReadAction","target":["https:\/\/fusion19.com\/producto\/fusion19-degustationsmenu-esencia-weinbegleitung\/"]}]},{"@type":"ImageObject","inLanguage":"en-GB","@id":"https:\/\/fusion19.com\/producto\/fusion19-degustationsmenu-esencia-weinbegleitung\/#primaryimage","url":"https:\/\/fusion19.com\/wp-content\/uploads\/2025\/01\/menu-degustacion-2-2-e1745834194469.webp","contentUrl":"https:\/\/fusion19.com\/wp-content\/uploads\/2025\/01\/menu-degustacion-2-2-e1745834194469.webp","width":460,"height":460},{"@type":"BreadcrumbList","@id":"https:\/\/fusion19.com\/producto\/fusion19-degustationsmenu-esencia-weinbegleitung\/#breadcrumb","itemListElement":[{"@type":"ListItem","position":1,"name":"Portada","item":"https:\/\/fusion19.com\/"},{"@type":"ListItem","position":2,"name":"Tienda","item":"https:\/\/fusion19.com\/tienda\/"},{"@type":"ListItem","position":3,"name":"Fusion19 Degustationsmen\u00fc Esencia + Weinbegleitung"}]},{"@type":"WebSite","@id":"https:\/\/fusion19.com\/#website","url":"https:\/\/fusion19.com\/","name":"Fusion19 Restaurant | Michelin Star 2024","description":"","publisher":{"@id":"https:\/\/fusion19.com\/#organization"},"potentialAction":[{"@type":"SearchAction","target":{"@type":"EntryPoint","urlTemplate":"https:\/\/fusion19.com\/?s={search_term_string}"},"query-input":{"@type":"PropertyValueSpecification","valueRequired":true,"valueName":"search_term_string"}}],"inLanguage":"en-GB"},{"@type":"Organization","@id":"https:\/\/fusion19.com\/#organization","name":"Fusion19 Restaurant | Michelin Star 2024","url":"https:\/\/fusion19.com\/","logo":{"@type":"ImageObject","inLanguage":"en-GB","@id":"https:\/\/fusion19.com\/#\/schema\/logo\/image\/","url":"https:\/\/fusion19.com\/wp-content\/uploads\/2023\/09\/favicon-fusion19.png","contentUrl":"https:\/\/fusion19.com\/wp-content\/uploads\/2023\/09\/favicon-fusion19.png","width":900,"height":900,"caption":"Restaurante Fusi\u00f3n19 | Estrella Michel\u00edn 2024"},"image":{"@id":"https:\/\/fusion19.com\/#\/schema\/logo\/image\/"},"sameAs":["https:\/\/www.facebook.com\/Fusion19restaurant\/?locale=es_ES","https:\/\/www.instagram.com\/fusion19restaurant\/"]}]}},"_links":{"self":[{"href":"https:\/\/fusion19.com\/en\/wp-json\/wp\/v2\/product\/6063","targetHints":{"allow":["GET"]}}],"collection":[{"href":"https:\/\/fusion19.com\/en\/wp-json\/wp\/v2\/product"}],"about":[{"href":"https:\/\/fusion19.com\/en\/wp-json\/wp\/v2\/types\/product"}],"wp:featuredmedia":[{"embeddable":true,"href":"https:\/\/fusion19.com\/en\/wp-json\/wp\/v2\/media\/8282"}],"wp:attachment":[{"href":"https:\/\/fusion19.com\/en\/wp-json\/wp\/v2\/media?parent=6063"}],"wp:term":[{"taxonomy":"product_brand","embeddable":true,"href":"https:\/\/fusion19.com\/en\/wp-json\/wp\/v2\/product_brand?post=6063"},{"taxonomy":"product_cat","embeddable":true,"href":"https:\/\/fusion19.com\/en\/wp-json\/wp\/v2\/product_cat?post=6063"},{"taxonomy":"product_tag","embeddable":true,"href":"https:\/\/fusion19.com\/en\/wp-json\/wp\/v2\/product_tag?post=6063"}],"curies":[{"name":"wp","href":"https:\/\/api.w.org\/{rel}","templated":true}]}}